{"id":43215,"date":"2024-06-02T02:17:35","date_gmt":"2024-06-01T23:17:35","guid":{"rendered":"https:\/\/araratfinland.com\/product\/old-jamaica-ginger-beer-500ml\/"},"modified":"2025-11-17T08:50:25","modified_gmt":"2025-11-17T06:50:25","slug":"old-jamaica-ginger-beer-500ml","status":"publish","type":"product","link":"https:\/\/araratfinland.com\/en\/product\/old-jamaica-ginger-beer-500ml\/","title":{"rendered":"Old jamaica ginger beer 500ml"},"content":{"rendered":"<p><span style=\"font-size: 18px;color: #000000\"><span style=\"font-size: 18px\"><strong>Ainesosat:<\/strong> Kivenn\u00e4isvesi, sokeri, v\u00e4ri: sitruunahappo,<br \/>stabilointiaine: arabikumi, quillaextrakt, s\u00e4il\u00f6nt\u00e4aine:<br \/>natriumbentsonaatti, aromi (mukaan lukien inkiv\u00e4\u00e4rijuuren ote).<\/p>\n<p><strong>S\u00e4ilytys:<\/strong> Kuivassa ja viile\u00e4ss\u00e4 paikassa, poissa auringonvalolta.<br \/>Avamisen j\u00e4\u00e4lkeen s\u00e4ilyt\u00e4 j\u00e4\u00e4kapissa.<\/p>\n<p><\/span><\/span> <\/p>\n<table style=\"font-size: 12px;width: 393px\">\n<tbody>\n<tr style=\"height: 22px\">\n<td style=\"width: 377px;height: 22px\" colspan=\"2\"><span style=\"font-size: 18px;color: #000000\"><strong>Ravintosis\u00e4lt\u00f6 per 100g<\/strong><\/span><\/td>\n<\/tr>\n<\/tbody>\n<tbody>\n<tr style=\"height: 22px\">\n<td style=\"width: 206px;height: 22px\"><span style=\"font-size: 18px;color: #000000\">Energia<\/span><\/td>\n<td style=\"width: 171px;height: 22px\"><span style=\"font-size: 18px;color: #000000\">260 kJ \/ 61 kcal<\/span><\/td>\n<\/tr>\n<tr style=\"height: 22px\">\n<td style=\"width: 206px;height: 22px\"><span style=\"font-size: 18px;color: #000000\">Rasva<\/span><\/td>\n<td style=\"width: 171px;height: 22px\"><span style=\"font-size: 18px;color: #000000\"><\/p>\n","protected":false},"excerpt":{"rendered":"<p>Ainesosat: Kivenn\u00e4isvesi, sokeri, v\u00e4ri: sitruunahappo,stabilointiaine: arabikumi, quillaextrakt, s\u00e4il\u00f6nt\u00e4aine:natriumbentsonaatti, aromi (mukaan lukien inkiv\u00e4\u00e4rijuuren ote). S\u00e4ilytys: Kuivassa ja viile\u00e4ss\u00e4 paikassa, poissa auringonvalolta.Avamisen<\/p>\n","protected":false},"featured_media":100570,"template":"","meta":{"om_disable_all_campaigns":false,"_monsterinsights_skip_tracking":false,"_monsterinsights_sitenote_active":false,"_monsterinsights_sitenote_note":"","_monsterinsights_sitenote_category":0},"location":[1422],"product_brand":[1423],"product_cat":[1480],"product_tag":[],"class_list":{"0":"post-43215","1":"product","2":"type-product","3":"status-publish","4":"has-post-thumbnail","6":"location-v","7":"product_brand-ararat-ari-food","8":"product_cat-mehut-nesteet-en","9":"stock_type-pll-en","11":"first","12":"instock","13":"taxable","14":"shipping-taxable","15":"purchasable","16":"product-type-simple"},"aioseo_notices":[],"locations":[{"id":1422,"name":"v","slug":"v","quantity":"216"}],"_links":{"self":[{"href":"https:\/\/araratfinland.com\/en\/wp-json\/wp\/v2\/product\/43215","targetHints":{"allow":["GET"]}}],"collection":[{"href":"https:\/\/araratfinland.com\/en\/wp-json\/wp\/v2\/product"}],"about":[{"href":"https:\/\/araratfinland.com\/en\/wp-json\/wp\/v2\/types\/product"}],"version-history":[{"count":1,"href":"https:\/\/araratfinland.com\/en\/wp-json\/wp\/v2\/product\/43215\/revisions"}],"predecessor-version":[{"id":48961,"href":"https:\/\/araratfinland.com\/en\/wp-json\/wp\/v2\/product\/43215\/revisions\/48961"}],"wp:featuredmedia":[{"embeddable":true,"href":"https:\/\/araratfinland.com\/en\/wp-json\/wp\/v2\/media\/100570"}],"wp:attachment":[{"href":"https:\/\/araratfinland.com\/en\/wp-json\/wp\/v2\/media?parent=43215"}],"wp:term":[{"taxonomy":"location","embeddable":true,"href":"https:\/\/araratfinland.com\/en\/wp-json\/wp\/v2\/location?post=43215"},{"taxonomy":"product_brand","embeddable":true,"href":"https:\/\/araratfinland.com\/en\/wp-json\/wp\/v2\/product_brand?post=43215"},{"taxonomy":"product_cat","embeddable":true,"href":"https:\/\/araratfinland.com\/en\/wp-json\/wp\/v2\/product_cat?post=43215"},{"taxonomy":"product_tag","embeddable":true,"href":"https:\/\/araratfinland.com\/en\/wp-json\/wp\/v2\/product_tag?post=43215"}],"curies":[{"name":"wp","href":"https:\/\/api.w.org\/{rel}","templated":true}]}}