{"id":43203,"date":"2024-06-02T02:17:33","date_gmt":"2024-06-01T23:17:33","guid":{"rendered":"https:\/\/araratfinland.com\/product\/sunqueen-tropical-700-ml-2\/"},"modified":"2025-10-17T11:13:03","modified_gmt":"2025-10-17T08:13:03","slug":"sunqueen-tropical-700-ml-2","status":"publish","type":"product","link":"https:\/\/araratfinland.com\/en\/product\/sunqueen-tropical-700-ml-2\/","title":{"rendered":"Sunqueen Tropical 700 ml"},"content":{"rendered":"<div><span style=\"font-size: 18px;color: #000000\"><strong>Ainesosat:<\/strong>\u00a0Sokeri, hedelm\u00e4mehu<\/span><\/div>\n<div><span style=\"color: #000000\"><span style=\"font-size: 18px\">(ananas, appelsiini, passionhedelm\u00e4, <br \/>mango, banaani,\u00a0<\/span><span style=\"font-size: 18px\">aprikoosi) <strong>maidon<\/strong> <br \/><strong>ainesosat<\/strong>, sitruunahappo, stabilointiaine<br \/><\/span><span style=\"font-size: 18px\">(pektiini, selluloosakumi, guarkumi),<br \/>C-vitamiini, antioksidanttina\u00a0<\/span><span style=\"font-size: 18px\">sulfiitti,v\u00e4riaine<br \/>(beetakarotiini, beeta-apo-8-karotenaali).\u00a0<\/span><span style=\"font-size: 18px\"><\/p>\n<p><strong>S\u00e4ilytys:<\/strong> Huoneenl\u00e4mp\u00f6.<br \/>Avattuna k\u00e4ytett\u00e4v\u00e4 8 viikon sis\u00e4ll\u00e4.<br \/><\/span><\/span> <\/p>\n<table style=\"width: 387px\">\n<tbody>\n<tr>\n<td style=\"width: 20px\" colspan=\"2\"> <\/p>\n<table style=\"width: 395.344px\">\n<tbody>\n<tr style=\"height: 22px\">\n<td style=\"width: 379.344px;height: 22px\" colspan=\"2\"><span style=\"font-size: 18px;color: #000000\"><strong>Ravintosis\u00e4lt\u00f6 per 100g<\/strong><\/span><\/td>\n<\/tr>\n<\/tbody>\n<tbody>\n<tr style=\"height: 22px\">\n<td style=\"width: 217px;height: 22px\"><span style=\"font-size: 18px;color: #000000\">Energia<\/span><\/td>\n<td style=\"width: 162.344px;height: 22px\"><span style=\"font-size: 18px;color: #000000\">136Kj \/ 33kcal<\/span><\/td>\n<\/tr>\n<tr style=\"height: 22px\">\n<td style=\"width: 217px;height: 22px\"><span style=\"font-size: 18px;color: #000000\">Rasva<\/span><\/td>\n<td style=\"width: 162.344px;height: 22px\"><span style=\"font-size: 18px;color: #000000\">0 g<\/span><\/td>\n<\/tr>\n<tr style=\"height: 20px\">\n<td style=\"width: 217px;height: 20px\"><span style=\"font-size: 18px;color: #000000\">josta tyydyttyneitt\u00e4<\/span><\/td>\n<td style=\"width: 162.344px;height: 20px\"><span style=\"font-size: 18px;color: #000000\">0 g<\/span><\/td>\n<\/tr>\n<tr style=\"height: 22px\">\n<td style=\"width: 217px;height: 22px\"><span style=\"font-size: 18px;color: #000000\">Hiilihydraatit<\/span><\/td>\n<td style=\"width: 162.344px;height: 22px\"><span style=\"font-size: 18px;color: #000000\">7,6 g<\/span><\/td>\n<\/tr>\n<tr style=\"height: 22px\">\n<td style=\"width: 217px;height: 22px\"><span style=\"font-size: 18px;color: #000000\">josta sokereita<\/span><\/td>\n<td style=\"width: 162.344px;height: 22px\"><span style=\"font-size: 18px;color: #000000\">7,5 g<\/span><\/td>\n<\/tr>\n<tr style=\"height: 22px\">\n<td style=\"width: 217px;height: 22px\"><span style=\"font-size: 18px;color: #000000\">Proteiini<\/span><\/td>\n<td style=\"width: 162.344px;height: 22px\"><span style=\"font-size: 18px;color: #000000\">0 g<\/span><\/td>\n<\/tr>\n<tr style=\"height: 22px\">\n<td style=\"width: 217px;height: 22px\"><span style=\"font-size: 18px;color: #000000\"><span style=\"font-size: 18px\">Suola<\/span><br \/><span style=\"font-size: 18px\">C-vitamiini<\/span><br \/><\/span><\/td>\n<td style=\"width: 162.344px;height: 22px\"><span style=\"font-size: 18px;color: #000000\"><span style=\"font-size: 18px\">0,02 g<\/span><br \/><span style=\"font-size: 18px\">6,0 mg<\/span><br \/><\/span><\/td>\n<\/tr>\n<\/tbody>\n<\/table>\n<\/td>\n<\/tr>\n<\/tbody>\n<\/table><\/div>\n","protected":false},"excerpt":{"rendered":"<p>Ainesosat:\u00a0Sokeri, hedelm\u00e4mehu (ananas, appelsiini, passionhedelm\u00e4, mango, banaani,\u00a0aprikoosi) maidon ainesosat, sitruunahappo, stabilointiaine(pektiini, selluloosakumi, guarkumi),C-vitamiini, antioksidanttina\u00a0sulfiitti,v\u00e4riaine(beetakarotiini, beeta-apo-8-karotenaali).\u00a0 S\u00e4ilytys: Huoneenl\u00e4mp\u00f6.Avattuna k\u00e4ytett\u00e4v\u00e4 8 viikon<\/p>\n","protected":false},"featured_media":97160,"template":"","meta":{"om_disable_all_campaigns":false,"_monsterinsights_skip_tracking":false,"_monsterinsights_sitenote_active":false,"_monsterinsights_sitenote_note":"","_monsterinsights_sitenote_category":0},"location":[1422],"product_brand":[1423],"product_cat":[1480],"product_tag":[],"class_list":{"0":"post-43203","1":"product","2":"type-product","3":"status-publish","4":"has-post-thumbnail","6":"location-v","7":"product_brand-ararat-ari-food","8":"product_cat-mehut-nesteet-en","9":"stock_type-lasi-en","11":"first","12":"instock","13":"taxable","14":"shipping-taxable","15":"purchasable","16":"product-type-simple"},"aioseo_notices":[],"locations":[{"id":1422,"name":"v","slug":"v","quantity":"50"}],"_links":{"self":[{"href":"https:\/\/araratfinland.com\/en\/wp-json\/wp\/v2\/product\/43203","targetHints":{"allow":["GET"]}}],"collection":[{"href":"https:\/\/araratfinland.com\/en\/wp-json\/wp\/v2\/product"}],"about":[{"href":"https:\/\/araratfinland.com\/en\/wp-json\/wp\/v2\/types\/product"}],"version-history":[{"count":1,"href":"https:\/\/araratfinland.com\/en\/wp-json\/wp\/v2\/product\/43203\/revisions"}],"predecessor-version":[{"id":48814,"href":"https:\/\/araratfinland.com\/en\/wp-json\/wp\/v2\/product\/43203\/revisions\/48814"}],"wp:featuredmedia":[{"embeddable":true,"href":"https:\/\/araratfinland.com\/en\/wp-json\/wp\/v2\/media\/97160"}],"wp:attachment":[{"href":"https:\/\/araratfinland.com\/en\/wp-json\/wp\/v2\/media?parent=43203"}],"wp:term":[{"taxonomy":"location","embeddable":true,"href":"https:\/\/araratfinland.com\/en\/wp-json\/wp\/v2\/location?post=43203"},{"taxonomy":"product_brand","embeddable":true,"href":"https:\/\/araratfinland.com\/en\/wp-json\/wp\/v2\/product_brand?post=43203"},{"taxonomy":"product_cat","embeddable":true,"href":"https:\/\/araratfinland.com\/en\/wp-json\/wp\/v2\/product_cat?post=43203"},{"taxonomy":"product_tag","embeddable":true,"href":"https:\/\/araratfinland.com\/en\/wp-json\/wp\/v2\/product_tag?post=43203"}],"curies":[{"name":"wp","href":"https:\/\/api.w.org\/{rel}","templated":true}]}}