{"id":43198,"date":"2024-06-02T02:17:33","date_gmt":"2024-06-01T23:17:33","guid":{"rendered":"https:\/\/araratfinland.com\/product\/naz-pickled-white-garlic-580g\/"},"modified":"2025-11-08T08:56:23","modified_gmt":"2025-11-08T06:56:23","slug":"naz-pickled-white-garlic-580g","status":"publish","type":"product","link":"https:\/\/araratfinland.com\/en\/product\/naz-pickled-white-garlic-580g\/","title":{"rendered":"Naz Pickled White Garlic 580g"},"content":{"rendered":"<h4><span style=\"font-size: 18px;color: #000000\"><strong>Valkosipuli.<\/strong><\/span><\/h4>\n<h4><span style=\"font-size: 18px;color: #000000\"><strong>Ainesosat:<\/strong> Valkosipuli, vesi, suola, etikka.<\/p>\n<p><\/span><\/h4>\n<p> <strong><span class=\"Y2IQFc\" lang=\"fi\" style=\"font-size: 18px\">past\u00f6roitu<\/span><\/strong> <\/p>\n<h4><span style=\"font-size: 18px;color: #000000\"><strong>S\u00e4ilytys: V<\/strong>iile\u00e4ss\u00e4 ja kuivassa, j\u00e4\u00e4kaapissa<br \/>avaamisen j\u00e4lkeen.<\/span><\/h4>\n<table style=\"width: 347.25px\">\n<tbody>\n<tr>\n<td style=\"width: 337.25px\" colspan=\"2\"><span style=\"font-size: 18px;color: #000000\"><strong>Ravintosis\u00e4lt\u00f6 per 100g<\/strong><\/span><\/td>\n<\/tr>\n<\/tbody>\n<tbody>\n<tr>\n<td style=\"width: 199px\"><span style=\"font-size: 18px;color: #000000\">Energia<\/span><\/td>\n<td style=\"width: 138.25px\"><span style=\"font-size: 18px;color: #000000\">13,35 kcal<\/span><\/td>\n<\/tr>\n<tr>\n<td style=\"width: 199px\"><span style=\"font-size: 18px;color: #000000\">Rasva<\/span><\/td>\n<td style=\"width: 138.25px\"><span style=\"font-size: 18px;color: #000000\">0,0 g<\/span><\/td>\n<\/tr>\n<tr>\n<td style=\"width: 199px\"><span style=\"font-size: 18px;color: #000000\">josta tyydyttyneitt\u00e4<\/span><\/td>\n<td style=\"width: 138.25px\"><span style=\"font-size: 18px;color: #000000\">0,0 g<\/span><\/td>\n<\/tr>\n<tr>\n<td style=\"width: 199px\"><span style=\"font-size: 18px;color: #000000\">Hiilihydraatit<\/span><\/td>\n<td style=\"width: 138.25px\"><span style=\"font-size: 18px;color: #000000\">2,55 g<\/span><\/td>\n<\/tr>\n<tr>\n<td style=\"width: 199px\"><span style=\"font-size: 18px;color: #000000\">Natrium<\/span><\/td>\n<td style=\"width: 138.25px\"><span style=\"font-size: 18px;color: #000000\">0,78 g<\/span><\/td>\n<\/tr>\n<tr>\n<td style=\"width: 199px\"><span style=\"font-size: 18px;color: #000000\">Proteiini<\/span><\/td>\n<td style=\"width: 138.25px\"><span style=\"font-size: 18px;color: #000000\">0,78 g<\/span><\/td>\n<\/tr>\n<tr>\n<td style=\"width: 199px\"><span style=\"font-size: 18px;color: #000000\">Sokeri<\/span><\/td>\n<td style=\"width: 138.25px\"><span style=\"font-size: 18px;color: #000000\">1,29 g<\/span><\/td>\n<\/tr>\n<\/tbody>\n<\/table>\n","protected":false},"excerpt":{"rendered":"<p>Valkosipuli. Ainesosat: Valkosipuli, vesi, suola, etikka. past\u00f6roitu S\u00e4ilytys: Viile\u00e4ss\u00e4 ja kuivassa, j\u00e4\u00e4kaapissaavaamisen j\u00e4lkeen. Ravintosis\u00e4lt\u00f6 per 100g Energia 13,35 kcal Rasva<\/p>\n","protected":false},"featured_media":99654,"template":"","meta":{"om_disable_all_campaigns":false,"_monsterinsights_skip_tracking":false,"_monsterinsights_sitenote_active":false,"_monsterinsights_sitenote_note":"","_monsterinsights_sitenote_category":0},"location":[1422],"product_brand":[1423],"product_cat":[1360],"product_tag":[],"class_list":{"0":"post-43198","1":"product","2":"type-product","3":"status-publish","4":"has-post-thumbnail","6":"location-v","7":"product_brand-ararat-ari-food","8":"product_cat-silykeetvihannekset-fi","9":"stock_type-prk-en","11":"first","12":"instock","13":"taxable","14":"shipping-taxable","15":"purchasable","16":"product-type-simple"},"aioseo_notices":[],"locations":[{"id":1422,"name":"v","slug":"v","quantity":"0"}],"_links":{"self":[{"href":"https:\/\/araratfinland.com\/en\/wp-json\/wp\/v2\/product\/43198","targetHints":{"allow":["GET"]}}],"collection":[{"href":"https:\/\/araratfinland.com\/en\/wp-json\/wp\/v2\/product"}],"about":[{"href":"https:\/\/araratfinland.com\/en\/wp-json\/wp\/v2\/types\/product"}],"version-history":[{"count":1,"href":"https:\/\/araratfinland.com\/en\/wp-json\/wp\/v2\/product\/43198\/revisions"}],"predecessor-version":[{"id":47789,"href":"https:\/\/araratfinland.com\/en\/wp-json\/wp\/v2\/product\/43198\/revisions\/47789"}],"wp:featuredmedia":[{"embeddable":true,"href":"https:\/\/araratfinland.com\/en\/wp-json\/wp\/v2\/media\/99654"}],"wp:attachment":[{"href":"https:\/\/araratfinland.com\/en\/wp-json\/wp\/v2\/media?parent=43198"}],"wp:term":[{"taxonomy":"location","embeddable":true,"href":"https:\/\/araratfinland.com\/en\/wp-json\/wp\/v2\/location?post=43198"},{"taxonomy":"product_brand","embeddable":true,"href":"https:\/\/araratfinland.com\/en\/wp-json\/wp\/v2\/product_brand?post=43198"},{"taxonomy":"product_cat","embeddable":true,"href":"https:\/\/araratfinland.com\/en\/wp-json\/wp\/v2\/product_cat?post=43198"},{"taxonomy":"product_tag","embeddable":true,"href":"https:\/\/araratfinland.com\/en\/wp-json\/wp\/v2\/product_tag?post=43198"}],"curies":[{"name":"wp","href":"https:\/\/api.w.org\/{rel}","templated":true}]}}