{"id":43179,"date":"2024-06-02T02:17:28","date_gmt":"2024-06-01T23:17:28","guid":{"rendered":"https:\/\/araratfinland.com\/product\/catfish-whole-500-800-g-4x1kg\/"},"modified":"2025-09-26T15:21:02","modified_gmt":"2025-09-26T12:21:02","slug":"catfish-whole-500-800-g-4x1kg","status":"publish","type":"product","link":"https:\/\/araratfinland.com\/en\/product\/catfish-whole-500-800-g-4x1kg\/","title":{"rendered":"Catfish whole 500-800 g 4x1kg"},"content":{"rendered":"<h4><span style=\"font-size: 18px;color: #000000\"><strong>Catfish kokonainen perattu ja grillattu.<\/strong><\/span><\/h4>\n<h4><span style=\"font-size: 18px;color: #000000\"><strong>Ainesosat:<\/strong> Catfish 100%.<\/span><\/h4>\n<h4><span style=\"color: #000000\"><span style=\"font-size: 18px\"><strong>S\u00e4ilytys: <\/strong>Pakastimessa: Alle -18\u2103:n l\u00e4mp\u00f6tilassa<br \/>katso &#039;&#039;parasta ennen&#039;&#039;.<br \/><\/span><span style=\"font-size: 18px\"><strong>Ei saa pakastaa uudelleen sulattamisen j\u00e4\u00e4lkeen.<\/strong><\/span><\/span><\/h4>\n<table style=\"height: 352px;width: 391px\">\n<tbody>\n<tr style=\"height: 11.4531px\">\n<td style=\"width: 373px;height: 11.4531px\" colspan=\"2\"><span style=\"font-size: 18px;color: #000000\"><strong>Ravintosis\u00e4lt\u00f6 per 100g<\/strong><\/span><\/td>\n<\/tr>\n<\/tbody>\n<tbody>\n<tr style=\"height: 3px\">\n<td style=\"width: 208.031px;height: 3px\"><span style=\"font-size: 18px;color: #000000\">Energiaa<\/span><\/td>\n<td style=\"width: 164.969px;height: 3px\"><span style=\"font-size: 18px;color: #000000\">603 kJ \/ 144 kcal<\/span><\/td>\n<\/tr>\n<tr style=\"height: 10px\">\n<td style=\"width: 208.031px;height: 10px\"><span style=\"font-size: 18px;color: #000000\">Rasva<\/span><\/td>\n<td style=\"width: 164.969px;height: 10px\"><span style=\"font-size: 18px;color: #000000\">7 g<\/span><\/td>\n<\/tr>\n<tr style=\"height: 1px\">\n<td style=\"width: 208.031px;height: 1px\"><span style=\"font-size: 18px;color: #000000\">josta tyydyttynytt\u00e4<\/span><\/td>\n<td style=\"width: 164.969px;height: 1px\"><span style=\"font-size: 18px;color: #000000\">1,7 g<\/span><\/td>\n<\/tr>\n<tr style=\"height: 18px\">\n<td style=\"width: 208.031px;height: 18px\"><span style=\"font-size: 18px;color: #000000\">Hiilihydraatit<\/span><\/td>\n<td style=\"width: 164.969px;height: 18px\"><span style=\"font-size: 18px;color: #000000\">0 g<\/span><\/td>\n<\/tr>\n<tr style=\"height: 16px\">\n<td style=\"width: 208.031px;height: 16px\"><span style=\"font-size: 18px;color: #000000\">josta sokereita<\/span><\/td>\n<td style=\"width: 164.969px;height: 16px\"><span style=\"font-size: 18px;color: #000000\">0 g<\/span><\/td>\n<\/tr>\n<tr style=\"height: 13px\">\n<td style=\"width: 208.031px;height: 13px\"><span style=\"font-size: 18px;color: #000000\">Proteiini<\/span><\/td>\n<td style=\"width: 164.969px;height: 13px\"><span style=\"font-size: 18px;color: #000000\">18 g<\/span><\/td>\n<\/tr>\n<tr style=\"height: 10px\">\n<td style=\"width: 208.031px;height: 10px\"><span style=\"font-size: 18px;color: #000000\">Suola<\/span><\/td>\n<td style=\"width: 164.969px;height: 10px\"><span style=\"font-size: 18px;color: #000000\">0 g<\/span><\/td>\n<\/tr>\n<\/tbody>\n<\/table>\n","protected":false},"excerpt":{"rendered":"<p>Catfish kokonainen perattu ja grillattu. Ainesosat: Catfish 100%. S\u00e4ilytys: Pakastimessa: Alle -18\u2103:n l\u00e4mp\u00f6tilassakatso &#039;&#039;parasta ennen&#039;&#039;.Ei saa pakastaa uudelleen sulattamisen j\u00e4\u00e4lkeen.<\/p>\n","protected":false},"featured_media":93595,"template":"","meta":{"om_disable_all_campaigns":false,"_monsterinsights_skip_tracking":false,"_monsterinsights_sitenote_active":false,"_monsterinsights_sitenote_note":"","_monsterinsights_sitenote_category":0},"location":[1422],"product_brand":[1423],"product_cat":[1464],"product_tag":[],"class_list":{"0":"post-43179","1":"product","2":"type-product","3":"status-publish","4":"has-post-thumbnail","6":"location-v","7":"product_brand-ararat-ari-food","8":"product_cat-pakasteet-en-2","9":"stock_type-ltk-en","11":"first","12":"instock","13":"taxable","14":"shipping-taxable","15":"purchasable","16":"product-type-simple"},"aioseo_notices":[],"locations":[{"id":1422,"name":"v","slug":"v","quantity":"60"}],"_links":{"self":[{"href":"https:\/\/araratfinland.com\/en\/wp-json\/wp\/v2\/product\/43179","targetHints":{"allow":["GET"]}}],"collection":[{"href":"https:\/\/araratfinland.com\/en\/wp-json\/wp\/v2\/product"}],"about":[{"href":"https:\/\/araratfinland.com\/en\/wp-json\/wp\/v2\/types\/product"}],"version-history":[{"count":1,"href":"https:\/\/araratfinland.com\/en\/wp-json\/wp\/v2\/product\/43179\/revisions"}],"predecessor-version":[{"id":49185,"href":"https:\/\/araratfinland.com\/en\/wp-json\/wp\/v2\/product\/43179\/revisions\/49185"}],"wp:featuredmedia":[{"embeddable":true,"href":"https:\/\/araratfinland.com\/en\/wp-json\/wp\/v2\/media\/93595"}],"wp:attachment":[{"href":"https:\/\/araratfinland.com\/en\/wp-json\/wp\/v2\/media?parent=43179"}],"wp:term":[{"taxonomy":"location","embeddable":true,"href":"https:\/\/araratfinland.com\/en\/wp-json\/wp\/v2\/location?post=43179"},{"taxonomy":"product_brand","embeddable":true,"href":"https:\/\/araratfinland.com\/en\/wp-json\/wp\/v2\/product_brand?post=43179"},{"taxonomy":"product_cat","embeddable":true,"href":"https:\/\/araratfinland.com\/en\/wp-json\/wp\/v2\/product_cat?post=43179"},{"taxonomy":"product_tag","embeddable":true,"href":"https:\/\/araratfinland.com\/en\/wp-json\/wp\/v2\/product_tag?post=43179"}],"curies":[{"name":"wp","href":"https:\/\/api.w.org\/{rel}","templated":true}]}}