{"id":43174,"date":"2024-06-02T02:17:27","date_gmt":"2024-06-01T23:17:27","guid":{"rendered":"https:\/\/araratfinland.com\/product\/durra-tahina-800g\/"},"modified":"2025-11-13T10:34:28","modified_gmt":"2025-11-13T08:34:28","slug":"durra-tahina-800g","status":"publish","type":"product","link":"https:\/\/araratfinland.com\/en\/product\/durra-tahina-800g\/","title":{"rendered":"Durra Tahina 800g"},"content":{"rendered":"<h4><span style=\"font-size: 19px;color: #000000\"><strong>Ainesosat:<\/strong> <strong>Seesaminsiemenet<\/strong>, paahdetut ja<br \/>jauhetut (tahina) 100%.<\/span><\/h4>\n<h4><span style=\"font-size: 19px;color: #000000\"><strong>S\u00e4ilytys:<\/strong> S\u00e4ilytett\u00e4v\u00e4 viile\u00e4ss\u00e4 ja kuivassa paikassa.<br \/>S\u00e4ilyt\u00e4 j\u00e4\u00e4kaapissa avaamisen j\u00e4lkeen.<\/span><\/h4>\n<h4><span style=\"font-size: 19px;color: #000000\"><strong>Alkuper\u00e4maa: <\/strong>Jordania.<\/span><\/h4>\n<table style=\"width: 429.297px\">\n<tbody>\n<tr>\n<td style=\"width: 409.297px\" colspan=\"2\"><span style=\"font-size: 19px;color: #000000\"><strong>Ravintosis\u00e4lt\u00f6 per 100g<\/strong><\/span><\/td>\n<\/tr>\n<\/tbody>\n<tbody>\n<tr>\n<td style=\"width: 221px\"><span style=\"font-size: 19px;color: #000000\">Energia<\/span><\/td>\n<td style=\"width: 188.297px\"><span style=\"font-size: 19px;color: #000000\">2940 kJ \/ 703 kcal<\/span><\/td>\n<\/tr>\n<tr>\n<td style=\"width: 221px\"><span style=\"font-size: 19px;color: #000000\">Rasva<\/span><\/td>\n<td style=\"width: 188.297px\"><span style=\"font-size: 19px;color: #000000\">62 g<\/span><\/td>\n<\/tr>\n<tr>\n<td style=\"width: 221px\"><span style=\"font-size: 19px;color: #000000\">josta tyydyttyneitt\u00e4<\/span><\/td>\n<td style=\"width: 188.297px\"><span style=\"font-size: 19px;color: #000000\">9,5 g<\/span><\/td>\n<\/tr>\n<tr>\n<td style=\"width: 221px\"><span style=\"font-size: 19px;color: #000000\">Hiilihydraatit<\/span><\/td>\n<td style=\"width: 188.297px\"><span style=\"font-size: 19px;color: #000000\">14 g<\/span><\/td>\n<\/tr>\n<tr>\n<td style=\"width: 221px\"><span style=\"font-size: 19px;color: #000000\">josta sokereita<\/span><\/td>\n<td style=\"width: 188.297px\"><span style=\"font-size: 19px;color: #000000\">0 g<\/span><\/td>\n<\/tr>\n<tr>\n<td style=\"width: 221px\"><span style=\"font-size: 19px;color: #000000\">Proteiini<\/span><\/td>\n<td style=\"width: 188.297px\"><span style=\"font-size: 19px;color: #000000\">24 g<\/span><\/td>\n<\/tr>\n<tr>\n<td style=\"width: 221px\"><span style=\"font-size: 19px;color: #000000\">Suola<\/span><\/td>\n<td style=\"width: 188.297px\"><span style=\"font-size: 19px;color: #000000\">0 g<\/span><\/td>\n<\/tr>\n<\/tbody>\n<\/table>\n","protected":false},"excerpt":{"rendered":"<p>Ainesosat: Seesaminsiemenet, paahdetut jajauhetut (tahina) 100%. S\u00e4ilytys: S\u00e4ilytett\u00e4v\u00e4 viile\u00e4ss\u00e4 ja kuivassa paikassa.S\u00e4ilyt\u00e4 j\u00e4\u00e4kaapissa avaamisen j\u00e4lkeen. Alkuper\u00e4maa: Jordania. Ravintosis\u00e4lt\u00f6 per 100g<\/p>\n","protected":false},"featured_media":100237,"template":"","meta":{"om_disable_all_campaigns":false,"_monsterinsights_skip_tracking":false,"_monsterinsights_sitenote_active":false,"_monsterinsights_sitenote_note":"","_monsterinsights_sitenote_category":0},"location":[1422],"product_brand":[1423],"product_cat":[1344],"product_tag":[],"class_list":{"0":"post-43174","1":"product","2":"type-product","3":"status-publish","4":"has-post-thumbnail","6":"location-v","7":"product_brand-ararat-ari-food","8":"product_cat-kastikkeet-fi","9":"stock_type-prk-en","11":"first","12":"instock","13":"taxable","14":"shipping-taxable","15":"purchasable","16":"product-type-simple"},"aioseo_notices":[],"locations":[{"id":1422,"name":"v","slug":"v","quantity":"0"}],"_links":{"self":[{"href":"https:\/\/araratfinland.com\/en\/wp-json\/wp\/v2\/product\/43174","targetHints":{"allow":["GET"]}}],"collection":[{"href":"https:\/\/araratfinland.com\/en\/wp-json\/wp\/v2\/product"}],"about":[{"href":"https:\/\/araratfinland.com\/en\/wp-json\/wp\/v2\/types\/product"}],"version-history":[{"count":1,"href":"https:\/\/araratfinland.com\/en\/wp-json\/wp\/v2\/product\/43174\/revisions"}],"predecessor-version":[{"id":51322,"href":"https:\/\/araratfinland.com\/en\/wp-json\/wp\/v2\/product\/43174\/revisions\/51322"}],"wp:featuredmedia":[{"embeddable":true,"href":"https:\/\/araratfinland.com\/en\/wp-json\/wp\/v2\/media\/100237"}],"wp:attachment":[{"href":"https:\/\/araratfinland.com\/en\/wp-json\/wp\/v2\/media?parent=43174"}],"wp:term":[{"taxonomy":"location","embeddable":true,"href":"https:\/\/araratfinland.com\/en\/wp-json\/wp\/v2\/location?post=43174"},{"taxonomy":"product_brand","embeddable":true,"href":"https:\/\/araratfinland.com\/en\/wp-json\/wp\/v2\/product_brand?post=43174"},{"taxonomy":"product_cat","embeddable":true,"href":"https:\/\/araratfinland.com\/en\/wp-json\/wp\/v2\/product_cat?post=43174"},{"taxonomy":"product_tag","embeddable":true,"href":"https:\/\/araratfinland.com\/en\/wp-json\/wp\/v2\/product_tag?post=43174"}],"curies":[{"name":"wp","href":"https:\/\/api.w.org\/{rel}","templated":true}]}}