{"id":43132,"date":"2024-06-02T02:17:18","date_gmt":"2024-06-01T23:17:18","guid":{"rendered":"https:\/\/araratfinland.com\/product\/yayla-koy-jugurtti-35-1-kg\/"},"modified":"2025-11-06T15:09:42","modified_gmt":"2025-11-06T13:09:42","slug":"yayla-koy-jugurtti-35-1-kg","status":"publish","type":"product","link":"https:\/\/araratfinland.com\/en\/product\/yayla-koy-jugurtti-35-1-kg\/","title":{"rendered":"Yayla K\u00f6y Jugurtti 3,5% &#8211; 1 Kg"},"content":{"rendered":"<h4><span style=\"font-size: 19px;color: #000000\"><strong>K\u00f6y ayran.<\/strong><\/span><\/h4>\n<h4><span style=\"font-size: 19px;color: #000000\"><strong>Ainesosat: Hapanmaidon <\/strong>juominen 50%; vesi;<br \/>Stabilisaattori: pektiini; muunneltu t\u00e4rkkelys; suola.<\/span><\/h4>\n<h4><span style=\"color: #000000\"><span style=\"font-size: 19px\"><strong>S\u00e4ilytys:\u00a0<\/strong>Avaamattomana s\u00e4ilytett\u00e4v\u00e4 huoneenl\u00e4mm\u00f6ss\u00e4.<br \/>Avaamisen j\u00e4lkeen\u00a0<\/span><span style=\"font-size: 19px\">s\u00e4ilytett\u00e4v\u00e4 viile\u00e4ss\u00e4 4\u2103 &#8211; 6\u2103 v\u00e4lill\u00e4<br \/>ja k\u00e4ytett\u00e4v\u00e4 mahdollisimman pian.<\/span><\/span><\/h4>\n<h4><span style=\"font-size: 19px;color: #000000\"><strong>Ravistettava ennen k\u00e4ytt\u00f6\u00e4 ja parasta kylm\u00e4n\u00e4 nautittuna.<\/strong><\/span><\/h4>\n<table style=\"width: 413.703px\">\n<tbody>\n<tr>\n<td style=\"width: 422.703px\" colspan=\"2\"><span style=\"font-size: 19px;color: #000000\"><strong>Ravintosis\u00e4lt\u00f6 per 100g<\/strong><\/span><\/td>\n<\/tr>\n<\/tbody>\n<tbody>\n<tr>\n<td style=\"width: 247px\"><span style=\"font-size: 19px;color: #000000\">Energia<\/span><\/td>\n<td style=\"width: 175.703px\"><span style=\"font-size: 19px;color: #000000\">138 kJ \/ 33 kcal<\/span><\/td>\n<\/tr>\n<tr>\n<td style=\"width: 247px\"><span style=\"font-size: 19px;color: #000000\">Rasva<\/span><\/td>\n<td style=\"width: 175.703px\"><span style=\"font-size: 19px;color: #000000\">1,7 g<\/span><\/td>\n<\/tr>\n<tr>\n<td style=\"width: 247px\"><span style=\"font-size: 19px;color: #000000\">josta tyydyttynytt\u00e4<\/span><\/td>\n<td style=\"width: 175.703px\"><span style=\"font-size: 19px;color: #000000\">1,2 g<\/span><\/td>\n<\/tr>\n<tr>\n<td style=\"width: 247px\"><span style=\"font-size: 19px;color: #000000\">Hiilihydraatit<\/span><\/td>\n<td style=\"width: 175.703px\"><span style=\"font-size: 19px;color: #000000\">2,8 g<\/span><\/td>\n<\/tr>\n<tr>\n<td style=\"width: 247px\"><span style=\"font-size: 19px;color: #000000\">josta sokereita<\/span><\/td>\n<td style=\"width: 175.703px\"><span style=\"font-size: 19px;color: #000000\">2,4 g<\/span><\/td>\n<\/tr>\n<tr>\n<td style=\"width: 247px\"><span style=\"font-size: 19px;color: #000000\">Proteiini<\/span><\/td>\n<td style=\"width: 175.703px\"><span style=\"font-size: 19px;color: #000000\">1,7 g<\/span><\/td>\n<\/tr>\n<tr>\n<td style=\"width: 247px\"><span style=\"font-size: 19px;color: #000000\">Suola<\/span><\/td>\n<td style=\"width: 175.703px\"><span style=\"font-size: 19px;color: #000000\">0,6 g<\/span><\/td>\n<\/tr>\n<\/tbody>\n<\/table>\n","protected":false},"excerpt":{"rendered":"<p>K\u00f6y ayran. Ainesosat: Hapanmaidon juominen 50%; vesi;Stabilisaattori: pektiini; muunneltu t\u00e4rkkelys; suola. S\u00e4ilytys:\u00a0Avaamattomana s\u00e4ilytett\u00e4v\u00e4 huoneenl\u00e4mm\u00f6ss\u00e4.Avaamisen j\u00e4lkeen\u00a0s\u00e4ilytett\u00e4v\u00e4 viile\u00e4ss\u00e4 4\u2103 &#8211; 6\u2103 v\u00e4lill\u00e4ja<\/p>\n","protected":false},"featured_media":99039,"template":"","meta":{"om_disable_all_campaigns":false,"_monsterinsights_skip_tracking":false,"_monsterinsights_sitenote_active":false,"_monsterinsights_sitenote_note":"","_monsterinsights_sitenote_category":0},"location":[1422],"product_brand":[1423],"product_cat":[1352],"product_tag":[],"class_list":{"0":"post-43132","1":"product","2":"type-product","3":"status-publish","4":"has-post-thumbnail","6":"location-v","7":"product_brand-ararat-ari-food","8":"product_cat-maitotuotteet-fi","9":"stock_type-prk-en","11":"first","12":"instock","13":"taxable","14":"shipping-taxable","15":"purchasable","16":"product-type-simple"},"aioseo_notices":[],"locations":[{"id":1422,"name":"v","slug":"v","quantity":"126"}],"_links":{"self":[{"href":"https:\/\/araratfinland.com\/en\/wp-json\/wp\/v2\/product\/43132","targetHints":{"allow":["GET"]}}],"collection":[{"href":"https:\/\/araratfinland.com\/en\/wp-json\/wp\/v2\/product"}],"about":[{"href":"https:\/\/araratfinland.com\/en\/wp-json\/wp\/v2\/types\/product"}],"version-history":[{"count":1,"href":"https:\/\/araratfinland.com\/en\/wp-json\/wp\/v2\/product\/43132\/revisions"}],"predecessor-version":[{"id":51368,"href":"https:\/\/araratfinland.com\/en\/wp-json\/wp\/v2\/product\/43132\/revisions\/51368"}],"wp:featuredmedia":[{"embeddable":true,"href":"https:\/\/araratfinland.com\/en\/wp-json\/wp\/v2\/media\/99039"}],"wp:attachment":[{"href":"https:\/\/araratfinland.com\/en\/wp-json\/wp\/v2\/media?parent=43132"}],"wp:term":[{"taxonomy":"location","embeddable":true,"href":"https:\/\/araratfinland.com\/en\/wp-json\/wp\/v2\/location?post=43132"},{"taxonomy":"product_brand","embeddable":true,"href":"https:\/\/araratfinland.com\/en\/wp-json\/wp\/v2\/product_brand?post=43132"},{"taxonomy":"product_cat","embeddable":true,"href":"https:\/\/araratfinland.com\/en\/wp-json\/wp\/v2\/product_cat?post=43132"},{"taxonomy":"product_tag","embeddable":true,"href":"https:\/\/araratfinland.com\/en\/wp-json\/wp\/v2\/product_tag?post=43132"}],"curies":[{"name":"wp","href":"https:\/\/api.w.org\/{rel}","templated":true}]}}