{"id":43128,"date":"2024-06-02T02:17:17","date_gmt":"2024-06-01T23:17:17","guid":{"rendered":"https:\/\/araratfinland.com\/product\/yayla-taza-kadayifi-500g\/"},"modified":"2025-09-25T11:06:17","modified_gmt":"2025-09-25T08:06:17","slug":"yayla-taza-kadayifi-500g","status":"publish","type":"product","link":"https:\/\/araratfinland.com\/en\/product\/yayla-taza-kadayifi-500g\/","title":{"rendered":"Yayla Taze Kadayifi 500g"},"content":{"rendered":"<div><span style=\"font-size: 18px;color: #000000\"><strong>Ainesosat:<\/strong>\u00a0<strong>Vehn\u00e4jauho<\/strong>, vesi, maissit\u00e4rkkelys,\u00a0<\/span><\/div>\n<div><span style=\"font-size: 18px;color: #000000\">auringonkukka\u00f6ljy, suola, s\u00e4il\u00f6nt\u00e4aine:\u00a0<\/span><\/div>\n<div><span style=\"font-size: 18px;color: #000000\">kaliumsorbaatti, emulgointiaine: soijalesitiini.<\/span><\/div>\n<div><span style=\"font-size: 18px;color: #000000\">Pakattu suojakaasuun.<\/p>\n<p><strong>S\u00e4ilytys:<\/strong>\u00a0Kuivassa ja viile\u00e4ss\u00e4 paikassa.<\/span><\/div>\n","protected":false},"excerpt":{"rendered":"<p>Ainesosat:\u00a0Vehn\u00e4jauho, vesi, maissit\u00e4rkkelys,\u00a0 auringonkukka\u00f6ljy, suola, s\u00e4il\u00f6nt\u00e4aine:\u00a0 kaliumsorbaatti, emulgointiaine: soijalesitiini. Pakattu suojakaasuun. S\u00e4ilytys:\u00a0Kuivassa ja viile\u00e4ss\u00e4 paikassa.<\/p>\n","protected":false},"featured_media":93291,"template":"","meta":{"om_disable_all_campaigns":false,"_monsterinsights_skip_tracking":false,"_monsterinsights_sitenote_active":false,"_monsterinsights_sitenote_note":"","_monsterinsights_sitenote_category":0},"location":[1422],"product_brand":[1423],"product_cat":[1376],"product_tag":[],"class_list":{"0":"post-43128","1":"product","2":"type-product","3":"status-publish","4":"has-post-thumbnail","6":"location-v","7":"product_brand-ararat-ari-food","8":"product_cat-taikinat-fi","9":"stock_type-pss-en","11":"first","12":"instock","13":"taxable","14":"shipping-taxable","15":"purchasable","16":"product-type-simple"},"aioseo_notices":[],"locations":[{"id":1422,"name":"v","slug":"v","quantity":"276"}],"_links":{"self":[{"href":"https:\/\/araratfinland.com\/en\/wp-json\/wp\/v2\/product\/43128","targetHints":{"allow":["GET"]}}],"collection":[{"href":"https:\/\/araratfinland.com\/en\/wp-json\/wp\/v2\/product"}],"about":[{"href":"https:\/\/araratfinland.com\/en\/wp-json\/wp\/v2\/types\/product"}],"version-history":[{"count":4,"href":"https:\/\/araratfinland.com\/en\/wp-json\/wp\/v2\/product\/43128\/revisions"}],"predecessor-version":[{"id":80846,"href":"https:\/\/araratfinland.com\/en\/wp-json\/wp\/v2\/product\/43128\/revisions\/80846"}],"wp:featuredmedia":[{"embeddable":true,"href":"https:\/\/araratfinland.com\/en\/wp-json\/wp\/v2\/media\/93291"}],"wp:attachment":[{"href":"https:\/\/araratfinland.com\/en\/wp-json\/wp\/v2\/media?parent=43128"}],"wp:term":[{"taxonomy":"location","embeddable":true,"href":"https:\/\/araratfinland.com\/en\/wp-json\/wp\/v2\/location?post=43128"},{"taxonomy":"product_brand","embeddable":true,"href":"https:\/\/araratfinland.com\/en\/wp-json\/wp\/v2\/product_brand?post=43128"},{"taxonomy":"product_cat","embeddable":true,"href":"https:\/\/araratfinland.com\/en\/wp-json\/wp\/v2\/product_cat?post=43128"},{"taxonomy":"product_tag","embeddable":true,"href":"https:\/\/araratfinland.com\/en\/wp-json\/wp\/v2\/product_tag?post=43128"}],"curies":[{"name":"wp","href":"https:\/\/api.w.org\/{rel}","templated":true}]}}