{"id":43100,"date":"2024-06-02T02:17:11","date_gmt":"2024-06-01T23:17:11","guid":{"rendered":"https:\/\/araratfinland.com\/product\/naz-pickled-mix-vegetables-2300g\/"},"modified":"2025-11-06T11:58:44","modified_gmt":"2025-11-06T09:58:44","slug":"naz-pickled-mix-vegetables-2300g","status":"publish","type":"product","link":"https:\/\/araratfinland.com\/en\/product\/naz-pickled-mix-vegetables-2300g\/","title":{"rendered":"Naz Pickled Mix Vegetables 2300g"},"content":{"rendered":"<h4><span style=\"font-size: 19px\"><strong>Pickled mix vegetables.<\/strong><\/span><\/h4>\n<h4><span style=\"font-size: 19px\"><strong>Ainesosat: <\/strong>Kukkakaali, porkkana, valkosipuli,<br \/>suola, pippuri, etikka, <strong>selleri<\/strong>, kurkku.<\/span><\/h4>\n<h4><span style=\"font-size: 19px\"><strong>S\u00e4ilytys:<\/strong> Pid\u00e4 viile\u00e4ss\u00e4 ja kuivassa paikassa.<br \/>Avattu pakkaus s\u00e4ilyy 10 vrk.<br \/><\/span><span style=\"font-size: 19px\">S\u00e4ilytet\u00e4\u00e4n j\u00e4\u00e4kaapissa max. 8\u2103.<\/span><\/h4>\n","protected":false},"excerpt":{"rendered":"<p>Pickled mix vegetables. Ainesosat: Kukkakaali, porkkana, valkosipuli,suola, pippuri, etikka, selleri, kurkku. S\u00e4ilytys: Pid\u00e4 viile\u00e4ss\u00e4 ja kuivassa paikassa.Avattu pakkaus s\u00e4ilyy 10<\/p>\n","protected":false},"featured_media":98878,"template":"","meta":{"om_disable_all_campaigns":false,"_monsterinsights_skip_tracking":false,"_monsterinsights_sitenote_active":false,"_monsterinsights_sitenote_note":"","_monsterinsights_sitenote_category":0},"location":[1422],"product_brand":[1423],"product_cat":[1360],"product_tag":[],"class_list":{"0":"post-43100","1":"product","2":"type-product","3":"status-publish","4":"has-post-thumbnail","6":"location-v","7":"product_brand-ararat-ari-food","8":"product_cat-silykeetvihannekset-fi","9":"stock_type-kpl-en","11":"first","12":"instock","13":"taxable","14":"shipping-taxable","15":"purchasable","16":"product-type-simple"},"aioseo_notices":[],"locations":[{"id":1422,"name":"v","slug":"v","quantity":"0"}],"_links":{"self":[{"href":"https:\/\/araratfinland.com\/en\/wp-json\/wp\/v2\/product\/43100","targetHints":{"allow":["GET"]}}],"collection":[{"href":"https:\/\/araratfinland.com\/en\/wp-json\/wp\/v2\/product"}],"about":[{"href":"https:\/\/araratfinland.com\/en\/wp-json\/wp\/v2\/types\/product"}],"version-history":[{"count":1,"href":"https:\/\/araratfinland.com\/en\/wp-json\/wp\/v2\/product\/43100\/revisions"}],"predecessor-version":[{"id":54579,"href":"https:\/\/araratfinland.com\/en\/wp-json\/wp\/v2\/product\/43100\/revisions\/54579"}],"wp:featuredmedia":[{"embeddable":true,"href":"https:\/\/araratfinland.com\/en\/wp-json\/wp\/v2\/media\/98878"}],"wp:attachment":[{"href":"https:\/\/araratfinland.com\/en\/wp-json\/wp\/v2\/media?parent=43100"}],"wp:term":[{"taxonomy":"location","embeddable":true,"href":"https:\/\/araratfinland.com\/en\/wp-json\/wp\/v2\/location?post=43100"},{"taxonomy":"product_brand","embeddable":true,"href":"https:\/\/araratfinland.com\/en\/wp-json\/wp\/v2\/product_brand?post=43100"},{"taxonomy":"product_cat","embeddable":true,"href":"https:\/\/araratfinland.com\/en\/wp-json\/wp\/v2\/product_cat?post=43100"},{"taxonomy":"product_tag","embeddable":true,"href":"https:\/\/araratfinland.com\/en\/wp-json\/wp\/v2\/product_tag?post=43100"}],"curies":[{"name":"wp","href":"https:\/\/api.w.org\/{rel}","templated":true}]}}