{"id":43081,"date":"2024-06-02T02:17:07","date_gmt":"2024-06-01T23:17:07","guid":{"rendered":"https:\/\/araratfinland.com\/product\/qibbla-broileri-oliivit-salami-12x200g-353-2\/"},"modified":"2025-11-10T13:59:34","modified_gmt":"2025-11-10T11:59:34","slug":"qibbla-broileri-oliivit-salami-12x200g-353-2","status":"publish","type":"product","link":"https:\/\/araratfinland.com\/en\/product\/qibbla-broileri-oliivit-salami-12x200g-353-2\/","title":{"rendered":"Qibbla Broileri &amp; Oliivit Salami 12x200g (353)"},"content":{"rendered":"<h4><span style=\"font-size: 18px;color: #000000\"><strong>Broileri Mortadella kanapojan\/kalkkunan &amp; oliivit 353.<\/strong><\/span><\/h4>\n<h4><span style=\"color: #000000\"><span style=\"font-size: 18px\"><strong>Ainesosat: <\/strong>Mekaanisesti erotettu liha (24% kananpojan,<br \/>24% kalkkunan) vesi, kananrasva ja nahka,\u00a0<\/span><span style=\"font-size: 18px\">kananpojan liha 13%,<br \/>oliivit 4%, perunat\u00e4rkelys, suola, dekstoosi, mausteet,<br \/>stabilointiaine: E450, v<\/span><span style=\"font-size: 18px\">ihannesjauhe (punajuuri), savu,<br \/>s\u00e4il\u00f6nt\u00e4aine: E250, E270.<\/span><\/span><\/h4>\n<h4><span style=\"font-size: 18px;color: #000000\"><strong>Saattaa sis\u00e4lt\u00e4\u00e4 pieni\u00e4 m\u00e4\u00e4ri\u00e4 pistaasip\u00e4hkin\u00e4t.<\/strong><\/span><\/h4>\n<h4><span style=\"font-size: 18px;color: #000000\"><strong>S\u00e4ilytys:<\/strong> S\u00e4ilyt\u00e4 j\u00e4\u00e4kaapissa.<\/span><\/h4>\n<table style=\"height: 361px;width: 475px\">\n<tbody>\n<tr style=\"height: 3.46875px\">\n<td style=\"width: 523px;height: 3.46875px\" colspan=\"2\"><span style=\"font-size: 18px;color: #000000\"><strong>Ravintosis\u00e4lt\u00f6 per 100g<\/strong><\/span><\/td>\n<\/tr>\n<\/tbody>\n<tbody>\n<tr style=\"height: 14px\">\n<td style=\"width: 282.484px;height: 14px\"><span style=\"font-size: 18px;color: #000000\">Energiaa<\/span><\/td>\n<td style=\"width: 240.516px;height: 14px\"><span style=\"font-size: 18px;color: #000000\">992 kj \/ 239 kcal<\/span><\/td>\n<\/tr>\n<tr style=\"height: 11px\">\n<td style=\"width: 282.484px;height: 11px\"><span style=\"font-size: 18px;color: #000000\">Rasva<\/span><\/td>\n<td style=\"width: 240.516px;height: 11px\"><span style=\"font-size: 18px;color: #000000\">20 g<\/span><\/td>\n<\/tr>\n<tr style=\"height: 14px\">\n<td style=\"width: 282.484px;height: 14px\"><span style=\"font-size: 18px;color: #000000\">josta tyydyttynytt\u00e4<\/span><\/td>\n<td style=\"width: 240.516px;height: 14px\"><span style=\"font-size: 18px;color: #000000\">6,1 g<\/span><\/td>\n<\/tr>\n<tr style=\"height: 6px\">\n<td style=\"width: 282.484px;height: 6px\"><span style=\"font-size: 18px;color: #000000\">Hiilihydraatit<\/span><\/td>\n<td style=\"width: 240.516px;height: 6px\"><span style=\"font-size: 18px;color: #000000\">3,8 g<\/span><\/td>\n<\/tr>\n<tr style=\"height: 7px\">\n<td style=\"width: 282.484px;height: 7px\"><span style=\"font-size: 18px;color: #000000\">josta sokereta<\/span><\/td>\n<td style=\"width: 240.516px;height: 7px\"><span style=\"font-size: 18px;color: #000000\"><\/p>\n","protected":false},"excerpt":{"rendered":"<p>Broileri Mortadella kanapojan\/kalkkunan &amp; oliivit 353. Ainesosat: Mekaanisesti erotettu liha (24% kananpojan,24% kalkkunan) vesi, kananrasva ja nahka,\u00a0kananpojan liha 13%,oliivit 4%,<\/p>\n","protected":false},"featured_media":100101,"template":"","meta":{"om_disable_all_campaigns":false,"_monsterinsights_skip_tracking":false,"_monsterinsights_sitenote_active":false,"_monsterinsights_sitenote_note":"","_monsterinsights_sitenote_category":0},"location":[1422],"product_brand":[1423],"product_cat":[1454],"product_tag":[],"class_list":{"0":"post-43081","1":"product","2":"type-product","3":"status-publish","4":"has-post-thumbnail","6":"location-v","7":"product_brand-ararat-ari-food","8":"product_cat-salamit-en-2","9":"stock_type-ltk-en","11":"first","12":"instock","13":"taxable","14":"shipping-taxable","15":"purchasable","16":"product-type-simple"},"aioseo_notices":[],"locations":[{"id":1422,"name":"v","slug":"v","quantity":"15"}],"_links":{"self":[{"href":"https:\/\/araratfinland.com\/en\/wp-json\/wp\/v2\/product\/43081","targetHints":{"allow":["GET"]}}],"collection":[{"href":"https:\/\/araratfinland.com\/en\/wp-json\/wp\/v2\/product"}],"about":[{"href":"https:\/\/araratfinland.com\/en\/wp-json\/wp\/v2\/types\/product"}],"version-history":[{"count":1,"href":"https:\/\/araratfinland.com\/en\/wp-json\/wp\/v2\/product\/43081\/revisions"}],"predecessor-version":[{"id":59753,"href":"https:\/\/araratfinland.com\/en\/wp-json\/wp\/v2\/product\/43081\/revisions\/59753"}],"wp:featuredmedia":[{"embeddable":true,"href":"https:\/\/araratfinland.com\/en\/wp-json\/wp\/v2\/media\/100101"}],"wp:attachment":[{"href":"https:\/\/araratfinland.com\/en\/wp-json\/wp\/v2\/media?parent=43081"}],"wp:term":[{"taxonomy":"location","embeddable":true,"href":"https:\/\/araratfinland.com\/en\/wp-json\/wp\/v2\/location?post=43081"},{"taxonomy":"product_brand","embeddable":true,"href":"https:\/\/araratfinland.com\/en\/wp-json\/wp\/v2\/product_brand?post=43081"},{"taxonomy":"product_cat","embeddable":true,"href":"https:\/\/araratfinland.com\/en\/wp-json\/wp\/v2\/product_cat?post=43081"},{"taxonomy":"product_tag","embeddable":true,"href":"https:\/\/araratfinland.com\/en\/wp-json\/wp\/v2\/product_tag?post=43081"}],"curies":[{"name":"wp","href":"https:\/\/api.w.org\/{rel}","templated":true}]}}