{"id":43057,"date":"2024-06-02T02:17:02","date_gmt":"2024-06-01T23:17:02","guid":{"rendered":"https:\/\/araratfinland.com\/product\/shezan-mango-drink-250-ml-2\/"},"modified":"2025-11-17T09:14:06","modified_gmt":"2025-11-17T07:14:06","slug":"shezan-mango-drink-250-ml-2","status":"publish","type":"product","link":"https:\/\/araratfinland.com\/en\/product\/shezan-mango-drink-250-ml-2\/","title":{"rendered":"Shezan mango drink 250 ml"},"content":{"rendered":"<p><span style=\"color: #000000\"><span style=\"font-size: 18px\"><strong>Ainesosat:<\/strong> Vesi, mangomassa 20%, s\u00e4il\u00f6nt\u00e4aine E211,<br \/>sokeri, happo: sitruunahappo, stabilointiaine E466,<br \/>v\u00e4ri E160a, antioksidantti E300, mangoaromi.<\/p>\n<p><strong>S\u00e4ilytys:<\/strong> Kuivassa ja viile\u00e4ss\u00e4 paikassa.<br \/>Ravista ennen k\u00e4yt\u00f6\u00e4, s\u00e4ilyt\u00e4 j\u00e4\u00e4kaapissa<br \/>avaamisen j\u00e4lkeen.<\/p>\n<p><\/span><\/span> <\/p>\n<table style=\"width: 414.141px\">\n<tbody>\n<tr style=\"height: 10px\">\n<td style=\"width: 417.141px;height: 10px\" colspan=\"2\"><span style=\"font-size: 19px;color: #000000\"><strong>Ravintosis\u00e4lt\u00f6 per 100g<\/strong><\/span><\/td>\n<\/tr>\n<\/tbody>\n<tbody>\n<tr style=\"height: 23px\">\n<td style=\"width: 232px;height: 23px\"><span style=\"font-size: 19px;color: #000000\">Energia<\/span><\/td>\n<td style=\"width: 185.141px;height: 23px\"><span style=\"font-size: 19px;color: #000000\">669 kJ \/ 160 kcal<\/span><\/td>\n<\/tr>\n<tr style=\"height: 23px\">\n<td style=\"width: 232px;height: 23px\"><span style=\"font-size: 19px;color: #000000\">Rasva<\/span><\/td>\n<td style=\"width: 185.141px;height: 23px\"><span style=\"font-size: 19px;color: #000000\">0,2 g<\/span><\/td>\n<\/tr>\n<tr style=\"height: 23px\">\n<td style=\"width: 232px;height: 23px\"><span style=\"font-size: 19px;color: #000000\">josta tyydyttyneitt\u00e4<\/span><\/td>\n<td style=\"width: 185.141px;height: 23px\"><span style=\"font-size: 19px;color: #000000\">0 g<\/span><\/td>\n<\/tr>\n<tr style=\"height: 23px\">\n<td style=\"width: 232px;height: 23px\"><span style=\"font-size: 19px;color: #000000\">Hiilihydraatit<\/span><\/td>\n<td style=\"width: 185.141px;height: 23px\"><span style=\"font-size: 19px;color: #000000\">14,8 g<\/span><\/td>\n<\/tr>\n<tr style=\"height: 23px\">\n<td style=\"width: 232px;height: 23px\"><span style=\"font-size: 19px;color: #000000\">josta sokereita<\/span><\/td>\n<td style=\"width: 185.141px;height: 23px\"><span style=\"font-size: 19px;color: #000000\">13,2 g<\/span><\/td>\n<\/tr>\n<tr style=\"height: 23px\">\n<td style=\"width: 232px;height: 23px\"><span style=\"font-size: 19px;color: #000000\">Proteiini<\/span><\/td>\n<td style=\"width: 185.141px;height: 23px\"><span style=\"font-size: 19px;color: #000000\">0 g<\/span><\/td>\n<\/tr>\n<tr style=\"height: 23px\">\n<td style=\"width: 232px;height: 23px\"><span style=\"font-size: 19px;color: #000000\">Suola<\/span><\/td>\n<td style=\"width: 185.141px;height: 23px\"><span style=\"font-size: 19px;color: #000000\">0 g<\/span><\/td>\n<\/tr>\n<\/tbody>\n<\/table>\n","protected":false},"excerpt":{"rendered":"<p>Ainesosat: Vesi, mangomassa 20%, s\u00e4il\u00f6nt\u00e4aine E211,sokeri, happo: sitruunahappo, stabilointiaine E466,v\u00e4ri E160a, antioksidantti E300, mangoaromi. S\u00e4ilytys: Kuivassa ja viile\u00e4ss\u00e4 paikassa.Ravista ennen<\/p>\n","protected":false},"featured_media":100659,"template":"","meta":{"om_disable_all_campaigns":false,"_monsterinsights_skip_tracking":false,"_monsterinsights_sitenote_active":false,"_monsterinsights_sitenote_note":"","_monsterinsights_sitenote_category":0},"location":[1422],"product_brand":[1423],"product_cat":[1480],"product_tag":[],"class_list":{"0":"post-43057","1":"product","2":"type-product","3":"status-publish","4":"has-post-thumbnail","6":"location-v","7":"product_brand-ararat-ari-food","8":"product_cat-mehut-nesteet-en","9":"stock_type-kpl-en","11":"first","12":"instock","13":"taxable","14":"shipping-taxable","15":"purchasable","16":"product-type-simple"},"aioseo_notices":[],"locations":[{"id":1422,"name":"v","slug":"v","quantity":"670"}],"_links":{"self":[{"href":"https:\/\/araratfinland.com\/en\/wp-json\/wp\/v2\/product\/43057","targetHints":{"allow":["GET"]}}],"collection":[{"href":"https:\/\/araratfinland.com\/en\/wp-json\/wp\/v2\/product"}],"about":[{"href":"https:\/\/araratfinland.com\/en\/wp-json\/wp\/v2\/types\/product"}],"version-history":[{"count":1,"href":"https:\/\/araratfinland.com\/en\/wp-json\/wp\/v2\/product\/43057\/revisions"}],"predecessor-version":[{"id":49419,"href":"https:\/\/araratfinland.com\/en\/wp-json\/wp\/v2\/product\/43057\/revisions\/49419"}],"wp:featuredmedia":[{"embeddable":true,"href":"https:\/\/araratfinland.com\/en\/wp-json\/wp\/v2\/media\/100659"}],"wp:attachment":[{"href":"https:\/\/araratfinland.com\/en\/wp-json\/wp\/v2\/media?parent=43057"}],"wp:term":[{"taxonomy":"location","embeddable":true,"href":"https:\/\/araratfinland.com\/en\/wp-json\/wp\/v2\/location?post=43057"},{"taxonomy":"product_brand","embeddable":true,"href":"https:\/\/araratfinland.com\/en\/wp-json\/wp\/v2\/product_brand?post=43057"},{"taxonomy":"product_cat","embeddable":true,"href":"https:\/\/araratfinland.com\/en\/wp-json\/wp\/v2\/product_cat?post=43057"},{"taxonomy":"product_tag","embeddable":true,"href":"https:\/\/araratfinland.com\/en\/wp-json\/wp\/v2\/product_tag?post=43057"}],"curies":[{"name":"wp","href":"https:\/\/api.w.org\/{rel}","templated":true}]}}