{"id":43050,"date":"2024-06-02T02:17:01","date_gmt":"2024-06-01T23:17:01","guid":{"rendered":"https:\/\/araratfinland.com\/product\/le-renard-semoule-1-kg\/"},"modified":"2025-09-05T16:08:49","modified_gmt":"2025-09-05T13:08:49","slug":"le-renard-semoule-1-kg","status":"publish","type":"product","link":"https:\/\/araratfinland.com\/en\/product\/le-renard-semoule-1-kg\/","title":{"rendered":"Angelo Semoule karkea 1 Kg"},"content":{"rendered":"<h4><span style=\"font-size: 18px;color: #000000\"><strong>Semoule.<br \/><\/strong><\/span><span style=\"font-size: 18px;color: #000000\"><strong>Ainesosat: <\/strong>100% premium <strong>durumvehn\u00e4n<\/strong><br \/>mannasuurimoa.<br \/><\/span><span style=\"font-size: 18px;color: #000000\"><strong>Sis\u00e4lt\u00e4\u00e4 gluteenia.<br \/><\/strong><\/span><span style=\"font-size: 18px;color: #000000\"><strong>Alkuper\u00e4maa: <\/strong>Ranska.<\/span><\/h4>\n<table style=\"width: 407px\">\n<tbody>\n<tr style=\"height: 22px\">\n<td style=\"width: 435px;height: 22px\" colspan=\"2\"><span style=\"font-size: 18px;color: #000000\"><strong>Ravintosis\u00e4lt\u00f6 per 100g<\/strong><\/span><\/td>\n<\/tr>\n<\/tbody>\n<tbody>\n<tr style=\"height: 22px\">\n<td style=\"width: 217.797px;height: 22px\"><span style=\"font-size: 18px;color: #000000\">Energia<\/span><\/td>\n<td style=\"width: 217.203px;height: 22px\"><span style=\"font-size: 18px;color: #000000\">1565 kJ \/ 369 kcal<\/span><\/td>\n<\/tr>\n<tr style=\"height: 22px\">\n<td style=\"width: 217.797px;height: 22px\"><span style=\"font-size: 18px;color: #000000\">Rasva<\/span><\/td>\n<td style=\"width: 217.203px;height: 22px\"><span style=\"font-size: 18px;color: #000000\">1,9 g<\/span><\/td>\n<\/tr>\n<tr style=\"height: 22px\">\n<td style=\"width: 217.797px;height: 22px\"><span style=\"font-size: 18px;color: #000000\">josta tyydyttyneitt\u00e4<\/span><\/td>\n<td style=\"width: 217.203px;height: 22px\"><span style=\"font-size: 18px;color: #000000\">0,35 g<\/span><\/td>\n<\/tr>\n<tr style=\"height: 22px\">\n<td style=\"width: 217.797px;height: 22px\"><span style=\"font-size: 18px;color: #000000\">Hiilihydraatit<\/span><\/td>\n<td style=\"width: 217.203px;height: 22px\"><span style=\"font-size: 18px;color: #000000\">73,4 g<\/span><\/td>\n<\/tr>\n<tr style=\"height: 22px\">\n<td style=\"width: 217.797px;height: 22px\"><span style=\"font-size: 18px;color: #000000\">josta sokereita<\/span><\/td>\n<td style=\"width: 217.203px;height: 22px\"><span style=\"font-size: 18px;color: #000000\">3,7 g<\/span><\/td>\n<\/tr>\n<tr style=\"height: 22px\">\n<td style=\"width: 217.797px;height: 22px\"><span style=\"font-size: 18px;color: #000000\">Proteiini<\/span><\/td>\n<td style=\"width: 217.203px;height: 22px\"><span style=\"font-size: 18px;color: #000000\">12,8 g<\/span><\/td>\n<\/tr>\n<tr style=\"height: 9.76562px\">\n<td style=\"width: 217.797px;height: 9.76562px\">\n<p><span style=\"font-size: 18px;color: #000000\">Kuitu<\/span><\/p>\n<p><span style=\"font-size: 18px;color: #000000\">Suola<\/span><\/p>\n<\/td>\n<td style=\"width: 217.203px;height: 9.76562px\">\n<p><span style=\"font-size: 18px;color: #000000\">3,6 g<\/span><\/p>\n<p><span style=\"font-size: 18px;color: #000000\">0,01 g<\/span><\/p>\n<\/td>\n<\/tr>\n<\/tbody>\n<\/table>\n","protected":false},"excerpt":{"rendered":"<p>Semoule.Ainesosat: 100% premium durumvehn\u00e4nmannasuurimoa.Sis\u00e4lt\u00e4\u00e4 gluteenia.Alkuper\u00e4maa: Ranska. Ravintosis\u00e4lt\u00f6 per 100g Energia 1565 kJ \/ 369 kcal Rasva 1,9 g josta tyydyttyneitt\u00e4<\/p>\n","protected":false},"featured_media":88963,"template":"","meta":{"om_disable_all_campaigns":false,"_monsterinsights_skip_tracking":false,"_monsterinsights_sitenote_active":false,"_monsterinsights_sitenote_note":"","_monsterinsights_sitenote_category":0},"location":[1422],"product_brand":[1423],"product_cat":[1346],"product_tag":[],"class_list":{"0":"post-43050","1":"product","2":"type-product","3":"status-publish","4":"has-post-thumbnail","6":"location-v","7":"product_brand-ararat-ari-food","8":"product_cat-kuiva-tuotteet-fi","9":"stock_type-kpl-en","11":"first","12":"instock","13":"taxable","14":"shipping-taxable","15":"purchasable","16":"product-type-simple"},"aioseo_notices":[],"locations":[{"id":1422,"name":"v","slug":"v","quantity":"140"}],"_links":{"self":[{"href":"https:\/\/araratfinland.com\/en\/wp-json\/wp\/v2\/product\/43050","targetHints":{"allow":["GET"]}}],"collection":[{"href":"https:\/\/araratfinland.com\/en\/wp-json\/wp\/v2\/product"}],"about":[{"href":"https:\/\/araratfinland.com\/en\/wp-json\/wp\/v2\/types\/product"}],"version-history":[{"count":4,"href":"https:\/\/araratfinland.com\/en\/wp-json\/wp\/v2\/product\/43050\/revisions"}],"predecessor-version":[{"id":74636,"href":"https:\/\/araratfinland.com\/en\/wp-json\/wp\/v2\/product\/43050\/revisions\/74636"}],"wp:featuredmedia":[{"embeddable":true,"href":"https:\/\/araratfinland.com\/en\/wp-json\/wp\/v2\/media\/88963"}],"wp:attachment":[{"href":"https:\/\/araratfinland.com\/en\/wp-json\/wp\/v2\/media?parent=43050"}],"wp:term":[{"taxonomy":"location","embeddable":true,"href":"https:\/\/araratfinland.com\/en\/wp-json\/wp\/v2\/location?post=43050"},{"taxonomy":"product_brand","embeddable":true,"href":"https:\/\/araratfinland.com\/en\/wp-json\/wp\/v2\/product_brand?post=43050"},{"taxonomy":"product_cat","embeddable":true,"href":"https:\/\/araratfinland.com\/en\/wp-json\/wp\/v2\/product_cat?post=43050"},{"taxonomy":"product_tag","embeddable":true,"href":"https:\/\/araratfinland.com\/en\/wp-json\/wp\/v2\/product_tag?post=43050"}],"curies":[{"name":"wp","href":"https:\/\/api.w.org\/{rel}","templated":true}]}}