{"id":43042,"date":"2024-06-02T02:16:59","date_gmt":"2024-06-01T23:16:59","guid":{"rendered":"https:\/\/araratfinland.com\/product\/harissa-la-flamme-135g\/"},"modified":"2025-08-01T12:25:19","modified_gmt":"2025-08-01T09:25:19","slug":"harissa-la-flamme-135g","status":"publish","type":"product","link":"https:\/\/araratfinland.com\/en\/product\/harissa-la-flamme-135g\/","title":{"rendered":"Harissa La Flamme 135g"},"content":{"rendered":"<div><span style=\"font-size: 18px;color: #000000\"><strong>Ainesosat:<\/strong>\u00a0Tulinen punainen paprika 87%, valkosipuli,<\/span><\/div>\n<div><span style=\"font-size: 18px;color: #000000\">korianteri, kumina, suola, sitruunahappo: E330.<\/p>\n<p><\/span><\/div>\n<div><span style=\"font-size: 18px;color: #000000\"><strong>Alkuper\u00e4maa:<\/strong> Tunisia.<\/p>\n<p><\/span><\/div>\n<div><span style=\"font-size: 18px;color: #000000\"><strong>S\u00e4ilytys:<\/strong> Ennen avaamista s\u00e4ilyt\u00e4 poissa<br \/>l\u00e4mm\u00f6lt\u00e4 ja kosteudelta.<\/span><\/div>\n<div><span style=\"font-size: 18px;color: #000000\">Avaamisen j\u00e4lkeen j\u00e4\u00e4kaapissa 4-6\u00b0C.<\/span><\/div>\n<div><span style=\"font-size: 18px;color: #000000\"><span style=\"font-size: 18px\">ja k\u00e4yt\u00e4 30 p\u00e4iv\u00e4n kuluessa avaamisesta.<\/p>\n<p><\/span><\/span> <\/p>\n<table style=\"font-size: 12px;width: 327.359px\">\n<tbody>\n<tr style=\"height: 26px\">\n<td style=\"width: 316.359px;height: 26px\" colspan=\"2\"><span style=\"font-size: 19px;color: #000000\"><strong>Ravintosis\u00e4lt\u00f6 per 100g<\/strong><\/span><\/td>\n<\/tr>\n<\/tbody>\n<tbody>\n<tr style=\"height: 23px\">\n<td style=\"width: 150px;height: 23px\"><span style=\"font-size: 19px;color: #000000\">Energia<\/span><\/td>\n<td style=\"width: 166.359px;height: 23px\"><span style=\"font-size: 19px;color: #000000\">302\/72 kcal<\/span><\/td>\n<\/tr>\n<tr style=\"height: 23px\">\n<td style=\"width: 150px;height: 23px\"><span style=\"font-size: 19px;color: #000000\">Rasva<\/span><\/td>\n<td style=\"width: 166.359px;height: 23px\"><span style=\"font-size: 19px;color: #000000\">1 g<\/span><\/td>\n<\/tr>\n<tr style=\"height: 46px\">\n<td style=\"width: 150px;height: 46px\"><span style=\"font-size: 19px;color: #000000\">josta tyydyttyneitt\u00e4<\/span><\/td>\n<td style=\"width: 166.359px;height: 46px\"><span style=\"font-size: 19px;color: #000000\">0,5 g<\/span><\/td>\n<\/tr>\n<tr style=\"height: 23px\">\n<td style=\"width: 150px;height: 23px\"><span style=\"font-size: 19px;color: #000000\">Hiilihydraatit<\/span><\/td>\n<td style=\"width: 166.359px;height: 23px\"><span style=\"font-size: 19px;color: #000000\">11 g<\/span><\/td>\n<\/tr>\n<tr style=\"height: 20px\">\n<td style=\"width: 150px;height: 20px\">\n<p><span style=\"font-size: 19px;color: #000000\">josta sokereita<\/span><\/p>\n<\/td>\n<td style=\"width: 166.359px;height: 20px\">\n<p><span style=\"font-size: 19px;color: #000000\">6,9 g<\/span><\/p>\n<\/td>\n<\/tr>\n<tr style=\"height: 23px\">\n<td style=\"width: 150px;height: 23px\"><span style=\"font-size: 19px;color: #000000\">Proteiini<br \/>Kuitu<\/span><\/td>\n<td style=\"width: 166.359px;height: 23px\"><span style=\"font-size: 19px;color: #000000\"><span style=\"font-size: 19px\">2,9 g<\/span><br \/><span style=\"font-size: 19px\">2,5 g<\/span><br \/><\/span><\/td>\n<\/tr>\n<tr style=\"height: 23px\">\n<td style=\"width: 150px;height: 23px\"><span style=\"font-size: 19px;color: #000000\">Suola<\/span><\/td>\n<td style=\"width: 166.359px;height: 23px\"><span style=\"font-size: 19px;color: #000000\">1,7 g<br \/><\/span><\/td>\n<\/tr>\n<\/tbody>\n<\/table><\/div>\n","protected":false},"excerpt":{"rendered":"<p>Ainesosat:\u00a0Tulinen punainen paprika 87%, valkosipuli, korianteri, kumina, suola, sitruunahappo: E330. Alkuper\u00e4maa: Tunisia. S\u00e4ilytys: Ennen avaamista s\u00e4ilyt\u00e4 poissal\u00e4mm\u00f6lt\u00e4 ja kosteudelta. Avaamisen<\/p>\n","protected":false},"featured_media":83718,"template":"","meta":{"om_disable_all_campaigns":false,"_monsterinsights_skip_tracking":false,"_monsterinsights_sitenote_active":false,"_monsterinsights_sitenote_note":"","_monsterinsights_sitenote_category":0},"location":[1422],"product_brand":[1423],"product_cat":[1344],"product_tag":[],"class_list":{"0":"post-43042","1":"product","2":"type-product","3":"status-publish","4":"has-post-thumbnail","6":"location-v","7":"product_brand-ararat-ari-food","8":"product_cat-kastikkeet-fi","9":"stock_type-pcs-en","11":"first","12":"instock","13":"taxable","14":"shipping-taxable","15":"purchasable","16":"product-type-simple"},"aioseo_notices":[],"locations":[{"id":1422,"name":"v","slug":"v","quantity":"720"}],"_links":{"self":[{"href":"https:\/\/araratfinland.com\/en\/wp-json\/wp\/v2\/product\/43042","targetHints":{"allow":["GET"]}}],"collection":[{"href":"https:\/\/araratfinland.com\/en\/wp-json\/wp\/v2\/product"}],"about":[{"href":"https:\/\/araratfinland.com\/en\/wp-json\/wp\/v2\/types\/product"}],"version-history":[{"count":1,"href":"https:\/\/araratfinland.com\/en\/wp-json\/wp\/v2\/product\/43042\/revisions"}],"predecessor-version":[{"id":47809,"href":"https:\/\/araratfinland.com\/en\/wp-json\/wp\/v2\/product\/43042\/revisions\/47809"}],"wp:featuredmedia":[{"embeddable":true,"href":"https:\/\/araratfinland.com\/en\/wp-json\/wp\/v2\/media\/83718"}],"wp:attachment":[{"href":"https:\/\/araratfinland.com\/en\/wp-json\/wp\/v2\/media?parent=43042"}],"wp:term":[{"taxonomy":"location","embeddable":true,"href":"https:\/\/araratfinland.com\/en\/wp-json\/wp\/v2\/location?post=43042"},{"taxonomy":"product_brand","embeddable":true,"href":"https:\/\/araratfinland.com\/en\/wp-json\/wp\/v2\/product_brand?post=43042"},{"taxonomy":"product_cat","embeddable":true,"href":"https:\/\/araratfinland.com\/en\/wp-json\/wp\/v2\/product_cat?post=43042"},{"taxonomy":"product_tag","embeddable":true,"href":"https:\/\/araratfinland.com\/en\/wp-json\/wp\/v2\/product_tag?post=43042"}],"curies":[{"name":"wp","href":"https:\/\/api.w.org\/{rel}","templated":true}]}}