{"id":43039,"date":"2024-06-02T02:16:58","date_gmt":"2024-06-01T23:16:58","guid":{"rendered":"https:\/\/araratfinland.com\/product\/indomie-chicken-noodles-8x5x75-g\/"},"modified":"2025-10-06T11:10:04","modified_gmt":"2025-10-06T08:10:04","slug":"indomie-chicken-noodles-8x5x75-g","status":"publish","type":"product","link":"https:\/\/araratfinland.com\/en\/product\/indomie-chicken-noodles-8x5x75-g\/","title":{"rendered":"Indomie chicken noodles 8x5x75 g"},"content":{"rendered":"<h4><span style=\"font-size: 18px;color: #000000\"><strong>Kananuudelit (8 packs).<\/strong><\/span><\/h4>\n<h4><span style=\"color: #000000\"><span style=\"font-size: 18px\"><strong>Ainesosat: Vehn\u00e4jauho<\/strong>, palmu\u00f6ljy antioksidanttia E319,<br \/>suola, happamuudens\u00e4\u00e4t\u00f6aine (E452), (E501), E500),<br \/><\/span><span style=\"font-size: 18px\">v\u00e4ri (E101), sokeri, hiivauute, pippuri, sipuli,<br \/>chilijauhe arominvahventeet (E621), E627, E631),<br \/>sipulijauhe,\u00a0<\/span><span style=\"font-size: 18px\">keinotekoinen aromi, valkosipulijauhe,<br \/>sitruunaruoho happamuudens\u00e4\u00e4t\u00f6aine (E330),<br \/>kurkuma, <strong>inkiv\u00e4\u00e4rijauhe<\/strong>.<\/span><\/span><\/h4>\n<h4><span style=\"font-size: 18px;color: #000000\"><strong>Saattaa sis\u00e4lt\u00e4\u00e4: Soijaa, papua ja kananmunaa.<\/strong><\/span><\/h4>\n<h4><span style=\"font-size: 18px;color: #000000\"><strong>S\u00e4ilytys: <\/strong>S\u00e4ilyt\u00e4 kuivassa paikassa.<\/p>\n<p><strong>Alkuper\u00e4maa:<\/strong><span style=\"font-weight: 400\">\u00a0Indonesia<\/span><br \/><\/span><\/h4>\n<table style=\"width: 370.453px\">\n<tbody>\n<tr style=\"height: 22px\">\n<td style=\"width: 358.453px;height: 22px\" colspan=\"2\"><span style=\"font-size: 18px;color: #000000\"><strong>Ravintosis\u00e4lt\u00f6 per 100g<\/strong><\/span><\/td>\n<\/tr>\n<\/tbody>\n<tbody>\n<tr style=\"height: 22px\">\n<td style=\"width: 184px;height: 22px\"><span style=\"font-size: 18px;color: #000000\">Energia<\/span><\/td>\n<td style=\"width: 174.453px;height: 22px\"><span style=\"font-size: 18px;color: #000000\">1342 kj \/ 321 kcal<\/span><\/td>\n<\/tr>\n<tr style=\"height: 22px\">\n<td style=\"width: 184px;height: 22px\"><span style=\"font-size: 18px;color: #000000\">Rasva<\/span><\/td>\n<td style=\"width: 174.453px;height: 22px\"><span style=\"font-size: 18px;color: #000000\">13 g<\/span><\/td>\n<\/tr>\n<tr style=\"height: 14px\">\n<td style=\"width: 184px;height: 14px\"><span style=\"font-size: 18px;color: #000000\">josta tyydyttyneitt\u00e4<\/span><\/td>\n<td style=\"width: 174.453px;height: 14px\"><span style=\"font-size: 18px;color: #000000\">5 g<\/span><\/td>\n<\/tr>\n<tr style=\"height: 22px\">\n<td style=\"width: 184px;height: 22px\"><span style=\"font-size: 18px;color: #000000\">Hiilihydraatit<\/span><\/td>\n<td style=\"width: 174.453px;height: 22px\"><span style=\"font-size: 18px;color: #000000\">44 g<\/span><\/td>\n<\/tr>\n<tr style=\"height: 35.7656px\">\n<td style=\"width: 184px;height: 35.7656px\">\n<p><span style=\"font-size: 18px;color: #000000\">Sokeri<\/span><\/p>\n<p><span style=\"font-size: 18px;color: #000000\">Kuitu<\/span><\/p>\n<\/td>\n<td style=\"width: 174.453px;height: 35.7656px\">\n<p><span style=\"font-size: 18px;color: #000000\">3 g<\/span><\/p>\n<p><span style=\"font-size: 18px;color: #000000\">3 g<\/span><\/p>\n<\/td>\n<\/tr>\n<tr style=\"height: 22px\">\n<td style=\"width: 184px;height: 22px\"><span style=\"font-size: 18px;color: #000000\">Proteiini<\/span><\/td>\n<td style=\"width: 174.453px;height: 22px\"><span style=\"font-size: 18px;color: #000000\">7 g<\/span><\/td>\n<\/tr>\n<tr style=\"height: 22px\">\n<td style=\"width: 184px;height: 22px\"><span style=\"font-size: 18px;color: #000000\">Suola<\/span><\/td>\n<td style=\"width: 174.453px;height: 22px\"><span style=\"font-size: 18px;color: #000000\">3,3 g<\/span><\/td>\n<\/tr>\n<\/tbody>\n<\/table>\n","protected":false},"excerpt":{"rendered":"<p>Kananuudelit (8 packs). Ainesosat: Vehn\u00e4jauho, palmu\u00f6ljy antioksidanttia E319,suola, happamuudens\u00e4\u00e4t\u00f6aine (E452), (E501), E500),v\u00e4ri (E101), sokeri, hiivauute, pippuri, sipuli,chilijauhe arominvahventeet (E621), E627,<\/p>\n","protected":false},"featured_media":95217,"template":"","meta":{"om_disable_all_campaigns":false,"_monsterinsights_skip_tracking":false,"_monsterinsights_sitenote_active":false,"_monsterinsights_sitenote_note":"","_monsterinsights_sitenote_category":0},"location":[1422],"product_brand":[1423],"product_cat":[1448],"product_tag":[],"class_list":{"0":"post-43039","1":"product","2":"type-product","3":"status-publish","4":"has-post-thumbnail","6":"location-v","7":"product_brand-ararat-ari-food","8":"product_cat-kuiva-tuotteet-en-2","9":"stock_type-ltk-en","11":"first","12":"instock","13":"taxable","14":"shipping-taxable","15":"purchasable","16":"product-type-simple"},"aioseo_notices":[],"locations":[{"id":1422,"name":"v","slug":"v","quantity":"196"}],"_links":{"self":[{"href":"https:\/\/araratfinland.com\/en\/wp-json\/wp\/v2\/product\/43039","targetHints":{"allow":["GET"]}}],"collection":[{"href":"https:\/\/araratfinland.com\/en\/wp-json\/wp\/v2\/product"}],"about":[{"href":"https:\/\/araratfinland.com\/en\/wp-json\/wp\/v2\/types\/product"}],"version-history":[{"count":1,"href":"https:\/\/araratfinland.com\/en\/wp-json\/wp\/v2\/product\/43039\/revisions"}],"predecessor-version":[{"id":57293,"href":"https:\/\/araratfinland.com\/en\/wp-json\/wp\/v2\/product\/43039\/revisions\/57293"}],"wp:featuredmedia":[{"embeddable":true,"href":"https:\/\/araratfinland.com\/en\/wp-json\/wp\/v2\/media\/95217"}],"wp:attachment":[{"href":"https:\/\/araratfinland.com\/en\/wp-json\/wp\/v2\/media?parent=43039"}],"wp:term":[{"taxonomy":"location","embeddable":true,"href":"https:\/\/araratfinland.com\/en\/wp-json\/wp\/v2\/location?post=43039"},{"taxonomy":"product_brand","embeddable":true,"href":"https:\/\/araratfinland.com\/en\/wp-json\/wp\/v2\/product_brand?post=43039"},{"taxonomy":"product_cat","embeddable":true,"href":"https:\/\/araratfinland.com\/en\/wp-json\/wp\/v2\/product_cat?post=43039"},{"taxonomy":"product_tag","embeddable":true,"href":"https:\/\/araratfinland.com\/en\/wp-json\/wp\/v2\/product_tag?post=43039"}],"curies":[{"name":"wp","href":"https:\/\/api.w.org\/{rel}","templated":true}]}}