{"id":43024,"date":"2024-06-02T02:16:55","date_gmt":"2024-06-01T23:16:55","guid":{"rendered":"https:\/\/araratfinland.com\/product\/qib-naudan-gril-makkara-400-g-388\/"},"modified":"2025-11-10T13:59:53","modified_gmt":"2025-11-10T11:59:53","slug":"qib-naudan-gril-makkara-400-g-388","status":"publish","type":"product","link":"https:\/\/araratfinland.com\/en\/product\/qib-naudan-gril-makkara-400-g-388\/","title":{"rendered":"Qibbla Naudan Grilli Makkara 400 g (388)"},"content":{"rendered":"<h4><span style=\"font-size: 19px;color: #000000\"><strong>Qibbla naudan grilli makkara 300.<\/strong><\/span><\/h4>\n<h4><span style=\"color: #000000\"><span style=\"font-size: 19px\"><strong>Ainesosat: <\/strong>Mekaanisesti erotettu liha (36% kananpojan,<br \/>19% kalkkunan), vesi, kananrasva ja nahka,\u00a0<\/span><span style=\"font-size: 19px\">kananpojan liha 7%,<br \/>naudan liha 2%, perunat\u00e4rkelys, suola, dekstoosi, mausteet,<br \/>s\u00e4il\u00f6nt\u00e4aine: E450, E262;\u00a0<\/span><span style=\"font-size: 19px\">vihannesjauhe (punajuuri), savu,<br \/>s\u00e4il\u00f6nt\u00e4aine: E250; sy\u00f6tt\u00e4v\u00e4ss\u00e4 kuoressa naudan kollageeni.<\/span><\/span><\/h4>\n<h4><span style=\"font-size: 19px;color: #000000\"><strong>S\u00e4ilytys:<\/strong> S\u00e4ilyt\u00e4 j\u00e4\u00e4kaapissa.<\/span><\/h4>\n<table style=\"height: 361px;width: 407.219px\">\n<tbody>\n<tr style=\"height: 7px\">\n<td style=\"width: 387.219px;height: 7px\" colspan=\"2\"><span style=\"font-size: 19px;color: #000000\"><strong>Ravintosis\u00e4lt\u00f6 per 100g<\/strong><\/span><\/td>\n<\/tr>\n<\/tbody>\n<tbody>\n<tr style=\"height: 14px\">\n<td style=\"width: 203px;height: 14px\"><span style=\"font-size: 19px;color: #000000\">Energiaa<\/span><\/td>\n<td style=\"width: 184.219px;height: 14px\"><span style=\"font-size: 19px;color: #000000\">960 kj \/ 231 kcal<\/span><\/td>\n<\/tr>\n<tr style=\"height: 14px\">\n<td style=\"width: 203px;height: 14px\"><span style=\"font-size: 19px;color: #000000\">Rasva<\/span><\/td>\n<td style=\"width: 184.219px;height: 14px\"><span style=\"font-size: 19px;color: #000000\">18 g<\/span><\/td>\n<\/tr>\n<tr style=\"height: 3px\">\n<td style=\"width: 203px;height: 3px\"><span style=\"font-size: 19px;color: #000000\">josta tyydyttynytt\u00e4<\/span><\/td>\n<td style=\"width: 184.219px;height: 3px\"><span style=\"font-size: 19px;color: #000000\">5,7 g<\/span><\/td>\n<\/tr>\n<tr style=\"height: 20px\">\n<td style=\"width: 203px;height: 20px\"><span style=\"font-size: 19px;color: #000000\">Hiilihydraatit<\/span><\/td>\n<td style=\"width: 184.219px;height: 20px\"><span style=\"font-size: 19px;color: #000000\">5,3 g<\/span><\/td>\n<\/tr>\n<tr style=\"height: 4px\">\n<td style=\"width: 203px;height: 4px\"><span style=\"color: #000000\">\u00a0<\/span><\/td>\n<td style=\"width: 184.219px;height: 4px\"><span style=\"color: #000000\">\u00a0<\/span><\/td>\n<\/tr>\n<\/tbody>\n<\/table>\n","protected":false},"excerpt":{"rendered":"<p>Qibbla naudan grilli makkara 300. Ainesosat: Mekaanisesti erotettu liha (36% kananpojan,19% kalkkunan), vesi, kananrasva ja nahka,\u00a0kananpojan liha 7%,naudan liha 2%,<\/p>\n","protected":false},"featured_media":100103,"template":"","meta":{"om_disable_all_campaigns":false,"_monsterinsights_skip_tracking":false,"_monsterinsights_sitenote_active":false,"_monsterinsights_sitenote_note":"","_monsterinsights_sitenote_category":0},"location":[1422],"product_brand":[1423],"product_cat":[1362],"product_tag":[],"class_list":{"0":"post-43024","1":"product","2":"type-product","3":"status-publish","4":"has-post-thumbnail","6":"location-v","7":"product_brand-ararat-ari-food","8":"product_cat-salamit-fi","9":"stock_type-pss-en","11":"first","12":"instock","13":"taxable","14":"shipping-taxable","15":"purchasable","16":"product-type-simple"},"aioseo_notices":[],"locations":[{"id":1422,"name":"v","slug":"v","quantity":"72"}],"_links":{"self":[{"href":"https:\/\/araratfinland.com\/en\/wp-json\/wp\/v2\/product\/43024","targetHints":{"allow":["GET"]}}],"collection":[{"href":"https:\/\/araratfinland.com\/en\/wp-json\/wp\/v2\/product"}],"about":[{"href":"https:\/\/araratfinland.com\/en\/wp-json\/wp\/v2\/types\/product"}],"version-history":[{"count":2,"href":"https:\/\/araratfinland.com\/en\/wp-json\/wp\/v2\/product\/43024\/revisions"}],"predecessor-version":[{"id":52654,"href":"https:\/\/araratfinland.com\/en\/wp-json\/wp\/v2\/product\/43024\/revisions\/52654"}],"wp:featuredmedia":[{"embeddable":true,"href":"https:\/\/araratfinland.com\/en\/wp-json\/wp\/v2\/media\/100103"}],"wp:attachment":[{"href":"https:\/\/araratfinland.com\/en\/wp-json\/wp\/v2\/media?parent=43024"}],"wp:term":[{"taxonomy":"location","embeddable":true,"href":"https:\/\/araratfinland.com\/en\/wp-json\/wp\/v2\/location?post=43024"},{"taxonomy":"product_brand","embeddable":true,"href":"https:\/\/araratfinland.com\/en\/wp-json\/wp\/v2\/product_brand?post=43024"},{"taxonomy":"product_cat","embeddable":true,"href":"https:\/\/araratfinland.com\/en\/wp-json\/wp\/v2\/product_cat?post=43024"},{"taxonomy":"product_tag","embeddable":true,"href":"https:\/\/araratfinland.com\/en\/wp-json\/wp\/v2\/product_tag?post=43024"}],"curies":[{"name":"wp","href":"https:\/\/api.w.org\/{rel}","templated":true}]}}