{"id":43019,"date":"2024-06-02T02:16:54","date_gmt":"2024-06-01T23:16:54","guid":{"rendered":"https:\/\/araratfinland.com\/product\/qibbla-makkara-24x330-g-2\/"},"modified":"2025-09-29T15:26:20","modified_gmt":"2025-09-29T12:26:20","slug":"qibbla-makkara-24x330-g-2","status":"publish","type":"product","link":"https:\/\/araratfinland.com\/en\/product\/qibbla-makkara-24x330-g-2\/","title":{"rendered":"Qibbla makkara 24&#215;330 g"},"content":{"rendered":"<h4><span style=\"font-size: 19px;color: #000000\"><strong>Qibbla nakki.<\/strong><\/span><\/h4>\n<h4><span style=\"color: #000000\"><span style=\"font-size: 19px\"><strong>Ainesosat: <\/strong>Kananliha 63%, kanan iho, vesi 5%,<br \/>naudanlihaa, perunat\u00e4rkkelyst\u00e4, sokeri,\u00a0<\/span><span style=\"font-size: 19px\">sipuli,<br \/>stabilointiaineita (E450, E451), mausteet,<br \/>hiivauute, punajuurijauhe, suola, glukoosi,<br \/><\/span><span style=\"font-size: 19px\">hapetumisenestoaine, (natriumaskorbaattia,<br \/>askrobiinihappoa), mausteuutteet.<\/p>\n<p><\/span><span style=\"font-size: 19px\"><strong>Sis\u00e4lt\u00e4\u00e4 gluteenia.<\/strong><\/span><\/span><\/h4>\n<h4><span style=\"font-size: 19px;color: #000000\"><strong>S\u00e4ilytys: <\/strong>Pakastin: 48 tuntia.<br \/>Syv\u00e4j\u00e4\u00e4ss\u00e4: -6\u2103: 1 viikko, -12\u2103: 3 viikoa.<\/span><\/h4>\n<table style=\"height: 361px;width: 421.094px\">\n<tbody>\n<tr style=\"height: 6.1875px\">\n<td style=\"width: 403.094px;height: 6.1875px\" colspan=\"2\"><span style=\"font-size: 19px;color: #000000\"><strong>Ravintosis\u00e4lt\u00f6 per 100g<\/strong><\/span><\/td>\n<\/tr>\n<\/tbody>\n<tbody>\n<tr style=\"height: 26px\">\n<td style=\"width: 216px;height: 26px\"><span style=\"font-size: 19px;color: #000000\">Energiaa<\/span><\/td>\n<td style=\"width: 187.094px;height: 26px\"><span style=\"font-size: 19px;color: #000000\">1037 kj \/ 249 kcal<\/span><\/td>\n<\/tr>\n<tr style=\"height: 14px\">\n<td style=\"width: 216px;height: 14px\"><span style=\"font-size: 19px;color: #000000\">Rasva<\/span><\/td>\n<td style=\"width: 187.094px;height: 14px\"><span style=\"font-size: 19px;color: #000000\">19,4 g<\/span><\/td>\n<\/tr>\n<tr style=\"height: 28px\">\n<td style=\"width: 216px;height: 28px\"><span style=\"font-size: 19px;color: #000000\">josta tyydyttynytt\u00e4<\/span><\/td>\n<td style=\"width: 187.094px;height: 28px\"><span style=\"font-size: 19px;color: #000000\">6,1 g<\/span><\/td>\n<\/tr>\n<tr style=\"height: 6px\">\n<td style=\"width: 216px;height: 6px\"><span style=\"font-size: 19px;color: #000000\">Hiilihydraatit<\/span><\/td>\n<td style=\"width: 187.094px;height: 6px\"><span style=\"font-size: 19px;color: #000000\">9,7 g<\/span><\/td>\n<\/tr>\n<tr style=\"height: 6px\">\n<td style=\"width: 216px;height: 6px\"><span style=\"font-size: 19px;color: #000000\">josta sokereita<\/span><\/td>\n<td style=\"width: 187.094px;height: 6px\"><span style=\"font-size: 19px;color: #000000\">1,5 g<\/span><\/td>\n<\/tr>\n<tr style=\"height: 7px\">\n<td style=\"width: 216px;height: 7px\"><span style=\"font-size: 19px;color: #000000\">Proteiini<\/span><\/td>\n<td style=\"width: 187.094px;height: 7px\"><span style=\"font-size: 19px;color: #000000\">9,1 g<\/span><\/td>\n<\/tr>\n<tr style=\"height: 4px\">\n<td style=\"width: 216px;height: 4px\"><span style=\"font-size: 19px;color: #000000\">Suola<\/span><\/td>\n<td style=\"width: 187.094px;height: 4px\"><span style=\"font-size: 19px;color: #000000\">1,8 g<\/span><\/td>\n<\/tr>\n<\/tbody>\n<\/table>\n","protected":false},"excerpt":{"rendered":"<p>Qibbla nakki. Ainesosat: Kananliha 63%, kanan iho, vesi 5%,naudanlihaa, perunat\u00e4rkkelyst\u00e4, sokeri,\u00a0sipuli,stabilointiaineita (E450, E451), mausteet,hiivauute, punajuurijauhe, suola, glukoosi,hapetumisenestoaine, (natriumaskorbaattia,askrobiinihappoa), mausteuutteet. Sis\u00e4lt\u00e4\u00e4<\/p>\n","protected":false},"featured_media":93967,"template":"","meta":{"om_disable_all_campaigns":false,"_monsterinsights_skip_tracking":false,"_monsterinsights_sitenote_active":false,"_monsterinsights_sitenote_note":"","_monsterinsights_sitenote_category":0},"location":[1422],"product_brand":[1423],"product_cat":[1464],"product_tag":[],"class_list":{"0":"post-43019","1":"product","2":"type-product","3":"status-publish","4":"has-post-thumbnail","6":"location-v","7":"product_brand-ararat-ari-food","8":"product_cat-pakasteet-en-2","9":"stock_type-ltk-en","11":"first","12":"instock","13":"taxable","14":"shipping-taxable","15":"purchasable","16":"product-type-simple"},"aioseo_notices":[],"locations":[{"id":1422,"name":"v","slug":"v","quantity":"19"}],"_links":{"self":[{"href":"https:\/\/araratfinland.com\/en\/wp-json\/wp\/v2\/product\/43019","targetHints":{"allow":["GET"]}}],"collection":[{"href":"https:\/\/araratfinland.com\/en\/wp-json\/wp\/v2\/product"}],"about":[{"href":"https:\/\/araratfinland.com\/en\/wp-json\/wp\/v2\/types\/product"}],"version-history":[{"count":1,"href":"https:\/\/araratfinland.com\/en\/wp-json\/wp\/v2\/product\/43019\/revisions"}],"predecessor-version":[{"id":49876,"href":"https:\/\/araratfinland.com\/en\/wp-json\/wp\/v2\/product\/43019\/revisions\/49876"}],"wp:featuredmedia":[{"embeddable":true,"href":"https:\/\/araratfinland.com\/en\/wp-json\/wp\/v2\/media\/93967"}],"wp:attachment":[{"href":"https:\/\/araratfinland.com\/en\/wp-json\/wp\/v2\/media?parent=43019"}],"wp:term":[{"taxonomy":"location","embeddable":true,"href":"https:\/\/araratfinland.com\/en\/wp-json\/wp\/v2\/location?post=43019"},{"taxonomy":"product_brand","embeddable":true,"href":"https:\/\/araratfinland.com\/en\/wp-json\/wp\/v2\/product_brand?post=43019"},{"taxonomy":"product_cat","embeddable":true,"href":"https:\/\/araratfinland.com\/en\/wp-json\/wp\/v2\/product_cat?post=43019"},{"taxonomy":"product_tag","embeddable":true,"href":"https:\/\/araratfinland.com\/en\/wp-json\/wp\/v2\/product_tag?post=43019"}],"curies":[{"name":"wp","href":"https:\/\/api.w.org\/{rel}","templated":true}]}}