{"id":43002,"date":"2024-06-02T02:16:50","date_gmt":"2024-06-01T23:16:50","guid":{"rendered":"https:\/\/araratfinland.com\/product\/hemani-mustard-hair-oil-200-ml\/"},"modified":"2025-09-11T14:23:31","modified_gmt":"2025-09-11T11:23:31","slug":"hemani-mustard-hair-oil-200-ml","status":"publish","type":"product","link":"https:\/\/araratfinland.com\/en\/product\/hemani-mustard-hair-oil-200-ml\/","title":{"rendered":"Hemani Mustard Hair Oil 200 ml"},"content":{"rendered":"<div><span style=\"color: #000000\"><span style=\"font-size: 18px\"><strong>Hemani sinappi hius\u00f6ljy<br \/>(Manteli\u00f6ljy ja kookos\u00f6ljy).<br \/>Ainesosat:<\/strong> Sinappi\u00f6ljy, manteli\u00f6ljy, kookos\u00f6ljy.<br \/><strong>S\u00e4ilytys:<\/strong><\/span>\u00a0<\/span><span style=\"font-size: 18px\"><span style=\"color: #000000\">Kuivassa ja viile\u00e4ss\u00e4 pai<span style=\"background-color: #ffffff\">kassa.<\/span><\/span><br \/><\/span><\/div>\n","protected":false},"excerpt":{"rendered":"<p>Hemani sinappi hius\u00f6ljy(Manteli\u00f6ljy ja kookos\u00f6ljy).Ainesosat: Sinappi\u00f6ljy, manteli\u00f6ljy, kookos\u00f6ljy.S\u00e4ilytys:\u00a0Kuivassa ja viile\u00e4ss\u00e4 paikassa.<\/p>\n","protected":false},"featured_media":89948,"template":"","meta":{"om_disable_all_campaigns":false,"_monsterinsights_skip_tracking":false,"_monsterinsights_sitenote_active":false,"_monsterinsights_sitenote_note":"","_monsterinsights_sitenote_category":0},"location":[1422],"product_brand":[1423],"product_cat":[1372],"product_tag":[],"class_list":{"0":"post-43002","1":"product","2":"type-product","3":"status-publish","4":"has-post-thumbnail","6":"location-v","7":"product_brand-ararat-ari-food","8":"product_cat-hemani-tuotteet-fi","9":"stock_type-pll-en","11":"first","12":"instock","13":"taxable","14":"shipping-taxable","15":"purchasable","16":"product-type-simple"},"aioseo_notices":[],"locations":[{"id":1422,"name":"v","slug":"v","quantity":"0"}],"_links":{"self":[{"href":"https:\/\/araratfinland.com\/en\/wp-json\/wp\/v2\/product\/43002","targetHints":{"allow":["GET"]}}],"collection":[{"href":"https:\/\/araratfinland.com\/en\/wp-json\/wp\/v2\/product"}],"about":[{"href":"https:\/\/araratfinland.com\/en\/wp-json\/wp\/v2\/types\/product"}],"version-history":[{"count":1,"href":"https:\/\/araratfinland.com\/en\/wp-json\/wp\/v2\/product\/43002\/revisions"}],"predecessor-version":[{"id":53967,"href":"https:\/\/araratfinland.com\/en\/wp-json\/wp\/v2\/product\/43002\/revisions\/53967"}],"wp:featuredmedia":[{"embeddable":true,"href":"https:\/\/araratfinland.com\/en\/wp-json\/wp\/v2\/media\/89948"}],"wp:attachment":[{"href":"https:\/\/araratfinland.com\/en\/wp-json\/wp\/v2\/media?parent=43002"}],"wp:term":[{"taxonomy":"location","embeddable":true,"href":"https:\/\/araratfinland.com\/en\/wp-json\/wp\/v2\/location?post=43002"},{"taxonomy":"product_brand","embeddable":true,"href":"https:\/\/araratfinland.com\/en\/wp-json\/wp\/v2\/product_brand?post=43002"},{"taxonomy":"product_cat","embeddable":true,"href":"https:\/\/araratfinland.com\/en\/wp-json\/wp\/v2\/product_cat?post=43002"},{"taxonomy":"product_tag","embeddable":true,"href":"https:\/\/araratfinland.com\/en\/wp-json\/wp\/v2\/product_tag?post=43002"}],"curies":[{"name":"wp","href":"https:\/\/api.w.org\/{rel}","templated":true}]}}