{"id":42990,"date":"2024-06-02T02:16:48","date_gmt":"2024-06-01T23:16:48","guid":{"rendered":"https:\/\/araratfinland.com\/product\/11-canned-mix-litteh-630-g\/"},"modified":"2025-10-13T15:59:01","modified_gmt":"2025-10-13T12:59:01","slug":"11-canned-mix-litteh-630-g","status":"publish","type":"product","link":"https:\/\/araratfinland.com\/en\/product\/11-canned-mix-litteh-630-g\/","title":{"rendered":"1&amp;1 Canned Mix Litteh 630g"},"content":{"rendered":"<h4><span style=\"font-size: 18px;color: #000000\"><strong>Pikkel\u00f6idyt litteh (pikkel\u00f6ity munakoiso ja sekavihannekset).<\/strong><\/span><\/h4>\n<h4><span style=\"color: #000000\"><span style=\"font-size: 18px\"><strong>Ainesosat:\u00a0<\/strong>Etikka, munakoiso, suolakurkkua, kukkakaalia,<br \/><\/span><span style=\"font-size: 18px\">porkkanaa, <strong>selleri\u00e4<\/strong>, valkosipulia, persiljaa, minttu,<br \/><\/span><span style=\"font-size: 18px\">puhdistettua suolaa (2,2%), mausteita (nigella, rakuuna,<br \/><\/span><span style=\"font-size: 18px\">paprika, kurkuma), vett\u00e4.<\/span><\/span><\/h4>\n<h4><span style=\"font-size: 18px;color: #000000\"><strong>Alkuper\u00e4maa: <\/strong>Irani.<\/span><\/h4>\n<h4><span style=\"font-size: 18px;color: #000000\"><strong>S\u00e4ilytys: <\/strong>Pid\u00e4 viile\u00e4ss\u00e4 ja pime\u00e4ss\u00e4 paikassa.<\/span><br \/><span style=\"font-size: 18px;color: #000000\">Avaamisen j\u00e4lkeen s\u00e4ilyt\u00e4 j\u00e4\u00e4kaapissa.<\/span><\/h4>\n","protected":false},"excerpt":{"rendered":"<p>Pikkel\u00f6idyt litteh (pikkel\u00f6ity munakoiso ja sekavihannekset). Ainesosat:\u00a0Etikka, munakoiso, suolakurkkua, kukkakaalia,porkkanaa, selleri\u00e4, valkosipulia, persiljaa, minttu,puhdistettua suolaa (2,2%), mausteita (nigella, rakuuna,paprika, kurkuma),<\/p>\n","protected":false},"featured_media":96519,"template":"","meta":{"om_disable_all_campaigns":false,"_monsterinsights_skip_tracking":false,"_monsterinsights_sitenote_active":false,"_monsterinsights_sitenote_note":"","_monsterinsights_sitenote_category":0},"location":[1422],"product_brand":[1423],"product_cat":[1360],"product_tag":[],"class_list":{"0":"post-42990","1":"product","2":"type-product","3":"status-publish","4":"has-post-thumbnail","6":"location-v","7":"product_brand-ararat-ari-food","8":"product_cat-silykeetvihannekset-fi","9":"stock_type-pcs-en","11":"first","12":"instock","13":"taxable","14":"shipping-taxable","15":"purchasable","16":"product-type-simple"},"aioseo_notices":[],"locations":[{"id":1422,"name":"v","slug":"v","quantity":"0"}],"_links":{"self":[{"href":"https:\/\/araratfinland.com\/en\/wp-json\/wp\/v2\/product\/42990","targetHints":{"allow":["GET"]}}],"collection":[{"href":"https:\/\/araratfinland.com\/en\/wp-json\/wp\/v2\/product"}],"about":[{"href":"https:\/\/araratfinland.com\/en\/wp-json\/wp\/v2\/types\/product"}],"version-history":[{"count":2,"href":"https:\/\/araratfinland.com\/en\/wp-json\/wp\/v2\/product\/42990\/revisions"}],"predecessor-version":[{"id":49377,"href":"https:\/\/araratfinland.com\/en\/wp-json\/wp\/v2\/product\/42990\/revisions\/49377"}],"wp:featuredmedia":[{"embeddable":true,"href":"https:\/\/araratfinland.com\/en\/wp-json\/wp\/v2\/media\/96519"}],"wp:attachment":[{"href":"https:\/\/araratfinland.com\/en\/wp-json\/wp\/v2\/media?parent=42990"}],"wp:term":[{"taxonomy":"location","embeddable":true,"href":"https:\/\/araratfinland.com\/en\/wp-json\/wp\/v2\/location?post=42990"},{"taxonomy":"product_brand","embeddable":true,"href":"https:\/\/araratfinland.com\/en\/wp-json\/wp\/v2\/product_brand?post=42990"},{"taxonomy":"product_cat","embeddable":true,"href":"https:\/\/araratfinland.com\/en\/wp-json\/wp\/v2\/product_cat?post=42990"},{"taxonomy":"product_tag","embeddable":true,"href":"https:\/\/araratfinland.com\/en\/wp-json\/wp\/v2\/product_tag?post=42990"}],"curies":[{"name":"wp","href":"https:\/\/api.w.org\/{rel}","templated":true}]}}