{"id":42984,"date":"2024-06-02T02:16:47","date_gmt":"2024-06-01T23:16:47","guid":{"rendered":"https:\/\/araratfinland.com\/product\/durra-suolakurkku-1400g\/"},"modified":"2025-01-27T11:09:19","modified_gmt":"2025-01-27T09:09:19","slug":"durra-suolakurkku-1400g","status":"publish","type":"product","link":"https:\/\/araratfinland.com\/en\/product\/durra-suolakurkku-1400g\/","title":{"rendered":"Durra Suolakurkku 1400g"},"content":{"rendered":"<h4><span style=\"font-size: 19px;color: #000000\"><strong>Suolakurkku.<\/strong><\/span><\/h4>\n<h4><span style=\"font-size: 19px;color: #000000\"><strong>Ainesosat: <\/strong>Kurkut (50%), vesi (45%), suola (4%),<br \/>happamuudens\u00e4\u00e4t\u00f6aine: E260 (1%).<\/span><\/h4>\n<h4><span style=\"font-size: 19px;color: #000000\"><strong>S\u00e4ilytys: <\/strong>S\u00e4ilytett\u00e4v\u00e4 viile\u00e4ss\u00e4 ja kuivassa paikassa.<br \/>J\u00e4\u00e4kaapissa avaamisen j\u00e4lkeen.<\/span><\/h4>\n<table style=\"width: 401.484px\">\n<tbody>\n<tr>\n<td style=\"width: 380.484px\" colspan=\"2\"><span style=\"font-size: 19px;color: #000000\"><strong>Ravintosis\u00e4lt\u00f6 per 100g<\/strong><\/span><\/td>\n<\/tr>\n<\/tbody>\n<tbody>\n<tr>\n<td style=\"width: 209px\"><span style=\"font-size: 19px;color: #000000\">Energia<\/span><\/td>\n<td style=\"width: 171.484px\"><span style=\"font-size: 19px;color: #000000\">46 kj \/ 11 kcal<\/span><\/td>\n<\/tr>\n<tr>\n<td style=\"width: 209px\"><span style=\"font-size: 19px;color: #000000\">Rasva<\/span><\/td>\n<td style=\"width: 171.484px\"><span style=\"font-size: 19px;color: #000000\">0,2 g<\/span><\/td>\n<\/tr>\n<tr>\n<td style=\"width: 209px\"><span style=\"font-size: 19px;color: #000000\">josta tyydyttyneitt\u00e4<\/span><\/td>\n<td style=\"width: 171.484px\"><span style=\"font-size: 19px;color: #000000\">0 g<\/span><\/td>\n<\/tr>\n<tr>\n<td style=\"width: 209px\"><span style=\"font-size: 19px;color: #000000\">Hiilihydraatit<\/span><\/td>\n<td style=\"width: 171.484px\"><span style=\"font-size: 19px;color: #000000\">1,2 g<\/span><\/td>\n<\/tr>\n<tr>\n<td style=\"width: 209px\"><span style=\"font-size: 19px;color: #000000\">josta sokereita<\/span><\/td>\n<td style=\"width: 171.484px\"><span style=\"font-size: 19px;color: #000000\">0 g<\/span><\/td>\n<\/tr>\n<tr>\n<td style=\"width: 209px\"><span style=\"font-size: 19px;color: #000000\">Proteiini<\/span><\/td>\n<td style=\"width: 171.484px\"><span style=\"font-size: 19px;color: #000000\">0,8 g<\/span><\/td>\n<\/tr>\n<tr>\n<td style=\"width: 209px\"><span style=\"font-size: 19px;color: #000000\">Suola<\/span><\/td>\n<td style=\"width: 171.484px\"><span style=\"font-size: 19px;color: #000000\">4,0 g<\/span><\/td>\n<\/tr>\n<\/tbody>\n<\/table>\n","protected":false},"excerpt":{"rendered":"<p>Suolakurkku. Ainesosat: Kurkut (50%), vesi (45%), suola (4%),happamuudens\u00e4\u00e4t\u00f6aine: E260 (1%). S\u00e4ilytys: S\u00e4ilytett\u00e4v\u00e4 viile\u00e4ss\u00e4 ja kuivassa paikassa.J\u00e4\u00e4kaapissa avaamisen j\u00e4lkeen. Ravintosis\u00e4lt\u00f6 per<\/p>\n","protected":false},"featured_media":66944,"template":"","meta":{"om_disable_all_campaigns":false,"_monsterinsights_skip_tracking":false,"_monsterinsights_sitenote_active":false,"_monsterinsights_sitenote_note":"","_monsterinsights_sitenote_category":0},"location":[1422],"product_brand":[1423],"product_cat":[1360],"product_tag":[],"class_list":{"0":"post-42984","1":"product","2":"type-product","3":"status-publish","4":"has-post-thumbnail","6":"location-v","7":"product_brand-ararat-ari-food","8":"product_cat-silykeetvihannekset-fi","9":"stock_type-lasi-en","11":"first","12":"instock","13":"taxable","14":"shipping-taxable","15":"purchasable","16":"product-type-simple"},"aioseo_notices":[],"locations":[{"id":1422,"name":"v","slug":"v","quantity":"0"}],"_links":{"self":[{"href":"https:\/\/araratfinland.com\/en\/wp-json\/wp\/v2\/product\/42984","targetHints":{"allow":["GET"]}}],"collection":[{"href":"https:\/\/araratfinland.com\/en\/wp-json\/wp\/v2\/product"}],"about":[{"href":"https:\/\/araratfinland.com\/en\/wp-json\/wp\/v2\/types\/product"}],"version-history":[{"count":1,"href":"https:\/\/araratfinland.com\/en\/wp-json\/wp\/v2\/product\/42984\/revisions"}],"predecessor-version":[{"id":56045,"href":"https:\/\/araratfinland.com\/en\/wp-json\/wp\/v2\/product\/42984\/revisions\/56045"}],"wp:featuredmedia":[{"embeddable":true,"href":"https:\/\/araratfinland.com\/en\/wp-json\/wp\/v2\/media\/66944"}],"wp:attachment":[{"href":"https:\/\/araratfinland.com\/en\/wp-json\/wp\/v2\/media?parent=42984"}],"wp:term":[{"taxonomy":"location","embeddable":true,"href":"https:\/\/araratfinland.com\/en\/wp-json\/wp\/v2\/location?post=42984"},{"taxonomy":"product_brand","embeddable":true,"href":"https:\/\/araratfinland.com\/en\/wp-json\/wp\/v2\/product_brand?post=42984"},{"taxonomy":"product_cat","embeddable":true,"href":"https:\/\/araratfinland.com\/en\/wp-json\/wp\/v2\/product_cat?post=42984"},{"taxonomy":"product_tag","embeddable":true,"href":"https:\/\/araratfinland.com\/en\/wp-json\/wp\/v2\/product_tag?post=42984"}],"curies":[{"name":"wp","href":"https:\/\/api.w.org\/{rel}","templated":true}]}}