{"id":42977,"date":"2024-06-02T02:16:45","date_gmt":"2024-06-01T23:16:45","guid":{"rendered":"https:\/\/araratfinland.com\/product\/herkkusieni-viipaleita-1380-g\/"},"modified":"2025-09-12T12:40:45","modified_gmt":"2025-09-12T09:40:45","slug":"herkkusieni-viipaleita-1380-g","status":"publish","type":"product","link":"https:\/\/araratfinland.com\/en\/product\/herkkusieni-viipaleita-1380-g\/","title":{"rendered":"Herkkusieni viipaleita 1380 g"},"content":{"rendered":"<h4><span style=\"font-size: 19px;color: #000000\"><strong>Herkkusieni viipaleita.<\/strong><\/span><\/h4>\n<h4><span style=\"color: #000000\"><span style=\"font-size: 19px\"><strong>Ainesosat: <\/strong>Viipaloidut herkkusienet, vesi, suola,<br \/>happamuudens\u00e4\u00e4t\u00f6aine &#8211;\u00a0<\/span><span style=\"font-size: 19px\">sitruunahappo,<br \/>antioksidantti &#8211; askorbiinihappo.<\/span><\/span><\/h4>\n<h4><span style=\"color: #000000\"><span style=\"font-size: 19px\"><strong>S\u00e4ilytys: <\/strong>Kuivassa ja viile\u00e4ss\u00e4 paikassa.<br \/>Avaamisen j\u00e4lkeen s\u00e4ilyt\u00e4 j\u00e4\u00e4kaapissa<br \/><\/span><span style=\"font-size: 19px\">ja kuluttaa 48 tunnin kuluessa.<\/span><\/span><\/h4>\n<table style=\"height: 361px;width: 394.219px\">\n<tbody>\n<tr style=\"height: 14px\">\n<td style=\"width: 375.219px;height: 14px\" colspan=\"2\"><span style=\"font-size: 19px;color: #000000\"><strong>Ravintosis\u00e4lt\u00f6 per 100g<\/strong><\/span><\/td>\n<\/tr>\n<\/tbody>\n<tbody>\n<tr style=\"height: 18px\">\n<td style=\"width: 210px;height: 18px\"><span style=\"font-size: 19px;color: #000000\">Energiaa<\/span><\/td>\n<td style=\"width: 165.219px;height: 18px\"><span style=\"font-size: 19px;color: #000000\">84 kj \/20 kcal<\/span><\/td>\n<\/tr>\n<tr style=\"height: 12px\">\n<td style=\"width: 210px;height: 12px\"><span style=\"font-size: 19px;color: #000000\">Rasva<\/span><\/td>\n<td style=\"width: 165.219px;height: 12px\"><span style=\"font-size: 19px;color: #000000\"><\/p>\n","protected":false},"excerpt":{"rendered":"<p>Herkkusieni viipaleita. Ainesosat: Viipaloidut herkkusienet, vesi, suola,happamuudens\u00e4\u00e4t\u00f6aine &#8211;\u00a0sitruunahappo,antioksidantti &#8211; askorbiinihappo. S\u00e4ilytys: Kuivassa ja viile\u00e4ss\u00e4 paikassa.Avaamisen j\u00e4lkeen s\u00e4ilyt\u00e4 j\u00e4\u00e4kaapissaja kuluttaa 48<\/p>\n","protected":false},"featured_media":91269,"template":"","meta":{"om_disable_all_campaigns":false,"_monsterinsights_skip_tracking":false,"_monsterinsights_sitenote_active":false,"_monsterinsights_sitenote_note":"","_monsterinsights_sitenote_category":0},"location":[1422],"product_brand":[1423],"product_cat":[1469],"product_tag":[],"class_list":{"0":"post-42977","1":"product","2":"type-product","3":"status-publish","4":"has-post-thumbnail","6":"location-v","7":"product_brand-ararat-ari-food","8":"product_cat-restaurant-en-2","9":"stock_type-prk-en","11":"first","12":"instock","13":"taxable","14":"shipping-taxable","15":"purchasable","16":"product-type-simple"},"aioseo_notices":[],"locations":[{"id":1422,"name":"v","slug":"v","quantity":"495"}],"_links":{"self":[{"href":"https:\/\/araratfinland.com\/en\/wp-json\/wp\/v2\/product\/42977","targetHints":{"allow":["GET"]}}],"collection":[{"href":"https:\/\/araratfinland.com\/en\/wp-json\/wp\/v2\/product"}],"about":[{"href":"https:\/\/araratfinland.com\/en\/wp-json\/wp\/v2\/types\/product"}],"version-history":[{"count":1,"href":"https:\/\/araratfinland.com\/en\/wp-json\/wp\/v2\/product\/42977\/revisions"}],"predecessor-version":[{"id":68450,"href":"https:\/\/araratfinland.com\/en\/wp-json\/wp\/v2\/product\/42977\/revisions\/68450"}],"wp:featuredmedia":[{"embeddable":true,"href":"https:\/\/araratfinland.com\/en\/wp-json\/wp\/v2\/media\/91269"}],"wp:attachment":[{"href":"https:\/\/araratfinland.com\/en\/wp-json\/wp\/v2\/media?parent=42977"}],"wp:term":[{"taxonomy":"location","embeddable":true,"href":"https:\/\/araratfinland.com\/en\/wp-json\/wp\/v2\/location?post=42977"},{"taxonomy":"product_brand","embeddable":true,"href":"https:\/\/araratfinland.com\/en\/wp-json\/wp\/v2\/product_brand?post=42977"},{"taxonomy":"product_cat","embeddable":true,"href":"https:\/\/araratfinland.com\/en\/wp-json\/wp\/v2\/product_cat?post=42977"},{"taxonomy":"product_tag","embeddable":true,"href":"https:\/\/araratfinland.com\/en\/wp-json\/wp\/v2\/product_tag?post=42977"}],"curies":[{"name":"wp","href":"https:\/\/api.w.org\/{rel}","templated":true}]}}