{"id":42973,"date":"2024-06-02T02:16:44","date_gmt":"2024-06-01T23:16:44","guid":{"rendered":"https:\/\/araratfinland.com\/product\/basra-taateli-siirappi-450-g\/"},"modified":"2025-09-22T10:11:40","modified_gmt":"2025-09-22T07:11:40","slug":"basra-taateli-siirappi-450-g","status":"publish","type":"product","link":"https:\/\/araratfinland.com\/en\/product\/basra-taateli-siirappi-450-g\/","title":{"rendered":"Basra taateli siirappi 450 g"},"content":{"rendered":"<p><span style=\"font-size: 18px;color: #000000\"><strong>Ainesosat:<\/strong> Taateli 100%.<\/span><br \/><span style=\"font-size: 18px;color: #000000\"><strong>S\u00e4ilytys:<\/strong> Kuivassa ja viile\u00e4ss\u00e4 paikassa.<br \/><strong>Parasta ennen<\/strong>:katso tuote\u00a0<\/span><\/p>\n","protected":false},"excerpt":{"rendered":"<p>Ainesosat: Taateli 100%.S\u00e4ilytys: Kuivassa ja viile\u00e4ss\u00e4 paikassa.Parasta ennen:katso tuote\u00a0<\/p>\n","protected":false},"featured_media":92756,"template":"","meta":{"om_disable_all_campaigns":false,"_monsterinsights_skip_tracking":false,"_monsterinsights_sitenote_active":false,"_monsterinsights_sitenote_note":"","_monsterinsights_sitenote_category":0},"location":[1422],"product_brand":[1423],"product_cat":[1333],"product_tag":[],"class_list":{"0":"post-42973","1":"product","2":"type-product","3":"status-publish","4":"has-post-thumbnail","6":"location-v","7":"product_brand-ararat-ari-food","8":"product_cat-hillot-siirapit-en","9":"stock_type-prk-en","11":"first","12":"instock","13":"taxable","14":"shipping-taxable","15":"purchasable","16":"product-type-simple"},"aioseo_notices":[],"locations":[{"id":1422,"name":"v","slug":"v","quantity":"240"}],"_links":{"self":[{"href":"https:\/\/araratfinland.com\/en\/wp-json\/wp\/v2\/product\/42973","targetHints":{"allow":["GET"]}}],"collection":[{"href":"https:\/\/araratfinland.com\/en\/wp-json\/wp\/v2\/product"}],"about":[{"href":"https:\/\/araratfinland.com\/en\/wp-json\/wp\/v2\/types\/product"}],"version-history":[{"count":1,"href":"https:\/\/araratfinland.com\/en\/wp-json\/wp\/v2\/product\/42973\/revisions"}],"predecessor-version":[{"id":46630,"href":"https:\/\/araratfinland.com\/en\/wp-json\/wp\/v2\/product\/42973\/revisions\/46630"}],"wp:featuredmedia":[{"embeddable":true,"href":"https:\/\/araratfinland.com\/en\/wp-json\/wp\/v2\/media\/92756"}],"wp:attachment":[{"href":"https:\/\/araratfinland.com\/en\/wp-json\/wp\/v2\/media?parent=42973"}],"wp:term":[{"taxonomy":"location","embeddable":true,"href":"https:\/\/araratfinland.com\/en\/wp-json\/wp\/v2\/location?post=42973"},{"taxonomy":"product_brand","embeddable":true,"href":"https:\/\/araratfinland.com\/en\/wp-json\/wp\/v2\/product_brand?post=42973"},{"taxonomy":"product_cat","embeddable":true,"href":"https:\/\/araratfinland.com\/en\/wp-json\/wp\/v2\/product_cat?post=42973"},{"taxonomy":"product_tag","embeddable":true,"href":"https:\/\/araratfinland.com\/en\/wp-json\/wp\/v2\/product_tag?post=42973"}],"curies":[{"name":"wp","href":"https:\/\/api.w.org\/{rel}","templated":true}]}}