{"id":42961,"date":"2024-06-02T02:16:42","date_gmt":"2024-06-01T23:16:42","guid":{"rendered":"https:\/\/araratfinland.com\/product\/samra-appelsiinin-kukka-vesi-245-ml-2\/"},"modified":"2025-07-11T12:47:17","modified_gmt":"2025-07-11T09:47:17","slug":"samra-appelsiinin-kukka-vesi-245-ml-2","status":"publish","type":"product","link":"https:\/\/araratfinland.com\/en\/product\/samra-appelsiinin-kukka-vesi-245-ml-2\/","title":{"rendered":"Samra appelsiinin kukka vesi 245 ml"},"content":{"rendered":"<h4><span style=\"font-size: 18px;color: #000000\"><strong>Appelsiinin kukka vesi.<\/strong><\/span><\/h4>\n<h4><span style=\"font-size: 18px;color: #000000\"><strong>Ainesosat: <\/strong>Vesi, makeutettu.<\/span><\/h4>\n<h4><span style=\"font-size: 18px;color: #000000\"><strong>S\u00e4ilytys: <\/strong>Huoneen l\u00e4mm\u00f6ss\u00e4,<br \/>suojattuna valolta.<\/span><\/h4>\n<h4><span style=\"font-size: 18px;color: #000000\"><strong>Alkuper\u00e4maa: <\/strong>Belgia.<\/span><\/h4>\n<table style=\"width: 315.281px\">\n<tbody>\n<tr>\n<td style=\"width: 297.281px\" colspan=\"2\"><span style=\"font-size: 18px;color: #000000\"><strong>Ravintosis\u00e4lt\u00f6 per 100g<\/strong><\/span><\/td>\n<\/tr>\n<\/tbody>\n<tbody>\n<tr>\n<td style=\"width: 201px\"><span style=\"font-size: 18px;color: #000000\">Energia<\/span><\/td>\n<td style=\"width: 96.2812px\"><span style=\"color: #000000\">\u00a0<\/span><\/td>\n<\/tr>\n<tr>\n<td style=\"width: 201px\"><span style=\"font-size: 18px;color: #000000\">Rasva<\/span><\/td>\n<td style=\"width: 96.2812px\"><span style=\"font-size: 18px;color: #000000\"><\/p>\n","protected":false},"excerpt":{"rendered":"<p>Appelsiinin kukka vesi. Ainesosat: Vesi, makeutettu. S\u00e4ilytys: Huoneen l\u00e4mm\u00f6ss\u00e4,suojattuna valolta. Alkuper\u00e4maa: Belgia. Ravintosis\u00e4lt\u00f6 per 100g Energia \u00a0 Rasva<\/p>\n","protected":false},"featured_media":81875,"template":"","meta":{"om_disable_all_campaigns":false,"_monsterinsights_skip_tracking":false,"_monsterinsights_sitenote_active":false,"_monsterinsights_sitenote_note":"","_monsterinsights_sitenote_category":0},"location":[1422],"product_brand":[1423],"product_cat":[1480],"product_tag":[],"class_list":{"0":"post-42961","1":"product","2":"type-product","3":"status-publish","4":"has-post-thumbnail","6":"location-v","7":"product_brand-ararat-ari-food","8":"product_cat-mehut-nesteet-en","9":"stock_type-pcs-en","11":"first","12":"instock","13":"taxable","14":"shipping-taxable","15":"purchasable","16":"product-type-simple"},"aioseo_notices":[],"locations":[{"id":1422,"name":"v","slug":"v","quantity":"0"}],"_links":{"self":[{"href":"https:\/\/araratfinland.com\/en\/wp-json\/wp\/v2\/product\/42961","targetHints":{"allow":["GET"]}}],"collection":[{"href":"https:\/\/araratfinland.com\/en\/wp-json\/wp\/v2\/product"}],"about":[{"href":"https:\/\/araratfinland.com\/en\/wp-json\/wp\/v2\/types\/product"}],"version-history":[{"count":1,"href":"https:\/\/araratfinland.com\/en\/wp-json\/wp\/v2\/product\/42961\/revisions"}],"predecessor-version":[{"id":69784,"href":"https:\/\/araratfinland.com\/en\/wp-json\/wp\/v2\/product\/42961\/revisions\/69784"}],"wp:featuredmedia":[{"embeddable":true,"href":"https:\/\/araratfinland.com\/en\/wp-json\/wp\/v2\/media\/81875"}],"wp:attachment":[{"href":"https:\/\/araratfinland.com\/en\/wp-json\/wp\/v2\/media?parent=42961"}],"wp:term":[{"taxonomy":"location","embeddable":true,"href":"https:\/\/araratfinland.com\/en\/wp-json\/wp\/v2\/location?post=42961"},{"taxonomy":"product_brand","embeddable":true,"href":"https:\/\/araratfinland.com\/en\/wp-json\/wp\/v2\/product_brand?post=42961"},{"taxonomy":"product_cat","embeddable":true,"href":"https:\/\/araratfinland.com\/en\/wp-json\/wp\/v2\/product_cat?post=42961"},{"taxonomy":"product_tag","embeddable":true,"href":"https:\/\/araratfinland.com\/en\/wp-json\/wp\/v2\/product_tag?post=42961"}],"curies":[{"name":"wp","href":"https:\/\/api.w.org\/{rel}","templated":true}]}}