{"id":42957,"date":"2024-06-02T02:16:41","date_gmt":"2024-06-01T23:16:41","guid":{"rendered":"https:\/\/araratfinland.com\/product\/tosca-pasta-1-kg\/"},"modified":"2025-09-11T14:38:22","modified_gmt":"2025-09-11T11:38:22","slug":"tosca-pasta-1-kg","status":"publish","type":"product","link":"https:\/\/araratfinland.com\/en\/product\/tosca-pasta-1-kg\/","title":{"rendered":"Tosca pasta 1 kg"},"content":{"rendered":"<p><span style=\"font-size: 18px;color: #000000\"><strong>Vermicelli.<\/p>\n<p>Ainesosat:<\/strong>\u00a0<strong>Durumvehn\u00e4n<\/strong>\u00a0mannasuurimoa.<br \/><strong>Saattaa sis\u00e4lt\u00e4\u00e4:\u00a0Kanamuna.<br \/><\/strong><br \/><strong>S\u00e4ilytys:<\/strong>\u00a0Kuivassa ja viile\u00e4ss\u00e4 paikassa.<\/p>\n<p><\/span> <\/p>\n<table style=\"width: 329.516px\">\n<tbody>\n<tr style=\"height: 22px\">\n<td style=\"width: 318.516px;height: 22px\" colspan=\"2\"><span style=\"font-size: 18px;color: #000000\"><strong>Ravintosis\u00e4lt\u00f6 per 100g<\/strong><\/span><\/td>\n<\/tr>\n<\/tbody>\n<tbody>\n<tr style=\"height: 16px\">\n<td style=\"width: 146px;height: 16px\"><span style=\"font-size: 18px;color: #000000\">Energia<\/span><\/td>\n<td style=\"width: 172.516px;height: 16px\"><span style=\"font-size: 18px;color: #000000\">1500 kj \/ 354 kcal<\/span><\/td>\n<\/tr>\n<tr style=\"height: 22px\">\n<td style=\"width: 146px;height: 22px\"><span style=\"font-size: 18px;color: #000000\">Rasva<\/span><\/td>\n<td style=\"width: 172.516px;height: 22px\"><span style=\"font-size: 18px;color: #000000\">1,5 g<\/span><\/td>\n<\/tr>\n<tr style=\"height: 44px\">\n<td style=\"width: 146px;height: 44px\"><span style=\"font-size: 18px;color: #000000\">josta tyydyttyneitt\u00e4<\/span><\/td>\n<td style=\"width: 172.516px;height: 44px\"><span style=\"font-size: 18px;color: #000000\">0,1 g<\/span><\/td>\n<\/tr>\n<tr style=\"height: 22px\">\n<td style=\"width: 146px;height: 22px\"><span style=\"font-size: 18px;color: #000000\">Hiilihydraatit<\/span><\/td>\n<td style=\"width: 172.516px;height: 22px\"><span style=\"font-size: 18px;color: #000000\">72 g<\/span><\/td>\n<\/tr>\n<tr style=\"height: 12px\">\n<td style=\"width: 146px;height: 12px\">\n<p><span style=\"font-size: 18px;color: #000000\">josta sokereita<\/span><\/p>\n<p><span style=\"font-size: 18px;color: #000000\">Kuitu<\/span><\/p>\n<\/td>\n<td style=\"width: 172.516px;height: 12px\">\n<p><span style=\"font-size: 18px;color: #000000\">3,5 g<\/span><\/p>\n<p><span style=\"font-size: 18px;color: #000000\">2,5 g<\/span><\/p>\n<\/td>\n<\/tr>\n<tr style=\"height: 22px\">\n<td style=\"width: 146px;height: 22px\"><span style=\"font-size: 18px;color: #000000\">Proteiini<\/span><\/td>\n<td style=\"width: 172.516px;height: 22px\"><span style=\"font-size: 18px;color: #000000\">11,8 g<\/span><\/td>\n<\/tr>\n<tr style=\"height: 22px\">\n<td style=\"width: 146px;height: 22px\"><span style=\"font-size: 18px;color: #000000\">Suola<\/span><\/td>\n<td style=\"width: 172.516px;height: 22px\"><span style=\"font-size: 18px;color: #000000\">0,025 g<br \/><\/span><\/td>\n<\/tr>\n<\/tbody>\n<\/table>\n","protected":false},"excerpt":{"rendered":"<p>Vermicelli. Ainesosat:\u00a0Durumvehn\u00e4n\u00a0mannasuurimoa.Saattaa sis\u00e4lt\u00e4\u00e4:\u00a0Kanamuna.S\u00e4ilytys:\u00a0Kuivassa ja viile\u00e4ss\u00e4 paikassa. Ravintosis\u00e4lt\u00f6 per 100g Energia 1500 kj \/ 354 kcal Rasva 1,5 g josta tyydyttyneitt\u00e4<\/p>\n","protected":false},"featured_media":90250,"template":"","meta":{"om_disable_all_campaigns":false,"_monsterinsights_skip_tracking":false,"_monsterinsights_sitenote_active":false,"_monsterinsights_sitenote_note":"","_monsterinsights_sitenote_category":0},"location":[1422],"product_brand":[1423],"product_cat":[1448],"product_tag":[],"class_list":{"0":"post-42957","1":"product","2":"type-product","3":"status-publish","4":"has-post-thumbnail","6":"location-v","7":"product_brand-ararat-ari-food","8":"product_cat-kuiva-tuotteet-en-2","9":"stock_type-pcs-en","11":"first","12":"instock","13":"taxable","14":"shipping-taxable","15":"purchasable","16":"product-type-simple"},"aioseo_notices":[],"locations":[{"id":1422,"name":"v","slug":"v","quantity":"380"}],"_links":{"self":[{"href":"https:\/\/araratfinland.com\/en\/wp-json\/wp\/v2\/product\/42957","targetHints":{"allow":["GET"]}}],"collection":[{"href":"https:\/\/araratfinland.com\/en\/wp-json\/wp\/v2\/product"}],"about":[{"href":"https:\/\/araratfinland.com\/en\/wp-json\/wp\/v2\/types\/product"}],"version-history":[{"count":1,"href":"https:\/\/araratfinland.com\/en\/wp-json\/wp\/v2\/product\/42957\/revisions"}],"predecessor-version":[{"id":49736,"href":"https:\/\/araratfinland.com\/en\/wp-json\/wp\/v2\/product\/42957\/revisions\/49736"}],"wp:featuredmedia":[{"embeddable":true,"href":"https:\/\/araratfinland.com\/en\/wp-json\/wp\/v2\/media\/90250"}],"wp:attachment":[{"href":"https:\/\/araratfinland.com\/en\/wp-json\/wp\/v2\/media?parent=42957"}],"wp:term":[{"taxonomy":"location","embeddable":true,"href":"https:\/\/araratfinland.com\/en\/wp-json\/wp\/v2\/location?post=42957"},{"taxonomy":"product_brand","embeddable":true,"href":"https:\/\/araratfinland.com\/en\/wp-json\/wp\/v2\/product_brand?post=42957"},{"taxonomy":"product_cat","embeddable":true,"href":"https:\/\/araratfinland.com\/en\/wp-json\/wp\/v2\/product_cat?post=42957"},{"taxonomy":"product_tag","embeddable":true,"href":"https:\/\/araratfinland.com\/en\/wp-json\/wp\/v2\/product_tag?post=42957"}],"curies":[{"name":"wp","href":"https:\/\/api.w.org\/{rel}","templated":true}]}}