{"id":42932,"date":"2024-06-02T02:16:36","date_gmt":"2024-06-01T23:16:36","guid":{"rendered":"https:\/\/araratfinland.com\/product\/sebahat-halva-vanilja-350g\/"},"modified":"2025-09-05T14:27:26","modified_gmt":"2025-09-05T11:27:26","slug":"sebahat-halva-vanilja-350g","status":"publish","type":"product","link":"https:\/\/araratfinland.com\/en\/product\/sebahat-halva-vanilja-350g\/","title":{"rendered":"Sebahat Halva Vanilja 350g"},"content":{"rendered":"<h4><span style=\"font-size: 18px;color: #000000\"><strong>Halva vaniljanmakuinen.<\/strong><\/span><\/h4>\n<h4><span style=\"color: #000000\"><span style=\"font-size: 18px\"><strong>Ainesosat: Seesamipasta 55%,<\/strong> sokeri, happamoittaja:<br \/>sitruunahappo,\u00a0<\/span><span style=\"font-size: 18px\">emulgointiaine: mono- ja diglyseridit,<br \/>rasvahapot (palmu\u00f6ljy), aromi (vanilja).<\/span><\/span><\/h4>\n<h4><span style=\"font-size: 18px;color: #000000\"><strong>S\u00e4ilytys: <\/strong>Kuivassa ja viile\u00e4ss\u00e4 paikassa.<\/span><\/h4>\n<table style=\"width: 381.531px\">\n<tbody>\n<tr>\n<td style=\"width: 362.531px\" colspan=\"2\"><span style=\"font-size: 18px;color: #000000\"><strong>Ravintosis\u00e4lt\u00f6 per 100g<\/strong><\/span><\/td>\n<\/tr>\n<\/tbody>\n<tbody>\n<tr>\n<td style=\"width: 194px\"><span style=\"font-size: 18px;color: #000000\">Energia<\/span><\/td>\n<td style=\"width: 168.531px\"><span style=\"font-size: 18px;color: #000000\">2297 kJ \/551 kcal<\/span><\/td>\n<\/tr>\n<tr>\n<td style=\"width: 194px\"><span style=\"font-size: 18px;color: #000000\">Rasva<\/span><\/td>\n<td style=\"width: 168.531px\"><span style=\"font-size: 18px;color: #000000\">34 g<\/span><\/td>\n<\/tr>\n<tr>\n<td style=\"width: 194px\"><span style=\"font-size: 18px;color: #000000\">josta tyydyttyneitt\u00e4<\/span><\/td>\n<td style=\"width: 168.531px\"><span style=\"font-size: 18px;color: #000000\">6,1 g<\/span><\/td>\n<\/tr>\n<tr>\n<td style=\"width: 194px\"><span style=\"font-size: 18px;color: #000000\">Hiilihydraatit<\/span><\/td>\n<td style=\"width: 168.531px\"><span style=\"font-size: 18px;color: #000000\">47 g<\/span><\/td>\n<\/tr>\n<tr>\n<td style=\"width: 194px\"><span style=\"font-size: 18px;color: #000000\">josta sokereita<\/span><\/td>\n<td style=\"width: 168.531px\"><span style=\"font-size: 18px;color: #000000\">36 g<\/span><\/td>\n<\/tr>\n<tr>\n<td style=\"width: 194px\"><span style=\"font-size: 18px;color: #000000\">Proteiini<\/span><\/td>\n<td style=\"width: 168.531px\"><span style=\"font-size: 18px;color: #000000\">12 g<\/span><\/td>\n<\/tr>\n<tr>\n<td style=\"width: 194px\"><span style=\"font-size: 18px;color: #000000\">Suola<\/span><\/td>\n<td style=\"width: 168.531px\"><span style=\"font-size: 18px;color: #000000\">0,2 g<\/span><\/td>\n<\/tr>\n<\/tbody>\n<\/table>\n","protected":false},"excerpt":{"rendered":"<p>Halva vaniljanmakuinen. Ainesosat: Seesamipasta 55%, sokeri, happamoittaja:sitruunahappo,\u00a0emulgointiaine: mono- ja diglyseridit,rasvahapot (palmu\u00f6ljy), aromi (vanilja). S\u00e4ilytys: Kuivassa ja viile\u00e4ss\u00e4 paikassa. Ravintosis\u00e4lt\u00f6 per<\/p>\n","protected":false},"featured_media":87880,"template":"","meta":{"om_disable_all_campaigns":false,"_monsterinsights_skip_tracking":false,"_monsterinsights_sitenote_active":false,"_monsterinsights_sitenote_note":"","_monsterinsights_sitenote_category":0},"location":[1422],"product_brand":[1423],"product_cat":[1324],"product_tag":[],"class_list":{"0":"post-42932","1":"product","2":"type-product","3":"status-publish","4":"has-post-thumbnail","6":"location-v","7":"product_brand-ararat-ari-food","8":"product_cat-makeiset-fi","9":"stock_type-pcs-en","11":"first","12":"instock","13":"taxable","14":"shipping-taxable","15":"purchasable","16":"product-type-simple"},"aioseo_notices":[],"locations":[{"id":1422,"name":"v","slug":"v","quantity":"187"}],"_links":{"self":[{"href":"https:\/\/araratfinland.com\/en\/wp-json\/wp\/v2\/product\/42932","targetHints":{"allow":["GET"]}}],"collection":[{"href":"https:\/\/araratfinland.com\/en\/wp-json\/wp\/v2\/product"}],"about":[{"href":"https:\/\/araratfinland.com\/en\/wp-json\/wp\/v2\/types\/product"}],"version-history":[{"count":1,"href":"https:\/\/araratfinland.com\/en\/wp-json\/wp\/v2\/product\/42932\/revisions"}],"predecessor-version":[{"id":46451,"href":"https:\/\/araratfinland.com\/en\/wp-json\/wp\/v2\/product\/42932\/revisions\/46451"}],"wp:featuredmedia":[{"embeddable":true,"href":"https:\/\/araratfinland.com\/en\/wp-json\/wp\/v2\/media\/87880"}],"wp:attachment":[{"href":"https:\/\/araratfinland.com\/en\/wp-json\/wp\/v2\/media?parent=42932"}],"wp:term":[{"taxonomy":"location","embeddable":true,"href":"https:\/\/araratfinland.com\/en\/wp-json\/wp\/v2\/location?post=42932"},{"taxonomy":"product_brand","embeddable":true,"href":"https:\/\/araratfinland.com\/en\/wp-json\/wp\/v2\/product_brand?post=42932"},{"taxonomy":"product_cat","embeddable":true,"href":"https:\/\/araratfinland.com\/en\/wp-json\/wp\/v2\/product_cat?post=42932"},{"taxonomy":"product_tag","embeddable":true,"href":"https:\/\/araratfinland.com\/en\/wp-json\/wp\/v2\/product_tag?post=42932"}],"curies":[{"name":"wp","href":"https:\/\/api.w.org\/{rel}","templated":true}]}}