{"id":42923,"date":"2024-06-02T02:16:34","date_gmt":"2024-06-01T23:16:34","guid":{"rendered":"https:\/\/araratfinland.com\/product\/vimto-drink-710-ml-2\/"},"modified":"2025-10-27T14:14:56","modified_gmt":"2025-10-27T12:14:56","slug":"vimto-drink-710-ml-2","status":"publish","type":"product","link":"https:\/\/araratfinland.com\/en\/product\/vimto-drink-710-ml-2\/","title":{"rendered":"Vimto drink 710 ml"},"content":{"rendered":"<div>\n<div><span style=\"color: #000000\"><span style=\"font-size: 18px\"><strong>Ainesosat:<\/strong>\u00a0Sokeri, vesi, musta porkkana,<br \/>mustaherukka\u00a0<\/span><span style=\"font-size: 18px\">mehutiiviste, v\u00e4ri karamelli,<br \/>mausteyrtit, p\u00e4\u00e4ryn\u00e4 mehutiiviste,<\/span><\/span><\/div>\n<div><span style=\"color: #000000\"><span style=\"font-size: 18px\">happamuuden s\u00e4\u00e4t\u00e4j\u00e4 (E330), s\u00e4il\u00f6nt\u00e4aine (E211).\u00a0<\/span><span style=\"font-size: 18px\"><\/p>\n<p><strong>S\u00e4ilytys:\u00a0<\/strong><\/span><span style=\"font-size: 18px\">Kuivassa ja viile\u00e4ss\u00e4,<br \/>paikassa poissa auringolta.<\/p>\n<p><\/span><\/span> <\/p>\n<table style=\"width: 372px\">\n<tbody>\n<tr style=\"height: 22px\">\n<td style=\"width: 357px;height: 22px\" colspan=\"2\"><span style=\"font-size: 18px;color: #000000\"><strong>Ravintosis\u00e4lt\u00f6 per 100g<\/strong><\/span><\/td>\n<\/tr>\n<\/tbody>\n<tbody>\n<tr style=\"height: 22px\">\n<td style=\"width: 201.625px;height: 22px\"><span style=\"font-size: 18px;color: #000000\">Energia<\/span><\/td>\n<td style=\"width: 155.375px;height: 22px\"><span style=\"font-size: 18px;color: #000000\">222 kJ \/ 53 kcal<\/span><\/td>\n<\/tr>\n<tr style=\"height: 22px\">\n<td style=\"width: 201.625px;height: 22px\"><span style=\"font-size: 18px;color: #000000\">Rasva<\/span><\/td>\n<td style=\"width: 155.375px;height: 22px\"><span style=\"font-size: 18px;color: #000000\">0 g<\/span><\/td>\n<\/tr>\n<tr style=\"height: 16px\">\n<td style=\"width: 201.625px;height: 16px\"><span style=\"font-size: 18px;color: #000000\">josta tyydyttyneitt\u00e4<\/span><\/td>\n<td style=\"width: 155.375px;height: 16px\"><span style=\"font-size: 18px;color: #000000\">0 g<\/span><\/td>\n<\/tr>\n<tr style=\"height: 22px\">\n<td style=\"width: 201.625px;height: 22px\"><span style=\"font-size: 18px;color: #000000\">Hiilihydraatit<\/span><\/td>\n<td style=\"width: 155.375px;height: 22px\"><span style=\"font-size: 18px;color: #000000\">13,3 g<\/span><\/td>\n<\/tr>\n<tr style=\"height: 22px\">\n<td style=\"width: 201.625px;height: 22px\"><span style=\"font-size: 18px;color: #000000\">josta sokereita<\/span><\/td>\n<td style=\"width: 155.375px;height: 22px\"><span style=\"font-size: 18px;color: #000000\">13,2 g<\/span><\/td>\n<\/tr>\n<tr style=\"height: 22px\">\n<td style=\"width: 201.625px;height: 22px\"><span style=\"font-size: 18px;color: #000000\">Proteiini<\/span><\/td>\n<td style=\"width: 155.375px;height: 22px\"><span style=\"font-size: 18px;color: #000000\">0 g<\/span><\/td>\n<\/tr>\n<tr style=\"height: 22px\">\n<td style=\"width: 201.625px;height: 22px\"><span style=\"font-size: 18px;color: #000000\">Suola<br \/><\/span><\/td>\n<td style=\"width: 155.375px;height: 22px\"><span style=\"font-size: 18px;color: #000000\">2,2 mg<br \/><\/span><\/td>\n<\/tr>\n<\/tbody>\n<\/table><\/div>\n<\/p><\/div>\n","protected":false},"excerpt":{"rendered":"<p>Ainesosat:\u00a0Sokeri, vesi, musta porkkana,mustaherukka\u00a0mehutiiviste, v\u00e4ri karamelli,mausteyrtit, p\u00e4\u00e4ryn\u00e4 mehutiiviste, happamuuden s\u00e4\u00e4t\u00e4j\u00e4 (E330), s\u00e4il\u00f6nt\u00e4aine (E211).\u00a0 S\u00e4ilytys:\u00a0Kuivassa ja viile\u00e4ss\u00e4,paikassa poissa auringolta. Ravintosis\u00e4lt\u00f6 per<\/p>\n","protected":false},"featured_media":98210,"template":"","meta":{"om_disable_all_campaigns":false,"_monsterinsights_skip_tracking":false,"_monsterinsights_sitenote_active":false,"_monsterinsights_sitenote_note":"","_monsterinsights_sitenote_category":0},"location":[1422],"product_brand":[1423],"product_cat":[1480],"product_tag":[],"class_list":{"0":"post-42923","1":"product","2":"type-product","3":"status-publish","4":"has-post-thumbnail","6":"location-v","7":"product_brand-ararat-ari-food","8":"product_cat-mehut-nesteet-en","9":"stock_type-kpl-en","11":"first","12":"instock","13":"taxable","14":"shipping-taxable","15":"purchasable","16":"product-type-simple"},"aioseo_notices":[],"locations":[{"id":1422,"name":"v","slug":"v","quantity":"120"}],"_links":{"self":[{"href":"https:\/\/araratfinland.com\/en\/wp-json\/wp\/v2\/product\/42923","targetHints":{"allow":["GET"]}}],"collection":[{"href":"https:\/\/araratfinland.com\/en\/wp-json\/wp\/v2\/product"}],"about":[{"href":"https:\/\/araratfinland.com\/en\/wp-json\/wp\/v2\/types\/product"}],"version-history":[{"count":1,"href":"https:\/\/araratfinland.com\/en\/wp-json\/wp\/v2\/product\/42923\/revisions"}],"predecessor-version":[{"id":48832,"href":"https:\/\/araratfinland.com\/en\/wp-json\/wp\/v2\/product\/42923\/revisions\/48832"}],"wp:featuredmedia":[{"embeddable":true,"href":"https:\/\/araratfinland.com\/en\/wp-json\/wp\/v2\/media\/98210"}],"wp:attachment":[{"href":"https:\/\/araratfinland.com\/en\/wp-json\/wp\/v2\/media?parent=42923"}],"wp:term":[{"taxonomy":"location","embeddable":true,"href":"https:\/\/araratfinland.com\/en\/wp-json\/wp\/v2\/location?post=42923"},{"taxonomy":"product_brand","embeddable":true,"href":"https:\/\/araratfinland.com\/en\/wp-json\/wp\/v2\/product_brand?post=42923"},{"taxonomy":"product_cat","embeddable":true,"href":"https:\/\/araratfinland.com\/en\/wp-json\/wp\/v2\/product_cat?post=42923"},{"taxonomy":"product_tag","embeddable":true,"href":"https:\/\/araratfinland.com\/en\/wp-json\/wp\/v2\/product_tag?post=42923"}],"curies":[{"name":"wp","href":"https:\/\/api.w.org\/{rel}","templated":true}]}}