{"id":42910,"date":"2024-06-02T02:16:31","date_gmt":"2024-06-01T23:16:31","guid":{"rendered":"https:\/\/araratfinland.com\/product\/geisha-jack-makrilli-tomaattikastikkeessa-425g\/"},"modified":"2025-09-12T10:58:59","modified_gmt":"2025-09-12T07:58:59","slug":"geisha-jack-makrilli-tomaattikastikkeessa-425g","status":"publish","type":"product","link":"https:\/\/araratfinland.com\/en\/product\/geisha-jack-makrilli-tomaattikastikkeessa-425g\/","title":{"rendered":"Geisha Jack Makrilli Tomaattikastikkeessa 425g"},"content":{"rendered":"<div><span style=\"color: #000000\"><span style=\"font-size: 18px\"><strong>Ainesosat:<\/strong>\u00a0Makrilli 60%, vesi,\u00a0<\/span><span style=\"font-size: 18px\">tomaattisose, tapioka,<br \/>sokeri, suola,\u00a0<\/span><span style=\"font-size: 18px\">sakeuttamisaine (E415).<br \/><\/span><\/span><\/div>\n<div><span style=\"font-size: 18px;color: #000000\"><strong>S\u00e4ilytys:<\/strong>\u00a0S\u00e4ilyt\u00e4 viile\u00e4ss\u00e4 ja kuivassa paikassa.<br \/><strong>Alkuper\u00e4maa:<\/strong>\u00a0Kiinaa<\/span><\/div>\n","protected":false},"excerpt":{"rendered":"<p>Ainesosat:\u00a0Makrilli 60%, vesi,\u00a0tomaattisose, tapioka,sokeri, suola,\u00a0sakeuttamisaine (E415). S\u00e4ilytys:\u00a0S\u00e4ilyt\u00e4 viile\u00e4ss\u00e4 ja kuivassa paikassa.Alkuper\u00e4maa:\u00a0Kiinaa<\/p>\n","protected":false},"featured_media":90953,"template":"","meta":{"om_disable_all_campaigns":false,"_monsterinsights_skip_tracking":false,"_monsterinsights_sitenote_active":false,"_monsterinsights_sitenote_note":"","_monsterinsights_sitenote_category":0},"location":[1422],"product_brand":[1423],"product_cat":[1360],"product_tag":[],"class_list":{"0":"post-42910","1":"product","2":"type-product","3":"status-publish","4":"has-post-thumbnail","6":"location-v","7":"product_brand-ararat-ari-food","8":"product_cat-silykeetvihannekset-fi","9":"stock_type-prk-en","11":"first","12":"instock","13":"taxable","14":"shipping-taxable","15":"purchasable","16":"product-type-simple"},"aioseo_notices":[],"locations":[{"id":1422,"name":"v","slug":"v","quantity":"40"}],"_links":{"self":[{"href":"https:\/\/araratfinland.com\/en\/wp-json\/wp\/v2\/product\/42910","targetHints":{"allow":["GET"]}}],"collection":[{"href":"https:\/\/araratfinland.com\/en\/wp-json\/wp\/v2\/product"}],"about":[{"href":"https:\/\/araratfinland.com\/en\/wp-json\/wp\/v2\/types\/product"}],"version-history":[{"count":1,"href":"https:\/\/araratfinland.com\/en\/wp-json\/wp\/v2\/product\/42910\/revisions"}],"predecessor-version":[{"id":89566,"href":"https:\/\/araratfinland.com\/en\/wp-json\/wp\/v2\/product\/42910\/revisions\/89566"}],"wp:featuredmedia":[{"embeddable":true,"href":"https:\/\/araratfinland.com\/en\/wp-json\/wp\/v2\/media\/90953"}],"wp:attachment":[{"href":"https:\/\/araratfinland.com\/en\/wp-json\/wp\/v2\/media?parent=42910"}],"wp:term":[{"taxonomy":"location","embeddable":true,"href":"https:\/\/araratfinland.com\/en\/wp-json\/wp\/v2\/location?post=42910"},{"taxonomy":"product_brand","embeddable":true,"href":"https:\/\/araratfinland.com\/en\/wp-json\/wp\/v2\/product_brand?post=42910"},{"taxonomy":"product_cat","embeddable":true,"href":"https:\/\/araratfinland.com\/en\/wp-json\/wp\/v2\/product_cat?post=42910"},{"taxonomy":"product_tag","embeddable":true,"href":"https:\/\/araratfinland.com\/en\/wp-json\/wp\/v2\/product_tag?post=42910"}],"curies":[{"name":"wp","href":"https:\/\/api.w.org\/{rel}","templated":true}]}}