{"id":42898,"date":"2024-06-02T02:16:29","date_gmt":"2024-06-01T23:16:29","guid":{"rendered":"https:\/\/araratfinland.com\/product\/teashop-maamoul-480g\/"},"modified":"2025-11-10T10:17:08","modified_gmt":"2025-11-10T08:17:08","slug":"teashop-maamoul-480g","status":"publish","type":"product","link":"https:\/\/araratfinland.com\/en\/product\/teashop-maamoul-480g\/","title":{"rendered":"Teashop Maamoul 480g"},"content":{"rendered":"<h4><span style=\"color: #000000\"><span style=\"font-size: 18px\">Ainesosat: Taateli ,vehn\u00e4jauho (gluteeniton),<br \/>hydrattu kasvi\u00f6ljy (palmu \/ soija), sokeri,<br \/><\/span><span style=\"font-size: 18px\">nestem\u00e4inen glykoosi, kasvivoi, maissit\u00e4rkkelys,<br \/>kananmuna, herajauhe, hunaja, suola,<br \/><\/span><span style=\"font-size: 18px\">natriumbikarbonaatti, vaniljan aromit.<\/span><\/span><\/h4>\n<h4><span style=\"font-size: 18px;color: #000000\">S\u00e4ilytys: S\u00e4ilyt\u00e4 viile\u00e4ss\u00e4 ja kuivassa paikassa.<\/span><\/h4>\n<h4><span style=\"font-size: 20px;color: #000000\">Sis\u00e4lt\u00e4\u00e4 vehn\u00e4, maito, kanamuna!<\/span><\/h4>\n","protected":false},"excerpt":{"rendered":"<p>Ainesosat: Taateli ,vehn\u00e4jauho (gluteeniton),hydrattu kasvi\u00f6ljy (palmu \/ soija), sokeri,nestem\u00e4inen glykoosi, kasvivoi, maissit\u00e4rkkelys,kananmuna, herajauhe, hunaja, suola,natriumbikarbonaatti, vaniljan aromit. S\u00e4ilytys: S\u00e4ilyt\u00e4 viile\u00e4ss\u00e4<\/p>\n","protected":false},"featured_media":99891,"template":"","meta":{"om_disable_all_campaigns":false,"_monsterinsights_skip_tracking":false,"_monsterinsights_sitenote_active":false,"_monsterinsights_sitenote_note":"","_monsterinsights_sitenote_category":0},"location":[1422],"product_brand":[1423],"product_cat":[1326],"product_tag":[],"class_list":{"0":"post-42898","1":"product","2":"type-product","3":"status-publish","4":"has-post-thumbnail","6":"location-v","7":"product_brand-ararat-ari-food","8":"product_cat-keksit-leivokset-fi","9":"stock_type-pcs-en","11":"first","12":"instock","13":"taxable","14":"shipping-taxable","15":"purchasable","16":"product-type-simple"},"aioseo_notices":[],"locations":[{"id":1422,"name":"v","slug":"v","quantity":"60"}],"_links":{"self":[{"href":"https:\/\/araratfinland.com\/en\/wp-json\/wp\/v2\/product\/42898","targetHints":{"allow":["GET"]}}],"collection":[{"href":"https:\/\/araratfinland.com\/en\/wp-json\/wp\/v2\/product"}],"about":[{"href":"https:\/\/araratfinland.com\/en\/wp-json\/wp\/v2\/types\/product"}],"version-history":[{"count":1,"href":"https:\/\/araratfinland.com\/en\/wp-json\/wp\/v2\/product\/42898\/revisions"}],"predecessor-version":[{"id":46625,"href":"https:\/\/araratfinland.com\/en\/wp-json\/wp\/v2\/product\/42898\/revisions\/46625"}],"wp:featuredmedia":[{"embeddable":true,"href":"https:\/\/araratfinland.com\/en\/wp-json\/wp\/v2\/media\/99891"}],"wp:attachment":[{"href":"https:\/\/araratfinland.com\/en\/wp-json\/wp\/v2\/media?parent=42898"}],"wp:term":[{"taxonomy":"location","embeddable":true,"href":"https:\/\/araratfinland.com\/en\/wp-json\/wp\/v2\/location?post=42898"},{"taxonomy":"product_brand","embeddable":true,"href":"https:\/\/araratfinland.com\/en\/wp-json\/wp\/v2\/product_brand?post=42898"},{"taxonomy":"product_cat","embeddable":true,"href":"https:\/\/araratfinland.com\/en\/wp-json\/wp\/v2\/product_cat?post=42898"},{"taxonomy":"product_tag","embeddable":true,"href":"https:\/\/araratfinland.com\/en\/wp-json\/wp\/v2\/product_tag?post=42898"}],"curies":[{"name":"wp","href":"https:\/\/api.w.org\/{rel}","templated":true}]}}