{"id":42894,"date":"2024-06-02T02:16:28","date_gmt":"2024-06-01T23:16:28","guid":{"rendered":"https:\/\/araratfinland.com\/product\/peram-lokum-manteli-400g\/"},"modified":"2025-09-05T15:53:06","modified_gmt":"2025-09-05T12:53:06","slug":"peram-lokum-manteli-400g","status":"publish","type":"product","link":"https:\/\/araratfinland.com\/en\/product\/peram-lokum-manteli-400g\/","title":{"rendered":"Peram Lokum Manteli 400g"},"content":{"rendered":"<h4><span style=\"font-size: 18px;color: #000000\"><strong>Turkkilainen lokum manteli makuinen.<\/strong><\/span><\/h4>\n<h4><span style=\"color: #000000\"><span style=\"font-size: 18px\"><strong>Ainesosat: <\/strong>Sokeri, vesi,\u00a0<strong>vehn\u00e4t\u00e4rkkelys,<br \/><\/strong><strong>mantelit<\/strong>\u00a06%,\u00a0<\/span><span style=\"font-size: 18px\">happamuudens\u00e4\u00e4t\u00f6aine:<br \/>sitruunahappo.<\/span><\/span><\/h4>\n<h4><span style=\"font-size: 18px;color: #000000\"><strong>Saattaa sis\u00e4lt\u00e4\u00e4 pienia m\u00e4\u00e4ri\u00e4 p\u00e4hkin\u00f6it\u00e4 <br \/>ja maissia.<\/strong><\/span><\/h4>\n<h4><span style=\"font-size: 18px;color: #000000\"><strong>S\u00e4ilytys: <\/strong>Kuivassa ja viile\u00e4ss\u00e4 paikassa.<\/span><\/h4>\n<table style=\"width: 391.156px\">\n<tbody>\n<tr>\n<td style=\"width: 371.156px\" colspan=\"2\"><span style=\"font-size: 18px;color: #000000\"><strong>Ravintosis\u00e4lt\u00f6 per 100g<\/strong><\/span><\/td>\n<\/tr>\n<\/tbody>\n<tbody>\n<tr>\n<td style=\"width: 186px\"><span style=\"font-size: 18px;color: #000000\">Energia<\/span><\/td>\n<td style=\"width: 185.156px\"><span style=\"font-size: 18px;color: #000000\">1497 kJ \/ 353 kcal<\/span><\/td>\n<\/tr>\n<tr>\n<td style=\"width: 186px\"><span style=\"font-size: 18px;color: #000000\">Rasva<\/span><\/td>\n<td style=\"width: 185.156px\"><span style=\"font-size: 18px;color: #000000\">2 g<\/span><\/td>\n<\/tr>\n<tr>\n<td style=\"width: 186px\"><span style=\"font-size: 18px;color: #000000\">josta tyydyttynytt\u00e4<\/span><\/td>\n<td style=\"width: 185.156px\"><span style=\"font-size: 18px;color: #000000\">0,13 g<\/span><\/td>\n<\/tr>\n<tr>\n<td style=\"width: 186px\"><span style=\"font-size: 18px;color: #000000\">Hiilihydraatit<\/span><\/td>\n<td style=\"width: 185.156px\"><span style=\"font-size: 18px;color: #000000\">81,8 g<\/span><\/td>\n<\/tr>\n<tr>\n<td style=\"width: 186px\"><span style=\"font-size: 18px;color: #000000\">josta sokereita<\/span><\/td>\n<td style=\"width: 185.156px\"><span style=\"font-size: 18px;color: #000000\">68,6 g<\/span><\/td>\n<\/tr>\n<tr>\n<td style=\"width: 186px\"><span style=\"font-size: 18px;color: #000000\">Proteiini<\/span><\/td>\n<td style=\"width: 185.156px\"><span style=\"font-size: 18px;color: #000000\">1 g<\/span><\/td>\n<\/tr>\n<tr>\n<td style=\"width: 186px\"><span style=\"font-size: 18px;color: #000000\">Suola<\/span><\/td>\n<td style=\"width: 185.156px\"><span style=\"font-size: 18px;color: #000000\">0,01 g<\/span><\/td>\n<\/tr>\n<\/tbody>\n<\/table>\n","protected":false},"excerpt":{"rendered":"<p>Turkkilainen lokum manteli makuinen. Ainesosat: Sokeri, vesi,\u00a0vehn\u00e4t\u00e4rkkelys,mantelit\u00a06%,\u00a0happamuudens\u00e4\u00e4t\u00f6aine:sitruunahappo. Saattaa sis\u00e4lt\u00e4\u00e4 pienia m\u00e4\u00e4ri\u00e4 p\u00e4hkin\u00f6it\u00e4 ja maissia. S\u00e4ilytys: Kuivassa ja viile\u00e4ss\u00e4 paikassa. Ravintosis\u00e4lt\u00f6<\/p>\n","protected":false},"featured_media":88770,"template":"","meta":{"om_disable_all_campaigns":false,"_monsterinsights_skip_tracking":false,"_monsterinsights_sitenote_active":false,"_monsterinsights_sitenote_note":"","_monsterinsights_sitenote_category":0},"location":[1422],"product_brand":[1423],"product_cat":[1324],"product_tag":[],"class_list":{"0":"post-42894","1":"product","2":"type-product","3":"status-publish","4":"has-post-thumbnail","6":"location-v","7":"product_brand-ararat-ari-food","8":"product_cat-makeiset-fi","9":"stock_type-pcs-en","11":"first","12":"instock","13":"taxable","14":"shipping-taxable","15":"purchasable","16":"product-type-simple"},"aioseo_notices":[],"locations":[{"id":1422,"name":"v","slug":"v","quantity":"96"}],"_links":{"self":[{"href":"https:\/\/araratfinland.com\/en\/wp-json\/wp\/v2\/product\/42894","targetHints":{"allow":["GET"]}}],"collection":[{"href":"https:\/\/araratfinland.com\/en\/wp-json\/wp\/v2\/product"}],"about":[{"href":"https:\/\/araratfinland.com\/en\/wp-json\/wp\/v2\/types\/product"}],"version-history":[{"count":1,"href":"https:\/\/araratfinland.com\/en\/wp-json\/wp\/v2\/product\/42894\/revisions"}],"predecessor-version":[{"id":46479,"href":"https:\/\/araratfinland.com\/en\/wp-json\/wp\/v2\/product\/42894\/revisions\/46479"}],"wp:featuredmedia":[{"embeddable":true,"href":"https:\/\/araratfinland.com\/en\/wp-json\/wp\/v2\/media\/88770"}],"wp:attachment":[{"href":"https:\/\/araratfinland.com\/en\/wp-json\/wp\/v2\/media?parent=42894"}],"wp:term":[{"taxonomy":"location","embeddable":true,"href":"https:\/\/araratfinland.com\/en\/wp-json\/wp\/v2\/location?post=42894"},{"taxonomy":"product_brand","embeddable":true,"href":"https:\/\/araratfinland.com\/en\/wp-json\/wp\/v2\/product_brand?post=42894"},{"taxonomy":"product_cat","embeddable":true,"href":"https:\/\/araratfinland.com\/en\/wp-json\/wp\/v2\/product_cat?post=42894"},{"taxonomy":"product_tag","embeddable":true,"href":"https:\/\/araratfinland.com\/en\/wp-json\/wp\/v2\/product_tag?post=42894"}],"curies":[{"name":"wp","href":"https:\/\/api.w.org\/{rel}","templated":true}]}}