{"id":42891,"date":"2024-06-02T02:16:27","date_gmt":"2024-06-01T23:16:27","guid":{"rendered":"https:\/\/araratfinland.com\/product\/zagros-jasmin-riisi-20-kg-2\/"},"modified":"2025-11-13T10:24:30","modified_gmt":"2025-11-13T08:24:30","slug":"zagros-jasmin-riisi-20-kg-2","status":"publish","type":"product","link":"https:\/\/araratfinland.com\/en\/product\/zagros-jasmin-riisi-20-kg-2\/","title":{"rendered":"Zagros jasmin riisi 20 kg"},"content":{"rendered":"<p><span style=\"font-size: 18px;color: #000000\"><strong>Ainesosat:<\/strong> Thai Jasmin riisi.<\/span><br \/><span style=\"font-size: 18px;color: #000000\"><strong>S\u00e4ilytys:<\/strong> Kuivassa ja viile\u00e4ss\u00e4 paikassa.<br \/><\/span> <\/p>\n<table style=\"font-family: Verdana, Arial, Helvetica, sans-serif;font-size: 11px;width: 419.844px\">\n<tbody>\n<tr style=\"height: 22px\">\n<td style=\"width: 595.844px;height: 22px\" colspan=\"2\"><span style=\"font-size: 18px;color: #000000\"><strong>Ravintosis\u00e4lt\u00f6 per 100g<\/strong><\/span><\/td>\n<\/tr>\n<\/tbody>\n<tbody>\n<tr style=\"height: 22px\">\n<td style=\"width: 297px;height: 22px\"><span style=\"font-size: 18px;color: #000000\">Energia<\/span><\/td>\n<td style=\"width: 298.844px;height: 22px\"><span style=\"font-size: 18px;color: #000000\">1477 kj \/ 353 kcal<\/span><\/td>\n<\/tr>\n<tr style=\"height: 22px\">\n<td style=\"width: 297px;height: 22px\"><span style=\"font-size: 18px;color: #000000\">Rasva<\/span><\/td>\n<td style=\"width: 298.844px;height: 22px\"><span style=\"font-size: 18px;color: #000000\">1,2 g<\/span><\/td>\n<\/tr>\n<tr style=\"height: 22px\">\n<td style=\"width: 297px;height: 22px\"><span style=\"font-size: 18px;color: #000000\">josta tyydyttyneitt\u00e4<\/span><\/td>\n<td style=\"width: 298.844px;height: 22px\"><span style=\"font-size: 18px;color: #000000\">0 g<\/span><\/td>\n<\/tr>\n<tr style=\"height: 22px\">\n<td style=\"width: 297px;height: 22px\"><span style=\"font-size: 18px;color: #000000\">Hiilihydraatit<\/span><\/td>\n<td style=\"width: 298.844px;height: 22px\"><span style=\"font-size: 18px;color: #000000\">78 g<\/span><\/td>\n<\/tr>\n<tr style=\"height: 21px\">\n<td style=\"width: 297px;height: 21px\">\n<p><span style=\"font-size: 18px;color: #000000\">joista tyydyttyneit\u00e4<\/span><\/p>\n<p><span style=\"font-size: 18px;color: #000000\">Fiber<\/span><\/p>\n<\/td>\n<td style=\"width: 298.844px;height: 21px\">\n<p><span style=\"font-size: 18px;color: #000000\">0 g<\/span><\/p>\n<p><span style=\"font-size: 18px;color: #000000\">1,5 g<\/span><\/p>\n<\/td>\n<\/tr>\n<tr style=\"height: 22px\">\n<td style=\"width: 297px;height: 22px\"><span style=\"font-size: 18px;color: #000000\">Proteiini<\/span><\/td>\n<td style=\"width: 298.844px;height: 22px\"><span style=\"font-size: 18px;color: #000000\">6,9 g<\/span><\/td>\n<\/tr>\n<tr style=\"height: 22px\">\n<td style=\"width: 297px;height: 22px\"><span style=\"font-size: 18px;color: #000000\">Suola<\/span><\/td>\n<td style=\"width: 298.844px;height: 22px\"><span style=\"font-size: 18px;color: #000000\">0 g<\/span><\/td>\n<\/tr>\n<\/tbody>\n<\/table>\n","protected":false},"excerpt":{"rendered":"<p>Ainesosat: Thai Jasmin riisi.S\u00e4ilytys: Kuivassa ja viile\u00e4ss\u00e4 paikassa. Ravintosis\u00e4lt\u00f6 per 100g Energia 1477 kj \/ 353 kcal Rasva 1,2 g<\/p>\n","protected":false},"featured_media":100199,"template":"","meta":{"om_disable_all_campaigns":false,"_monsterinsights_skip_tracking":false,"_monsterinsights_sitenote_active":false,"_monsterinsights_sitenote_note":"","_monsterinsights_sitenote_category":0},"location":[1422],"product_brand":[1423],"product_cat":[1469],"product_tag":[],"class_list":{"0":"post-42891","1":"product","2":"type-product","3":"status-publish","4":"has-post-thumbnail","6":"location-v","7":"product_brand-ararat-ari-food","8":"product_cat-restaurant-en-2","9":"stock_type-sk-en","11":"first","12":"instock","13":"taxable","14":"shipping-taxable","15":"purchasable","16":"product-type-simple"},"aioseo_notices":[],"locations":[{"id":1422,"name":"v","slug":"v","quantity":"0"}],"_links":{"self":[{"href":"https:\/\/araratfinland.com\/en\/wp-json\/wp\/v2\/product\/42891","targetHints":{"allow":["GET"]}}],"collection":[{"href":"https:\/\/araratfinland.com\/en\/wp-json\/wp\/v2\/product"}],"about":[{"href":"https:\/\/araratfinland.com\/en\/wp-json\/wp\/v2\/types\/product"}],"version-history":[{"count":1,"href":"https:\/\/araratfinland.com\/en\/wp-json\/wp\/v2\/product\/42891\/revisions"}],"predecessor-version":[{"id":52744,"href":"https:\/\/araratfinland.com\/en\/wp-json\/wp\/v2\/product\/42891\/revisions\/52744"}],"wp:featuredmedia":[{"embeddable":true,"href":"https:\/\/araratfinland.com\/en\/wp-json\/wp\/v2\/media\/100199"}],"wp:attachment":[{"href":"https:\/\/araratfinland.com\/en\/wp-json\/wp\/v2\/media?parent=42891"}],"wp:term":[{"taxonomy":"location","embeddable":true,"href":"https:\/\/araratfinland.com\/en\/wp-json\/wp\/v2\/location?post=42891"},{"taxonomy":"product_brand","embeddable":true,"href":"https:\/\/araratfinland.com\/en\/wp-json\/wp\/v2\/product_brand?post=42891"},{"taxonomy":"product_cat","embeddable":true,"href":"https:\/\/araratfinland.com\/en\/wp-json\/wp\/v2\/product_cat?post=42891"},{"taxonomy":"product_tag","embeddable":true,"href":"https:\/\/araratfinland.com\/en\/wp-json\/wp\/v2\/product_tag?post=42891"}],"curies":[{"name":"wp","href":"https:\/\/api.w.org\/{rel}","templated":true}]}}