{"id":42887,"date":"2024-06-02T02:16:26","date_gmt":"2024-06-01T23:16:26","guid":{"rendered":"https:\/\/araratfinland.com\/product\/juss-mango-fruit-drink-1l\/"},"modified":"2025-08-08T13:04:05","modified_gmt":"2025-08-08T10:04:05","slug":"juss-mango-fruit-drink-1l","status":"publish","type":"product","link":"https:\/\/araratfinland.com\/en\/product\/juss-mango-fruit-drink-1l\/","title":{"rendered":"Juss mango fruit drink 1L"},"content":{"rendered":"<div><span style=\"font-size: 18px;color: #000000\"><strong>Ainesosat:<\/strong> Vesi, sokeri (sakkaroosi- tai<\/span><\/div>\n<div><span style=\"font-size: 18px;color: #000000\">fruktoosi-glukoosisiirappi, mangomehutiiviste,\u00a0<\/span><\/div>\n<div><span style=\"font-size: 18px;color: #000000\">happamuuden s\u00e4\u00e4t\u00e4j\u00e4 (sitruunahappo)<\/span><\/div>\n<div><span style=\"font-size: 18px;color: #000000\">v\u00e4riaine (beetakaroteeni).<\/p>\n<p><strong>S\u00e4ilytys:<\/strong> Kuivassa ja viile\u00e4ss\u00e4 paikassa.<\/span><\/div>\n","protected":false},"excerpt":{"rendered":"<p>Ainesosat: Vesi, sokeri (sakkaroosi- tai fruktoosi-glukoosisiirappi, mangomehutiiviste,\u00a0 happamuuden s\u00e4\u00e4t\u00e4j\u00e4 (sitruunahappo) v\u00e4riaine (beetakaroteeni). S\u00e4ilytys: Kuivassa ja viile\u00e4ss\u00e4 paikassa.<\/p>\n","protected":false},"featured_media":84130,"template":"","meta":{"om_disable_all_campaigns":false,"_monsterinsights_skip_tracking":false,"_monsterinsights_sitenote_active":false,"_monsterinsights_sitenote_note":"","_monsterinsights_sitenote_category":0},"location":[1422],"product_brand":[1423],"product_cat":[1480],"product_tag":[],"class_list":{"0":"post-42887","1":"product","2":"type-product","3":"status-publish","4":"has-post-thumbnail","6":"location-v","7":"product_brand-ararat-ari-food","8":"product_cat-mehut-nesteet-en","9":"stock_type-pll-en","11":"first","12":"instock","13":"taxable","14":"shipping-taxable","15":"purchasable","16":"product-type-simple"},"aioseo_notices":[],"locations":[{"id":1422,"name":"v","slug":"v","quantity":"551"}],"_links":{"self":[{"href":"https:\/\/araratfinland.com\/en\/wp-json\/wp\/v2\/product\/42887","targetHints":{"allow":["GET"]}}],"collection":[{"href":"https:\/\/araratfinland.com\/en\/wp-json\/wp\/v2\/product"}],"about":[{"href":"https:\/\/araratfinland.com\/en\/wp-json\/wp\/v2\/types\/product"}],"version-history":[{"count":1,"href":"https:\/\/araratfinland.com\/en\/wp-json\/wp\/v2\/product\/42887\/revisions"}],"predecessor-version":[{"id":48847,"href":"https:\/\/araratfinland.com\/en\/wp-json\/wp\/v2\/product\/42887\/revisions\/48847"}],"wp:featuredmedia":[{"embeddable":true,"href":"https:\/\/araratfinland.com\/en\/wp-json\/wp\/v2\/media\/84130"}],"wp:attachment":[{"href":"https:\/\/araratfinland.com\/en\/wp-json\/wp\/v2\/media?parent=42887"}],"wp:term":[{"taxonomy":"location","embeddable":true,"href":"https:\/\/araratfinland.com\/en\/wp-json\/wp\/v2\/location?post=42887"},{"taxonomy":"product_brand","embeddable":true,"href":"https:\/\/araratfinland.com\/en\/wp-json\/wp\/v2\/product_brand?post=42887"},{"taxonomy":"product_cat","embeddable":true,"href":"https:\/\/araratfinland.com\/en\/wp-json\/wp\/v2\/product_cat?post=42887"},{"taxonomy":"product_tag","embeddable":true,"href":"https:\/\/araratfinland.com\/en\/wp-json\/wp\/v2\/product_tag?post=42887"}],"curies":[{"name":"wp","href":"https:\/\/api.w.org\/{rel}","templated":true}]}}