{"id":42882,"date":"2024-06-02T02:16:25","date_gmt":"2024-06-01T23:16:25","guid":{"rendered":"https:\/\/araratfinland.com\/product\/sebahat-lokum-ruusu-200g\/"},"modified":"2025-09-05T15:55:20","modified_gmt":"2025-09-05T12:55:20","slug":"sebahat-lokum-ruusu-200g","status":"publish","type":"product","link":"https:\/\/araratfinland.com\/en\/product\/sebahat-lokum-ruusu-200g\/","title":{"rendered":"Sebahat Lokum Ruusu 200g"},"content":{"rendered":"<p><span style=\"font-size: 18px\"><span style=\"font-size: 18px\"><span style=\"color: #000000\"><strong>Ainesosat:<\/strong>\u00a0Sokeri, vesi, <strong>vehn\u00e4<\/strong>t\u00e4rkkelys,<\/span><br \/><span style=\"color: #000000\">sitruunahappo E330, aromi, v\u00e4ri: E163.<\/span><\/p>\n<p><span style=\"color: #000000\"><strong>S\u00e4ilytys:<\/strong> Kuivassa ja viile\u00e4ss\u00e4 paikassa.<\/span><br \/><\/span><\/span> <\/p>\n<h4><span style=\"color: #000000;font-size: 18px\"><strong>Saattaa sis\u00e4lt\u00e4\u00e4 pienia m\u00e4\u00e4ri\u00e4 p\u00e4hkin\u00f6it\u00e4.<\/strong><\/span><\/h4>\n","protected":false},"excerpt":{"rendered":"<p>Ainesosat:\u00a0Sokeri, vesi, vehn\u00e4t\u00e4rkkelys,sitruunahappo E330, aromi, v\u00e4ri: E163. S\u00e4ilytys: Kuivassa ja viile\u00e4ss\u00e4 paikassa. Saattaa sis\u00e4lt\u00e4\u00e4 pienia m\u00e4\u00e4ri\u00e4 p\u00e4hkin\u00f6it\u00e4.<\/p>\n","protected":false},"featured_media":88821,"template":"","meta":{"om_disable_all_campaigns":false,"_monsterinsights_skip_tracking":false,"_monsterinsights_sitenote_active":false,"_monsterinsights_sitenote_note":"","_monsterinsights_sitenote_category":0},"location":[1422],"product_brand":[1423],"product_cat":[1324],"product_tag":[],"class_list":{"0":"post-42882","1":"product","2":"type-product","3":"status-publish","4":"has-post-thumbnail","6":"location-v","7":"product_brand-ararat-ari-food","8":"product_cat-makeiset-fi","9":"stock_type-pcs-en","11":"first","12":"instock","13":"taxable","14":"shipping-taxable","15":"purchasable","16":"product-type-simple"},"aioseo_notices":[],"locations":[{"id":1422,"name":"v","slug":"v","quantity":"108"}],"_links":{"self":[{"href":"https:\/\/araratfinland.com\/en\/wp-json\/wp\/v2\/product\/42882","targetHints":{"allow":["GET"]}}],"collection":[{"href":"https:\/\/araratfinland.com\/en\/wp-json\/wp\/v2\/product"}],"about":[{"href":"https:\/\/araratfinland.com\/en\/wp-json\/wp\/v2\/types\/product"}],"version-history":[{"count":1,"href":"https:\/\/araratfinland.com\/en\/wp-json\/wp\/v2\/product\/42882\/revisions"}],"predecessor-version":[{"id":46507,"href":"https:\/\/araratfinland.com\/en\/wp-json\/wp\/v2\/product\/42882\/revisions\/46507"}],"wp:featuredmedia":[{"embeddable":true,"href":"https:\/\/araratfinland.com\/en\/wp-json\/wp\/v2\/media\/88821"}],"wp:attachment":[{"href":"https:\/\/araratfinland.com\/en\/wp-json\/wp\/v2\/media?parent=42882"}],"wp:term":[{"taxonomy":"location","embeddable":true,"href":"https:\/\/araratfinland.com\/en\/wp-json\/wp\/v2\/location?post=42882"},{"taxonomy":"product_brand","embeddable":true,"href":"https:\/\/araratfinland.com\/en\/wp-json\/wp\/v2\/product_brand?post=42882"},{"taxonomy":"product_cat","embeddable":true,"href":"https:\/\/araratfinland.com\/en\/wp-json\/wp\/v2\/product_cat?post=42882"},{"taxonomy":"product_tag","embeddable":true,"href":"https:\/\/araratfinland.com\/en\/wp-json\/wp\/v2\/product_tag?post=42882"}],"curies":[{"name":"wp","href":"https:\/\/api.w.org\/{rel}","templated":true}]}}