{"id":42878,"date":"2024-06-02T02:16:24","date_gmt":"2024-06-01T23:16:24","guid":{"rendered":"https:\/\/araratfinland.com\/product\/harissa-la-femme-tunisia-380g\/"},"modified":"2025-08-01T12:24:45","modified_gmt":"2025-08-01T09:24:45","slug":"harissa-la-femme-tunisia-380g","status":"publish","type":"product","link":"https:\/\/araratfinland.com\/en\/product\/harissa-la-femme-tunisia-380g\/","title":{"rendered":"Harissa La Femme Tunisia 380g"},"content":{"rendered":"<p><span style=\"color: #000000\"><span style=\"font-size: 18px\"><strong>Ainesosat: <\/strong>Punainen tulinen paprika<\/span><span style=\"font-size: 18px\">\u00a0,valkosipuli,<\/span><\/span> <\/p>\n<div><span style=\"font-size: 18px;color: #000000\">korianteri, kumina, suola, sitruunahappo:\u00a0<\/span><\/div>\n<p><span style=\"font-size: 18px\"><span style=\"font-size: 18px\"><span style=\"color: #000000\"><strong>S\u00e4ilytys:<\/strong> Kuivassa ja viile\u00e4ss\u00e4 paikassa.<\/span><br \/><\/span><\/span> <\/p>\n<div style=\"font-size: 12px\"><span style=\"font-size: 18px;color: #000000\">Avaamisen j\u00e4lkeen s\u00e4ilyt\u00e4 j\u00e4\u00e4kaapissa 4-6\u2103<\/span><\/div>\n<div style=\"font-size: 12px\"><span style=\"font-size: 18px;color: #000000\">ja k\u00e4yt\u00e4 30 p\u00e4iv\u00e4n kuluessa avaamisesta.<\/span><\/div>\n<p> <span style=\"font-size: 18px\"><br \/><span style=\"color: #000000\"><strong>Alkuper\u00e4maa:<\/strong>\u00a0Tunisia.<\/span><\/p>\n<p><\/span> <\/p>\n<div>\n<table style=\"width: 371px\">\n<tbody>\n<tr style=\"height: 22px\">\n<td style=\"width: 330px;height: 22px\" colspan=\"2\"><span style=\"font-size: 18px;color: #000000\"><strong>Ravintosis\u00e4lt\u00f6 per 100g<\/strong><\/span><\/td>\n<\/tr>\n<\/tbody>\n<tbody>\n<tr style=\"height: 22px\">\n<td style=\"width: 188.156px;height: 22px\"><span style=\"font-size: 18px;color: #000000\">Energia<\/span><\/td>\n<td style=\"width: 141.844px;height: 22px\"><span style=\"font-size: 18px;color: #000000\">277,6\/ 66,3 kcal<\/span><\/td>\n<\/tr>\n<tr style=\"height: 22px\">\n<td style=\"width: 188.156px;height: 22px\"><span style=\"font-size: 18px;color: #000000\">Rasva<\/span><\/td>\n<td style=\"width: 141.844px;height: 22px\"><span style=\"font-size: 18px;color: #000000\">2,92 g<\/span><\/td>\n<\/tr>\n<tr style=\"height: 22px\">\n<td style=\"width: 188.156px;height: 22px\"><span style=\"font-size: 18px;color: #000000\">joista tyydyttyneit\u00e4<\/span><\/td>\n<td style=\"width: 141.844px;height: 22px\"><span style=\"font-size: 18px;color: #000000\">0,52 g<\/span><\/td>\n<\/tr>\n<tr style=\"height: 22px\">\n<td style=\"width: 188.156px;height: 22px\"><span style=\"font-size: 18px;color: #000000\">Hiilihydraatti<\/span><\/td>\n<td style=\"width: 141.844px;height: 22px\"><span style=\"font-size: 18px;color: #000000\">5,0 g<\/span><\/td>\n<\/tr>\n<tr style=\"height: 22px\">\n<td style=\"width: 188.156px;height: 22px\"><span style=\"font-size: 18px;color: #000000\">josta sokereita<\/span><\/td>\n<td style=\"width: 141.844px;height: 22px\"><span style=\"font-size: 18px;color: #000000\">5,0 g<\/span><\/td>\n<\/tr>\n<tr style=\"height: 22px\">\n<td style=\"width: 188.156px;height: 22px\"><span style=\"font-size: 18px;color: #000000\">Proteiini<\/span><\/td>\n<td style=\"width: 141.844px;height: 22px\"><span style=\"font-size: 18px;color: #000000\">2,39 g<\/span><\/td>\n<\/tr>\n<tr style=\"height: 22px\">\n<td style=\"width: 188.156px;height: 22px\"><span style=\"font-size: 18px;color: #000000\">Kuitu<\/span><\/td>\n<td style=\"width: 141.844px;height: 22px\"><span style=\"font-size: 18px;color: #000000\">5,21 g<\/span><\/td>\n<\/tr>\n<tr style=\"height: 22px\">\n<td style=\"width: 188.156px;height: 22px\"><span style=\"font-size: 18px;color: #000000\">Suola<\/span><\/td>\n<td style=\"width: 141.844px;height: 22px\"><span style=\"font-size: 18px;color: #000000\">2,84 g<br \/><\/span><\/td>\n<\/tr>\n<\/tbody>\n<\/table><\/div>\n","protected":false},"excerpt":{"rendered":"<p>Ainesosat: Punainen tulinen paprika\u00a0,valkosipuli, korianteri, kumina, suola, sitruunahappo:\u00a0 S\u00e4ilytys: Kuivassa ja viile\u00e4ss\u00e4 paikassa. Avaamisen j\u00e4lkeen s\u00e4ilyt\u00e4 j\u00e4\u00e4kaapissa 4-6\u2103 ja k\u00e4yt\u00e4<\/p>\n","protected":false},"featured_media":83716,"template":"","meta":{"om_disable_all_campaigns":false,"_monsterinsights_skip_tracking":false,"_monsterinsights_sitenote_active":false,"_monsterinsights_sitenote_note":"","_monsterinsights_sitenote_category":0},"location":[1422],"product_brand":[1423],"product_cat":[1344],"product_tag":[],"class_list":{"0":"post-42878","1":"product","2":"type-product","3":"status-publish","4":"has-post-thumbnail","6":"location-v","7":"product_brand-ararat-ari-food","8":"product_cat-kastikkeet-fi","9":"stock_type-prk-en","11":"first","12":"instock","13":"taxable","14":"shipping-taxable","15":"purchasable","16":"product-type-simple"},"aioseo_notices":[],"locations":[{"id":1422,"name":"v","slug":"v","quantity":"576"}],"_links":{"self":[{"href":"https:\/\/araratfinland.com\/en\/wp-json\/wp\/v2\/product\/42878","targetHints":{"allow":["GET"]}}],"collection":[{"href":"https:\/\/araratfinland.com\/en\/wp-json\/wp\/v2\/product"}],"about":[{"href":"https:\/\/araratfinland.com\/en\/wp-json\/wp\/v2\/types\/product"}],"version-history":[{"count":1,"href":"https:\/\/araratfinland.com\/en\/wp-json\/wp\/v2\/product\/42878\/revisions"}],"predecessor-version":[{"id":47799,"href":"https:\/\/araratfinland.com\/en\/wp-json\/wp\/v2\/product\/42878\/revisions\/47799"}],"wp:featuredmedia":[{"embeddable":true,"href":"https:\/\/araratfinland.com\/en\/wp-json\/wp\/v2\/media\/83716"}],"wp:attachment":[{"href":"https:\/\/araratfinland.com\/en\/wp-json\/wp\/v2\/media?parent=42878"}],"wp:term":[{"taxonomy":"location","embeddable":true,"href":"https:\/\/araratfinland.com\/en\/wp-json\/wp\/v2\/location?post=42878"},{"taxonomy":"product_brand","embeddable":true,"href":"https:\/\/araratfinland.com\/en\/wp-json\/wp\/v2\/product_brand?post=42878"},{"taxonomy":"product_cat","embeddable":true,"href":"https:\/\/araratfinland.com\/en\/wp-json\/wp\/v2\/product_cat?post=42878"},{"taxonomy":"product_tag","embeddable":true,"href":"https:\/\/araratfinland.com\/en\/wp-json\/wp\/v2\/product_tag?post=42878"}],"curies":[{"name":"wp","href":"https:\/\/api.w.org\/{rel}","templated":true}]}}