{"id":42836,"date":"2024-06-02T02:16:16","date_gmt":"2024-06-01T23:16:16","guid":{"rendered":"https:\/\/araratfinland.com\/product\/qibbla-kalkkuna-salami-200g-344\/"},"modified":"2025-11-10T13:57:44","modified_gmt":"2025-11-10T11:57:44","slug":"qibbla-kalkkuna-salami-200g-344","status":"publish","type":"product","link":"https:\/\/araratfinland.com\/en\/product\/qibbla-kalkkuna-salami-200g-344\/","title":{"rendered":"Qibbla Kalkkuna Salami 12x200g (344)"},"content":{"rendered":"<h4><span style=\"font-size: 18px;color: #000000\"><strong>Qibbla kalkkuna&amp;naudanliha salami 344.<\/strong><\/span><\/h4>\n<h4><span style=\"color: #000000\"><span style=\"font-size: 18px\"><strong>Ainesosat:\u00a0<\/strong>100g valmistettusta 86g kalkkunanliha,<br \/>naudanrasva, 10g naudanliha, suola,\u00a0<\/span><span style=\"font-size: 18px\">vihannesjauhe<br \/>(punajuuri), dekstroosi, mausteet, happettumisenestoaine:<br \/>E301, E300;\u00a0<\/span><span style=\"font-size: 18px\">s\u00e4il\u00f6nt\u00e4aine: E250; mausteuutteet,<br \/>kypsytysviljelmien, savu.<\/span><\/span><\/h4>\n<h4><span style=\"font-size: 18px;color: #000000\"><strong>S\u00e4ilytys:<\/strong> S\u00e4ilyt\u00e4 j\u00e4\u00e4kaapissa.<\/span><\/h4>\n","protected":false},"excerpt":{"rendered":"<p>Qibbla kalkkuna&amp;naudanliha salami 344. Ainesosat:\u00a0100g valmistettusta 86g kalkkunanliha,naudanrasva, 10g naudanliha, suola,\u00a0vihannesjauhe(punajuuri), dekstroosi, mausteet, happettumisenestoaine:E301, E300;\u00a0s\u00e4il\u00f6nt\u00e4aine: E250; mausteuutteet,kypsytysviljelmien, savu. S\u00e4ilytys: S\u00e4ilyt\u00e4<\/p>\n","protected":false},"featured_media":100085,"template":"","meta":{"om_disable_all_campaigns":false,"_monsterinsights_skip_tracking":false,"_monsterinsights_sitenote_active":false,"_monsterinsights_sitenote_note":"","_monsterinsights_sitenote_category":0},"location":[1422],"product_brand":[1423],"product_cat":[1362],"product_tag":[],"class_list":{"0":"post-42836","1":"product","2":"type-product","3":"status-publish","4":"has-post-thumbnail","6":"location-v","7":"product_brand-ararat-ari-food","8":"product_cat-salamit-fi","9":"stock_type-ltk-en","11":"first","12":"instock","13":"taxable","14":"shipping-taxable","15":"purchasable","16":"product-type-simple"},"aioseo_notices":[],"locations":[{"id":1422,"name":"v","slug":"v","quantity":"25"}],"_links":{"self":[{"href":"https:\/\/araratfinland.com\/en\/wp-json\/wp\/v2\/product\/42836","targetHints":{"allow":["GET"]}}],"collection":[{"href":"https:\/\/araratfinland.com\/en\/wp-json\/wp\/v2\/product"}],"about":[{"href":"https:\/\/araratfinland.com\/en\/wp-json\/wp\/v2\/types\/product"}],"version-history":[{"count":2,"href":"https:\/\/araratfinland.com\/en\/wp-json\/wp\/v2\/product\/42836\/revisions"}],"predecessor-version":[{"id":52692,"href":"https:\/\/araratfinland.com\/en\/wp-json\/wp\/v2\/product\/42836\/revisions\/52692"}],"wp:featuredmedia":[{"embeddable":true,"href":"https:\/\/araratfinland.com\/en\/wp-json\/wp\/v2\/media\/100085"}],"wp:attachment":[{"href":"https:\/\/araratfinland.com\/en\/wp-json\/wp\/v2\/media?parent=42836"}],"wp:term":[{"taxonomy":"location","embeddable":true,"href":"https:\/\/araratfinland.com\/en\/wp-json\/wp\/v2\/location?post=42836"},{"taxonomy":"product_brand","embeddable":true,"href":"https:\/\/araratfinland.com\/en\/wp-json\/wp\/v2\/product_brand?post=42836"},{"taxonomy":"product_cat","embeddable":true,"href":"https:\/\/araratfinland.com\/en\/wp-json\/wp\/v2\/product_cat?post=42836"},{"taxonomy":"product_tag","embeddable":true,"href":"https:\/\/araratfinland.com\/en\/wp-json\/wp\/v2\/product_tag?post=42836"}],"curies":[{"name":"wp","href":"https:\/\/api.w.org\/{rel}","templated":true}]}}