{"id":42829,"date":"2024-06-02T02:16:14","date_gmt":"2024-06-01T23:16:14","guid":{"rendered":"https:\/\/araratfinland.com\/product\/rypsioljy-10-l-2\/"},"modified":"2025-11-13T10:22:37","modified_gmt":"2025-11-13T08:22:37","slug":"rypsioljy-10-l-2","status":"publish","type":"product","link":"https:\/\/araratfinland.com\/en\/product\/rypsioljy-10-l-2\/","title":{"rendered":"Rypsi\u00f6ljy 10 L"},"content":{"rendered":"<h4><span style=\"font-size: 19px;color: #000000\"><strong>Ainesosat: <\/strong>Rypsi\u00f6ljy (rypsin ja rapsin siemen (EU),<\/span><\/h4>\n<h4><span style=\"font-size: 19px;color: #000000\">hapettumisenestoaine (E304), vaahdonestoaine (E900.<\/span><\/h4>\n<h4><span style=\"font-size: 19px;color: #000000\"><strong>S\u00e4ilytys: <\/strong>S\u00e4ilytet\u00e4\u00e4n huoneenl\u00e4mm\u00f6ss\u00e4 valolta suojattuna.<\/span><\/h4>\n<table style=\"height: 361px;width: 465.016px\">\n<tbody>\n<tr>\n<td style=\"width: 495.016px\" colspan=\"2\"><span style=\"font-size: 19px;color: #000000\"><strong>Ravintosis\u00e4lt\u00f6 per 100g<\/strong><\/span><\/td>\n<\/tr>\n<\/tbody>\n<tbody>\n<tr>\n<td style=\"width: 274px\"><span style=\"font-size: 19px;color: #000000\">Energiaa<\/span><\/td>\n<td style=\"width: 221.016px\"><span style=\"font-size: 19px;color: #000000\">3700 kj \/\u00a0900 kcal<\/span><\/td>\n<\/tr>\n<tr>\n<td style=\"width: 274px\"><span style=\"font-size: 19px;color: #000000\">Rasva<\/span><\/td>\n<td style=\"width: 221.016px\"><span style=\"font-size: 19px;color: #000000\">100 g<\/span><\/td>\n<\/tr>\n<tr>\n<td style=\"width: 274px\"><span style=\"font-size: 19px;color: #000000\">josta tyydyttynytt\u00e4<\/span><\/td>\n<td style=\"width: 221.016px\"><span style=\"font-size: 19px;color: #000000\">7 g<\/span><\/td>\n<\/tr>\n<tr>\n<td style=\"width: 274px\"><span style=\"font-size: 19px;color: #000000\">Hiilihydraatit<\/span><\/td>\n<td style=\"width: 221.016px\"><span style=\"font-size: 19px;color: #000000\">0 g<\/span><\/td>\n<\/tr>\n<tr>\n<td style=\"width: 274px\"><span style=\"font-size: 19px;color: #000000\">josta sokereita<\/span><\/td>\n<td style=\"width: 221.016px\"><span style=\"font-size: 19px;color: #000000\">0 g<\/span><\/td>\n<\/tr>\n<tr>\n<td style=\"width: 274px\"><span style=\"font-size: 19px;color: #000000\">Proteiini<\/span><\/td>\n<td style=\"width: 221.016px\"><span style=\"font-size: 19px;color: #000000\">0 g<\/span><\/td>\n<\/tr>\n<tr>\n<td style=\"width: 274px\"><span style=\"font-size: 19px;color: #000000\">Suola<\/span><\/td>\n<td style=\"width: 221.016px\"><span style=\"font-size: 19px;color: #000000\">0 g<\/span><\/td>\n<\/tr>\n<\/tbody>\n<\/table>\n","protected":false},"excerpt":{"rendered":"<p>Ainesosat: Rypsi\u00f6ljy (rypsin ja rapsin siemen (EU), hapettumisenestoaine (E304), vaahdonestoaine (E900. S\u00e4ilytys: S\u00e4ilytet\u00e4\u00e4n huoneenl\u00e4mm\u00f6ss\u00e4 valolta suojattuna. Ravintosis\u00e4lt\u00f6 per 100g Energiaa<\/p>\n","protected":false},"featured_media":100187,"template":"","meta":{"om_disable_all_campaigns":false,"_monsterinsights_skip_tracking":false,"_monsterinsights_sitenote_active":false,"_monsterinsights_sitenote_note":"","_monsterinsights_sitenote_category":0},"location":[1422],"product_brand":[1423],"product_cat":[1469],"product_tag":[],"class_list":{"0":"post-42829","1":"product","2":"type-product","3":"status-publish","4":"has-post-thumbnail","6":"location-v","7":"product_brand-ararat-ari-food","8":"product_cat-restaurant-en-2","9":"stock_type-pll-en","11":"first","12":"instock","13":"taxable","14":"shipping-taxable","15":"purchasable","16":"product-type-simple"},"aioseo_notices":[],"locations":[{"id":1422,"name":"v","slug":"v","quantity":"100"}],"_links":{"self":[{"href":"https:\/\/araratfinland.com\/en\/wp-json\/wp\/v2\/product\/42829","targetHints":{"allow":["GET"]}}],"collection":[{"href":"https:\/\/araratfinland.com\/en\/wp-json\/wp\/v2\/product"}],"about":[{"href":"https:\/\/araratfinland.com\/en\/wp-json\/wp\/v2\/types\/product"}],"version-history":[{"count":1,"href":"https:\/\/araratfinland.com\/en\/wp-json\/wp\/v2\/product\/42829\/revisions"}],"predecessor-version":[{"id":48164,"href":"https:\/\/araratfinland.com\/en\/wp-json\/wp\/v2\/product\/42829\/revisions\/48164"}],"wp:featuredmedia":[{"embeddable":true,"href":"https:\/\/araratfinland.com\/en\/wp-json\/wp\/v2\/media\/100187"}],"wp:attachment":[{"href":"https:\/\/araratfinland.com\/en\/wp-json\/wp\/v2\/media?parent=42829"}],"wp:term":[{"taxonomy":"location","embeddable":true,"href":"https:\/\/araratfinland.com\/en\/wp-json\/wp\/v2\/location?post=42829"},{"taxonomy":"product_brand","embeddable":true,"href":"https:\/\/araratfinland.com\/en\/wp-json\/wp\/v2\/product_brand?post=42829"},{"taxonomy":"product_cat","embeddable":true,"href":"https:\/\/araratfinland.com\/en\/wp-json\/wp\/v2\/product_cat?post=42829"},{"taxonomy":"product_tag","embeddable":true,"href":"https:\/\/araratfinland.com\/en\/wp-json\/wp\/v2\/product_tag?post=42829"}],"curies":[{"name":"wp","href":"https:\/\/api.w.org\/{rel}","templated":true}]}}