{"id":42824,"date":"2024-06-02T02:16:13","date_gmt":"2024-06-01T23:16:13","guid":{"rendered":"https:\/\/araratfinland.com\/product\/happi-life-inkivaari-juoma-05-l\/"},"modified":"2025-11-17T09:00:03","modified_gmt":"2025-11-17T07:00:03","slug":"happi-life-inkivaari-juoma-05-l","status":"publish","type":"product","link":"https:\/\/araratfinland.com\/en\/product\/happi-life-inkivaari-juoma-05-l\/","title":{"rendered":"Happi Life Inkiv\u00e4\u00e4ri Juoma 0,5 L"},"content":{"rendered":"<p><span style=\"color: #000000\"><strong><span style=\"font-size: 18px\">Ainesosat:\u00a0<\/span><\/strong><span style=\"font-size: 18px\">T<\/span><span style=\"font-size: 18px\">uoretta inkiv\u00e4\u00e4rimehua (45,95%),<br \/>sokeria, vett\u00e4, limemehua, s\u00e4il\u00f6nt\u00e4ainetta (E211),<br \/>neilikkaa.<\/p>\n<p><strong>S\u00e4ilytys:\u00a0<\/strong>Kuivassa ja viile\u00e4ss\u00e4 paikassa.<\/p>\n<p><\/span><\/span> <\/p>\n<table style=\"width: 424.406px\">\n<tbody>\n<tr style=\"height: 22px\">\n<td style=\"width: 410.406px;height: 22px\" colspan=\"2\"><span style=\"font-size: 18px;color: #000000\"><strong>Ravintosis\u00e4lt\u00f6 per 100g<\/strong><\/span><\/td>\n<\/tr>\n<\/tbody>\n<tbody>\n<tr style=\"height: 22px\">\n<td style=\"width: 195px;height: 22px\"><span style=\"font-size: 18px;color: #000000\">Energia<\/span><\/td>\n<td style=\"width: 215.406px;height: 22px\"><span style=\"font-size: 18px;color: #000000\">390,29 kJ \/ 93,28 kcal<\/span><\/td>\n<\/tr>\n<tr style=\"height: 22px\">\n<td style=\"width: 195px;height: 22px\"><span style=\"font-size: 18px;color: #000000\">Rasva<\/span><\/td>\n<td style=\"width: 215.406px;height: 22px\"><span style=\"font-size: 18px;color: #000000\">0,1 g<\/span><\/td>\n<\/tr>\n<tr style=\"height: 27px\">\n<td style=\"width: 195px;height: 27px\"><span style=\"font-size: 18px;color: #000000\">josta tyydyttyneitt\u00e4<\/span><\/td>\n<td style=\"width: 215.406px;height: 27px\"><span style=\"font-size: 18px;color: #000000\">0 g<\/span><\/td>\n<\/tr>\n<tr style=\"height: 22px\">\n<td style=\"width: 195px;height: 22px\"><span style=\"font-size: 18px;color: #000000\">Hiilihydraatit<\/span><\/td>\n<td style=\"width: 215.406px;height: 22px\"><span style=\"font-size: 18px;color: #000000\">29,84 g<\/span><\/td>\n<\/tr>\n<tr style=\"height: 22px\">\n<td style=\"width: 195px;height: 22px\"><span style=\"font-size: 18px;color: #000000\">josta sokereita<\/span><\/td>\n<td style=\"width: 215.406px;height: 22px\"><span style=\"font-size: 18px;color: #000000\">26 g<\/span><\/td>\n<\/tr>\n<tr style=\"height: 22px\">\n<td style=\"width: 195px;height: 22px\"><span style=\"font-size: 18px;color: #000000\">Proteiini<\/span><\/td>\n<td style=\"width: 215.406px;height: 22px\"><span style=\"font-size: 18px;color: #000000\">0,16 g<\/span><\/td>\n<\/tr>\n<tr style=\"height: 22px\">\n<td style=\"width: 195px;height: 22px\"><span style=\"font-size: 18px;color: #000000\">Suola<br \/><\/span><\/td>\n<td style=\"width: 215.406px;height: 22px\"><span style=\"font-size: 18px;color: #000000\">0 g<br \/><\/span><\/td>\n<\/tr>\n<\/tbody>\n<\/table>\n","protected":false},"excerpt":{"rendered":"<p>Ainesosat:\u00a0Tuoretta inkiv\u00e4\u00e4rimehua (45,95%),sokeria, vett\u00e4, limemehua, s\u00e4il\u00f6nt\u00e4ainetta (E211),neilikkaa. S\u00e4ilytys:\u00a0Kuivassa ja viile\u00e4ss\u00e4 paikassa. Ravintosis\u00e4lt\u00f6 per 100g Energia 390,29 kJ \/ 93,28 kcal<\/p>\n","protected":false},"featured_media":100596,"template":"","meta":{"om_disable_all_campaigns":false,"_monsterinsights_skip_tracking":false,"_monsterinsights_sitenote_active":false,"_monsterinsights_sitenote_note":"","_monsterinsights_sitenote_category":0},"location":[1422],"product_brand":[1423],"product_cat":[1338],"product_tag":[],"class_list":{"0":"post-42824","1":"product","2":"type-product","3":"status-publish","4":"has-post-thumbnail","6":"location-v","7":"product_brand-ararat-ari-food","8":"product_cat-mehut-nesteet-etikka-fi","9":"stock_type-pll-en","11":"first","12":"instock","13":"taxable","14":"shipping-taxable","15":"purchasable","16":"product-type-simple"},"aioseo_notices":[],"locations":[{"id":1422,"name":"v","slug":"v","quantity":"142"}],"_links":{"self":[{"href":"https:\/\/araratfinland.com\/en\/wp-json\/wp\/v2\/product\/42824","targetHints":{"allow":["GET"]}}],"collection":[{"href":"https:\/\/araratfinland.com\/en\/wp-json\/wp\/v2\/product"}],"about":[{"href":"https:\/\/araratfinland.com\/en\/wp-json\/wp\/v2\/types\/product"}],"version-history":[{"count":1,"href":"https:\/\/araratfinland.com\/en\/wp-json\/wp\/v2\/product\/42824\/revisions"}],"predecessor-version":[{"id":50446,"href":"https:\/\/araratfinland.com\/en\/wp-json\/wp\/v2\/product\/42824\/revisions\/50446"}],"wp:featuredmedia":[{"embeddable":true,"href":"https:\/\/araratfinland.com\/en\/wp-json\/wp\/v2\/media\/100596"}],"wp:attachment":[{"href":"https:\/\/araratfinland.com\/en\/wp-json\/wp\/v2\/media?parent=42824"}],"wp:term":[{"taxonomy":"location","embeddable":true,"href":"https:\/\/araratfinland.com\/en\/wp-json\/wp\/v2\/location?post=42824"},{"taxonomy":"product_brand","embeddable":true,"href":"https:\/\/araratfinland.com\/en\/wp-json\/wp\/v2\/product_brand?post=42824"},{"taxonomy":"product_cat","embeddable":true,"href":"https:\/\/araratfinland.com\/en\/wp-json\/wp\/v2\/product_cat?post=42824"},{"taxonomy":"product_tag","embeddable":true,"href":"https:\/\/araratfinland.com\/en\/wp-json\/wp\/v2\/product_tag?post=42824"}],"curies":[{"name":"wp","href":"https:\/\/api.w.org\/{rel}","templated":true}]}}