{"id":42816,"date":"2024-06-02T02:16:12","date_gmt":"2024-06-01T23:16:12","guid":{"rendered":"https:\/\/araratfinland.com\/product\/robert-broilerinliha-hot-200g\/"},"modified":"2025-09-19T10:21:01","modified_gmt":"2025-09-19T07:21:01","slug":"robert-broilerinliha-hot-200g","status":"publish","type":"product","link":"https:\/\/araratfinland.com\/en\/product\/robert-broilerinliha-hot-200g\/","title":{"rendered":"Robert Kana Lihas\u00e4ilyke Hot 200g"},"content":{"rendered":"<h4><span style=\"color: #000000\"><span style=\"font-size: 18px\"><strong>Ainesosat: <\/strong>Koneellisesti eroteltu broilerin liha 90%,<br \/>vesi, suola, glukoosisiirappi,\u00a0<\/span><span style=\"font-size: 18px\">paprika, pippuri,<br \/>stabilointiaine (difosfaatti), valkosipuli,\u00a0<\/span><span style=\"font-size: 18px\">antioksidantti<br \/>(askorbiinihappo), s\u00e4il\u00f6nt\u00e4aine (natriumnitriitti).<\/span><\/span><\/h4>\n<h4 style=\"margin-top: 0cm;background-image: initial;background-position: initial;background-size: initial;background-repeat: initial;background-attachment: initial\"><span style=\"color: #000000\"><span style=\"font-size: 18px\"><strong>S\u00e4ilytys:<\/strong> Kuivassa ja huoneenl\u00e4mp\u00f6tilassa.<br \/>S\u00e4ilyt\u00e4 avattu tuote j\u00e4\u00e4kapissa\u00a0<\/span><span style=\"font-size: 18px\">ja k\u00e4yt\u00e4 3 vrk:n<br \/>kuluessa avaamisesta.<\/span><\/span><\/h4>\n<h4><span style=\"font-size: 18px;color: #000000\"><strong>Valmistettu:<\/strong> Tanskassa.<\/span><\/h4>\n<div class=\"collapsible-container-content\">\n<div class=\"product-details-collapsible-padding nutritional-details\">\n<div class=\"nutritional-contents\">\n<table style=\"height: 240px;width: 400px\">\n<tbody>\n<tr>\n<th style=\"width: 572px\" colspan=\"2\"><span style=\"font-size: 18px;color: #000000\">Ravintosis\u00e4lt\u00f6 per 100g<\/span><\/th>\n<th style=\"width: 10px\"><span style=\"font-size: 18px;color: #000000\">\u00a0<\/span><\/th>\n<\/tr>\n<\/tbody>\n<tbody>\n<tr>\n<td style=\"width: 245px\"><span style=\"font-size: 18px;color: #000000\">Energia<\/span><\/td>\n<td style=\"width: 327px\"><span style=\"font-size: 18px;color: #000000\">735 kJ \/ 177 kcal<\/span><\/td>\n<\/tr>\n<tr>\n<td style=\"width: 245px\"><span style=\"font-size: 18px;color: #000000\">Rasva<\/span><\/td>\n<td style=\"width: 327px\"><span style=\"font-size: 18px;color: #000000\">13 g<\/span><\/td>\n<\/tr>\n<tr class=\"sub-content\">\n<td style=\"width: 245px\"><span style=\"font-size: 18px;color: #000000\">josta tyydyttynytt\u00e4<\/span><\/td>\n<td style=\"width: 327px\"><span style=\"font-size: 18px;color: #000000\">3,5 g<\/span><\/td>\n<\/tr>\n<tr>\n<td style=\"width: 245px\"><span style=\"font-size: 18px;color: #000000\">Hiilihydraatit<\/span><\/td>\n<td style=\"width: 327px\"><span style=\"font-size: 18px;color: #000000\">0-1 g<\/span><\/td>\n<\/tr>\n<tr class=\"sub-content\">\n<td style=\"width: 245px\"><span style=\"font-size: 18px;color: #000000\">josta sokereita<\/span><\/td>\n<td style=\"width: 327px\"><span style=\"font-size: 18px;color: #000000\">0-1 g<\/span><\/td>\n<\/tr>\n<tr>\n<td style=\"width: 245px\"><span style=\"font-size: 18px;color: #000000\">Proteiini<\/span><\/td>\n<td style=\"width: 327px\"><span style=\"font-size: 18px;color: #000000\">14 g<\/span><\/td>\n<\/tr>\n<tr>\n<td style=\"width: 245px\"><span style=\"font-size: 18px;color: #000000\">Suola (Sodium)<\/span><\/td>\n<td style=\"width: 327px\"><span style=\"font-size: 18px;color: #000000\">2 g (0,8 g)<\/span><\/td>\n<\/tr>\n<\/tbody>\n<\/table><\/div>\n<\/p><\/div>\n<\/p><\/div>\n","protected":false},"excerpt":{"rendered":"<p>Ainesosat: Koneellisesti eroteltu broilerin liha 90%,vesi, suola, glukoosisiirappi,\u00a0paprika, pippuri,stabilointiaine (difosfaatti), valkosipuli,\u00a0antioksidantti(askorbiinihappo), s\u00e4il\u00f6nt\u00e4aine (natriumnitriitti). S\u00e4ilytys: Kuivassa ja huoneenl\u00e4mp\u00f6tilassa.S\u00e4ilyt\u00e4 avattu tuote j\u00e4\u00e4kapissa\u00a0ja<\/p>\n","protected":false},"featured_media":92510,"template":"","meta":{"om_disable_all_campaigns":false,"_monsterinsights_skip_tracking":false,"_monsterinsights_sitenote_active":false,"_monsterinsights_sitenote_note":"","_monsterinsights_sitenote_category":0},"location":[1422],"product_brand":[1423],"product_cat":[1362],"product_tag":[],"class_list":{"0":"post-42816","1":"product","2":"type-product","3":"status-publish","4":"has-post-thumbnail","6":"location-v","7":"product_brand-ararat-ari-food","8":"product_cat-salamit-fi","9":"stock_type-pcs-en","11":"first","12":"instock","13":"taxable","14":"shipping-taxable","15":"purchasable","16":"product-type-simple"},"aioseo_notices":[],"locations":[{"id":1422,"name":"v","slug":"v","quantity":"240"}],"_links":{"self":[{"href":"https:\/\/araratfinland.com\/en\/wp-json\/wp\/v2\/product\/42816","targetHints":{"allow":["GET"]}}],"collection":[{"href":"https:\/\/araratfinland.com\/en\/wp-json\/wp\/v2\/product"}],"about":[{"href":"https:\/\/araratfinland.com\/en\/wp-json\/wp\/v2\/types\/product"}],"version-history":[{"count":1,"href":"https:\/\/araratfinland.com\/en\/wp-json\/wp\/v2\/product\/42816\/revisions"}],"predecessor-version":[{"id":65779,"href":"https:\/\/araratfinland.com\/en\/wp-json\/wp\/v2\/product\/42816\/revisions\/65779"}],"wp:featuredmedia":[{"embeddable":true,"href":"https:\/\/araratfinland.com\/en\/wp-json\/wp\/v2\/media\/92510"}],"wp:attachment":[{"href":"https:\/\/araratfinland.com\/en\/wp-json\/wp\/v2\/media?parent=42816"}],"wp:term":[{"taxonomy":"location","embeddable":true,"href":"https:\/\/araratfinland.com\/en\/wp-json\/wp\/v2\/location?post=42816"},{"taxonomy":"product_brand","embeddable":true,"href":"https:\/\/araratfinland.com\/en\/wp-json\/wp\/v2\/product_brand?post=42816"},{"taxonomy":"product_cat","embeddable":true,"href":"https:\/\/araratfinland.com\/en\/wp-json\/wp\/v2\/product_cat?post=42816"},{"taxonomy":"product_tag","embeddable":true,"href":"https:\/\/araratfinland.com\/en\/wp-json\/wp\/v2\/product_tag?post=42816"}],"curies":[{"name":"wp","href":"https:\/\/api.w.org\/{rel}","templated":true}]}}