{"id":42800,"date":"2024-06-02T02:16:08","date_gmt":"2024-06-01T23:16:08","guid":{"rendered":"https:\/\/araratfinland.com\/product\/fulya-hindi-salami-400g-7270\/"},"modified":"2025-11-06T15:14:55","modified_gmt":"2025-11-06T13:14:55","slug":"fulya-hindi-salami-400g-7270","status":"publish","type":"product","link":"https:\/\/araratfinland.com\/en\/product\/fulya-hindi-salami-400g-7270\/","title":{"rendered":"Fulya Hindi Salami 400g (7270)"},"content":{"rendered":"<p><span style=\"color: #000000\"><span style=\"font-size: 18px\"><strong>Ainesosat:<\/strong> Naudanliha 40%, mekaanisesti<br \/>erotettu broilerinliha 28%,\u00a0<\/span><span style=\"font-size: 18px\">naudan rasva,<br \/>broilerin rasva nahalla, vesi,\u00a0<\/span><span style=\"font-size: 18px\">jodioitu suola<br \/>(ruokasuola, kaliumjodidi),\u00a0<\/span><span style=\"font-size: 18px\">perunat\u00e4rkkelys,<br \/>dekstroosi, mausteet\u00a0<\/span><span style=\"font-size: 18px\"><strong>(mm. sinappi)<\/strong>,<br \/>mausteuutteet, stabilointiaineet:\u00a0<\/span><span style=\"font-size: 18px\">difosfaatit,<br \/>natriumsitraatit,\u00a0<\/span><span style=\"font-size: 18px\">happamuudens\u00e4\u00e4t\u00f6aine:<br \/>natriumlaktaatti,\u00a0<\/span><span style=\"font-size: 18px\">hapettumisenestoaine:<br \/>askorbiinihappo,\u00a0<\/span><span style=\"font-size: 18px\"><span style=\"font-size: 18px\">s\u00e4il\u00f6nt\u00e4aine: natriumnitriitti.<\/p>\n<p><\/span><\/span><\/span><span style=\"font-size: 18px;color: #000000\"><strong>S\u00e4ilytys:<\/strong> S\u00e4ilyt\u00e4 j\u00e4\u00e4kaapissa.<\/span><\/p>\n","protected":false},"excerpt":{"rendered":"<p>Ainesosat: Naudanliha 40%, mekaanisestierotettu broilerinliha 28%,\u00a0naudan rasva,broilerin rasva nahalla, vesi,\u00a0jodioitu suola(ruokasuola, kaliumjodidi),\u00a0perunat\u00e4rkkelys,dekstroosi, mausteet\u00a0(mm. sinappi),mausteuutteet, stabilointiaineet:\u00a0difosfaatit,natriumsitraatit,\u00a0happamuudens\u00e4\u00e4t\u00f6aine:natriumlaktaatti,\u00a0hapettumisenestoaine:askorbiinihappo,\u00a0s\u00e4il\u00f6nt\u00e4aine: natriumnitriitti. S\u00e4ilytys: S\u00e4ilyt\u00e4 j\u00e4\u00e4kaapissa.<\/p>\n","protected":false},"featured_media":99071,"template":"","meta":{"om_disable_all_campaigns":false,"_monsterinsights_skip_tracking":false,"_monsterinsights_sitenote_active":false,"_monsterinsights_sitenote_note":"","_monsterinsights_sitenote_category":0},"location":[1422],"product_brand":[1423],"product_cat":[1362],"product_tag":[],"class_list":{"0":"post-42800","1":"product","2":"type-product","3":"status-publish","4":"has-post-thumbnail","6":"location-v","7":"product_brand-ararat-ari-food","8":"product_cat-salamit-fi","9":"stock_type-pcs-en","11":"first","12":"instock","13":"taxable","14":"shipping-taxable","15":"purchasable","16":"product-type-simple"},"aioseo_notices":[],"locations":[{"id":1422,"name":"v","slug":"v","quantity":"30"}],"_links":{"self":[{"href":"https:\/\/araratfinland.com\/en\/wp-json\/wp\/v2\/product\/42800","targetHints":{"allow":["GET"]}}],"collection":[{"href":"https:\/\/araratfinland.com\/en\/wp-json\/wp\/v2\/product"}],"about":[{"href":"https:\/\/araratfinland.com\/en\/wp-json\/wp\/v2\/types\/product"}],"version-history":[{"count":1,"href":"https:\/\/araratfinland.com\/en\/wp-json\/wp\/v2\/product\/42800\/revisions"}],"predecessor-version":[{"id":52783,"href":"https:\/\/araratfinland.com\/en\/wp-json\/wp\/v2\/product\/42800\/revisions\/52783"}],"wp:featuredmedia":[{"embeddable":true,"href":"https:\/\/araratfinland.com\/en\/wp-json\/wp\/v2\/media\/99071"}],"wp:attachment":[{"href":"https:\/\/araratfinland.com\/en\/wp-json\/wp\/v2\/media?parent=42800"}],"wp:term":[{"taxonomy":"location","embeddable":true,"href":"https:\/\/araratfinland.com\/en\/wp-json\/wp\/v2\/location?post=42800"},{"taxonomy":"product_brand","embeddable":true,"href":"https:\/\/araratfinland.com\/en\/wp-json\/wp\/v2\/product_brand?post=42800"},{"taxonomy":"product_cat","embeddable":true,"href":"https:\/\/araratfinland.com\/en\/wp-json\/wp\/v2\/product_cat?post=42800"},{"taxonomy":"product_tag","embeddable":true,"href":"https:\/\/araratfinland.com\/en\/wp-json\/wp\/v2\/product_tag?post=42800"}],"curies":[{"name":"wp","href":"https:\/\/api.w.org\/{rel}","templated":true}]}}