{"id":42772,"date":"2024-06-02T02:16:02","date_gmt":"2024-06-01T23:16:02","guid":{"rendered":"https:\/\/araratfinland.com\/product\/sutdiyari-kaymak-170g\/"},"modified":"2025-11-10T11:31:03","modified_gmt":"2025-11-10T09:31:03","slug":"sutdiyari-kaymak-170g","status":"publish","type":"product","link":"https:\/\/araratfinland.com\/en\/product\/sutdiyari-kaymak-170g\/","title":{"rendered":"Sutdiyari Kaymak 170g"},"content":{"rendered":"<h4><span style=\"font-size: 18px;color: #000000\"><strong>Steriloitu kerma 23% rasvaa.<\/strong><\/span><\/h4>\n<h4><span style=\"color: #000000\"><span style=\"font-size: 18px\"><strong>Ainesosat: <\/strong>Tuore <strong>maitovoide<\/strong>, vihannesten<br \/>sakeuttamisaine (modifioitu t\u00e4rkkelys,\u00a0<\/span><span style=\"font-size: 18px\">E460, E466,<br \/>E406) stabilointiaineet (E339, E331).<\/span><\/span><\/h4>\n<h4><span style=\"font-size: 18px;color: #000000\"><strong>S\u00e4ilytys: <\/strong>S\u00e4ilyt\u00e4 huoneenl\u00e4mm\u00f6ss\u00e4.<br \/>Avaamisen j\u00e4lkeen enint\u00e4\u00e4n 3 p\u00e4iv\u00e4\u00e4 2-5\u2103:ssa.<\/span><\/h4>\n<table style=\"width: 394px\">\n<tbody>\n<tr>\n<td style=\"width: 373px\" colspan=\"2\"><span style=\"font-size: 18px;color: #000000\"><strong>Ravintosis\u00e4lt\u00f6 per 100g<\/strong><\/span><\/td>\n<\/tr>\n<\/tbody>\n<tbody>\n<tr>\n<td style=\"width: 194.625px\"><span style=\"font-size: 18px;color: #000000\">Energia<\/span><\/td>\n<td style=\"width: 178.375px\"><span style=\"font-size: 18px;color: #000000\">999 kJ \/ 242 kcal<\/span><\/td>\n<\/tr>\n<tr>\n<td style=\"width: 194.625px\"><span style=\"font-size: 18px;color: #000000\">Rasva<\/span><\/td>\n<td style=\"width: 178.375px\"><span style=\"font-size: 18px;color: #000000\">23 g<\/span><\/td>\n<\/tr>\n<tr>\n<td style=\"width: 194.625px\"><span style=\"font-size: 18px;color: #000000\">josta tyydyttynytt\u00e4<\/span><\/td>\n<td style=\"width: 178.375px\"><span style=\"font-size: 18px;color: #000000\">16 g<\/span><\/td>\n<\/tr>\n<tr>\n<td style=\"width: 194.625px\"><span style=\"font-size: 18px;color: #000000\">Hiilihydraatit<\/span><\/td>\n<td style=\"width: 178.375px\"><span style=\"font-size: 18px;color: #000000\">5,0 g<\/span><\/td>\n<\/tr>\n<tr>\n<td style=\"width: 194.625px\"><span style=\"font-size: 18px;color: #000000\">josta sokereita<\/span><\/td>\n<td style=\"width: 178.375px\"><span style=\"font-size: 18px;color: #000000\">3,5 g<\/span><\/td>\n<\/tr>\n<tr>\n<td style=\"width: 194.625px\"><span style=\"font-size: 18px;color: #000000\">Proteiini<\/span><\/td>\n<td style=\"width: 178.375px\"><span style=\"font-size: 18px;color: #000000\">2,7 g<\/span><\/td>\n<\/tr>\n<tr>\n<td style=\"width: 194.625px\"><span style=\"font-size: 18px;color: #000000\">Suola<\/span><\/td>\n<td style=\"width: 178.375px\"><span style=\"font-size: 18px;color: #000000\">0,5 g<\/span><\/td>\n<\/tr>\n<\/tbody>\n<\/table>\n","protected":false},"excerpt":{"rendered":"<p>Steriloitu kerma 23% rasvaa. Ainesosat: Tuore maitovoide, vihannestensakeuttamisaine (modifioitu t\u00e4rkkelys,\u00a0E460, E466,E406) stabilointiaineet (E339, E331). S\u00e4ilytys: S\u00e4ilyt\u00e4 huoneenl\u00e4mm\u00f6ss\u00e4.Avaamisen j\u00e4lkeen enint\u00e4\u00e4n 3<\/p>\n","protected":false},"featured_media":100013,"template":"","meta":{"om_disable_all_campaigns":false,"_monsterinsights_skip_tracking":false,"_monsterinsights_sitenote_active":false,"_monsterinsights_sitenote_note":"","_monsterinsights_sitenote_category":0},"location":[1422],"product_brand":[1423],"product_cat":[1354],"product_tag":[],"class_list":{"0":"post-42772","1":"product","2":"type-product","3":"status-publish","4":"has-post-thumbnail","6":"location-v","7":"product_brand-ararat-ari-food","8":"product_cat-juustot-fi","9":"stock_type-prk-en","11":"first","12":"instock","13":"taxable","14":"shipping-taxable","15":"purchasable","16":"product-type-simple"},"aioseo_notices":[],"locations":[{"id":1422,"name":"v","slug":"v","quantity":"5159"}],"_links":{"self":[{"href":"https:\/\/araratfinland.com\/en\/wp-json\/wp\/v2\/product\/42772","targetHints":{"allow":["GET"]}}],"collection":[{"href":"https:\/\/araratfinland.com\/en\/wp-json\/wp\/v2\/product"}],"about":[{"href":"https:\/\/araratfinland.com\/en\/wp-json\/wp\/v2\/types\/product"}],"version-history":[{"count":1,"href":"https:\/\/araratfinland.com\/en\/wp-json\/wp\/v2\/product\/42772\/revisions"}],"predecessor-version":[{"id":48203,"href":"https:\/\/araratfinland.com\/en\/wp-json\/wp\/v2\/product\/42772\/revisions\/48203"}],"wp:featuredmedia":[{"embeddable":true,"href":"https:\/\/araratfinland.com\/en\/wp-json\/wp\/v2\/media\/100013"}],"wp:attachment":[{"href":"https:\/\/araratfinland.com\/en\/wp-json\/wp\/v2\/media?parent=42772"}],"wp:term":[{"taxonomy":"location","embeddable":true,"href":"https:\/\/araratfinland.com\/en\/wp-json\/wp\/v2\/location?post=42772"},{"taxonomy":"product_brand","embeddable":true,"href":"https:\/\/araratfinland.com\/en\/wp-json\/wp\/v2\/product_brand?post=42772"},{"taxonomy":"product_cat","embeddable":true,"href":"https:\/\/araratfinland.com\/en\/wp-json\/wp\/v2\/product_cat?post=42772"},{"taxonomy":"product_tag","embeddable":true,"href":"https:\/\/araratfinland.com\/en\/wp-json\/wp\/v2\/product_tag?post=42772"}],"curies":[{"name":"wp","href":"https:\/\/api.w.org\/{rel}","templated":true}]}}