{"id":42769,"date":"2024-06-02T02:16:02","date_gmt":"2024-06-01T23:16:02","guid":{"rendered":"https:\/\/araratfinland.com\/product\/nawras-cacoa-cream-chantilly-150-g\/"},"modified":"2025-01-27T12:05:44","modified_gmt":"2025-01-27T10:05:44","slug":"nawras-cacoa-cream-chantilly-150-g","status":"publish","type":"product","link":"https:\/\/araratfinland.com\/en\/product\/nawras-cacoa-cream-chantilly-150-g\/","title":{"rendered":"Nawras cacoa cream chantilly 150 g"},"content":{"rendered":"<h4><span style=\"font-size: 18px;color: #000000\"><strong>Kermavaahtoa kaakaolla.<\/strong><\/span><\/h4>\n<h4><span style=\"color: #000000\"><span style=\"font-size: 18px\"><strong>Ainesosat<\/strong><strong>: <\/strong>Tomussokeri, hydrattu palmurasva,<br \/>glukoosisiirappi, emugloimisainetta\u00a0<\/span><span style=\"font-size: 18px\">(etikkahappo<br \/>ja maitohappo mono ja diglyseridien rasvahapot),<br \/>kaakao (7%),\u00a0<\/span><span style=\"font-size: 18px\"><strong>maito<\/strong>proteiinia (natriumcaseinaatti),<br \/>perunat\u00e4rkkelys, sakeuttamisaine, aromi (vanilija)<br \/><\/span><span style=\"font-size: 18px\">(karboksimetyyliselluloosa).<\/span><\/span><\/h4>\n<h4><span style=\"font-size: 18px;color: #000000\"><strong>S\u00e4ilytys:<\/strong> S\u00e4ilyt\u00e4 viile\u00e4ss\u00e4 ja hajuttomassa paikassa.<\/span><\/h4>\n<h4><span style=\"font-size: 18px;color: #000000\"><strong>Alkuper\u00e4maa: <\/strong>Turkki.<\/span><\/h4>\n<table style=\"width: 394.016px\">\n<tbody>\n<tr>\n<td style=\"width: 374.016px\" colspan=\"2\"><span style=\"font-size: 18px;color: #000000\"><strong>Ravintosis\u00e4lt\u00f6 per 100g<\/strong><\/span><\/td>\n<\/tr>\n<\/tbody>\n<tbody>\n<tr>\n<td style=\"width: 197px\"><span style=\"font-size: 18px;color: #000000\">Energia<\/span><\/td>\n<td style=\"width: 177.016px\"><span style=\"font-size: 18px;color: #000000\">2163 kj \/ 515 kcal<\/span><\/td>\n<\/tr>\n<tr>\n<td style=\"width: 197px\"><span style=\"font-size: 18px;color: #000000\">Rasva<\/span><\/td>\n<td style=\"width: 177.016px\"><span style=\"font-size: 18px;color: #000000\">25,6 g<\/span><\/td>\n<\/tr>\n<tr>\n<td style=\"width: 197px\"><span style=\"font-size: 18px;color: #000000\">josta tyydyttyneitt\u00e4<\/span><\/td>\n<td style=\"width: 177.016px\"><span style=\"font-size: 18px;color: #000000\">2,9 g<\/span><\/td>\n<\/tr>\n<tr>\n<td style=\"width: 197px\"><span style=\"font-size: 18px;color: #000000\">Hiilihydraatit<\/span><\/td>\n<td style=\"width: 177.016px\"><span style=\"font-size: 18px;color: #000000\">65 g<\/span><\/td>\n<\/tr>\n<tr>\n<td style=\"width: 197px\"><span style=\"font-size: 18px;color: #000000\">josta sokereita<\/span><\/td>\n<td style=\"width: 177.016px\"><span style=\"font-size: 18px;color: #000000\">40 g<\/span><\/td>\n<\/tr>\n<tr>\n<td style=\"width: 197px\"><span style=\"font-size: 18px;color: #000000\">Proteiini<\/span><\/td>\n<td style=\"width: 177.016px\"><span style=\"font-size: 18px;color: #000000\">6,4 g<\/span><\/td>\n<\/tr>\n<tr>\n<td style=\"width: 197px\"><span style=\"font-size: 18px;color: #000000\">Suola<\/span><\/td>\n<td style=\"width: 177.016px\"><span style=\"font-size: 18px;color: #000000\">0,3 g<\/span><\/td>\n<\/tr>\n<\/tbody>\n<\/table>\n","protected":false},"excerpt":{"rendered":"<p>Kermavaahtoa kaakaolla. Ainesosat: Tomussokeri, hydrattu palmurasva,glukoosisiirappi, emugloimisainetta\u00a0(etikkahappoja maitohappo mono ja diglyseridien rasvahapot),kaakao (7%),\u00a0maitoproteiinia (natriumcaseinaatti),perunat\u00e4rkkelys, sakeuttamisaine, aromi (vanilija)(karboksimetyyliselluloosa). S\u00e4ilytys: S\u00e4ilyt\u00e4 viile\u00e4ss\u00e4<\/p>\n","protected":false},"featured_media":67162,"template":"","meta":{"om_disable_all_campaigns":false,"_monsterinsights_skip_tracking":false,"_monsterinsights_sitenote_active":false,"_monsterinsights_sitenote_note":"","_monsterinsights_sitenote_category":0},"location":[1422],"product_brand":[1423],"product_cat":[1440],"product_tag":[],"class_list":{"0":"post-42769","1":"product","2":"type-product","3":"status-publish","4":"has-post-thumbnail","6":"location-v","7":"product_brand-ararat-ari-food","8":"product_cat-yleinen","9":"stock_type-pcs-en","11":"first","12":"instock","13":"taxable","14":"shipping-taxable","15":"purchasable","16":"product-type-simple"},"aioseo_notices":[],"locations":[{"id":1422,"name":"v","slug":"v","quantity":"0"}],"_links":{"self":[{"href":"https:\/\/araratfinland.com\/en\/wp-json\/wp\/v2\/product\/42769","targetHints":{"allow":["GET"]}}],"collection":[{"href":"https:\/\/araratfinland.com\/en\/wp-json\/wp\/v2\/product"}],"about":[{"href":"https:\/\/araratfinland.com\/en\/wp-json\/wp\/v2\/types\/product"}],"version-history":[{"count":1,"href":"https:\/\/araratfinland.com\/en\/wp-json\/wp\/v2\/product\/42769\/revisions"}],"predecessor-version":[{"id":67164,"href":"https:\/\/araratfinland.com\/en\/wp-json\/wp\/v2\/product\/42769\/revisions\/67164"}],"wp:featuredmedia":[{"embeddable":true,"href":"https:\/\/araratfinland.com\/en\/wp-json\/wp\/v2\/media\/67162"}],"wp:attachment":[{"href":"https:\/\/araratfinland.com\/en\/wp-json\/wp\/v2\/media?parent=42769"}],"wp:term":[{"taxonomy":"location","embeddable":true,"href":"https:\/\/araratfinland.com\/en\/wp-json\/wp\/v2\/location?post=42769"},{"taxonomy":"product_brand","embeddable":true,"href":"https:\/\/araratfinland.com\/en\/wp-json\/wp\/v2\/product_brand?post=42769"},{"taxonomy":"product_cat","embeddable":true,"href":"https:\/\/araratfinland.com\/en\/wp-json\/wp\/v2\/product_cat?post=42769"},{"taxonomy":"product_tag","embeddable":true,"href":"https:\/\/araratfinland.com\/en\/wp-json\/wp\/v2\/product_tag?post=42769"}],"curies":[{"name":"wp","href":"https:\/\/api.w.org\/{rel}","templated":true}]}}