{"id":42750,"date":"2024-06-02T02:15:57","date_gmt":"2024-06-01T23:15:57","guid":{"rendered":"https:\/\/araratfinland.com\/product\/pizza-salami-halal-500g\/"},"modified":"2025-11-10T14:01:37","modified_gmt":"2025-11-10T12:01:37","slug":"pizza-salami-halal-500g","status":"publish","type":"product","link":"https:\/\/araratfinland.com\/en\/product\/pizza-salami-halal-500g\/","title":{"rendered":"Qibbla Pizza Salami Halal 500g"},"content":{"rendered":"<h4><span style=\"font-size: 19px;color: #000000\"><strong>Kalkkuna &amp; Naudanliha Pizza Salami.<\/strong><\/span><\/h4>\n<h4><span style=\"color: #000000\"><span style=\"font-size: 19px\"><strong>Ainesosat:\u00a0<\/strong>Kalkkunanliha, naudanrasva, naudanliha,<br \/>nitriittisuola (suola, s\u00e4il\u00f6nt\u00e4aine: E250),\u00a0<\/span><span style=\"font-size: 19px\">mausteet,<br \/>vihannesjuuri (punajuuri), dekstroosi, hapettumisenestoaine:<br \/>E301, E300; mausteuutteet, kypsytysviljelmien, savu.<\/span><\/span><\/h4>\n<h4><span style=\"font-size: 19px;color: #000000\"><strong>100g lopputuotetta valmistetaan 89g kalkkunanlihaa<br \/>ja 11g naudanlihaasta.<\/strong><\/span><\/h4>\n<h4><span style=\"font-size: 19px;color: #000000\"><strong>S\u00e4ilytys:<\/strong> S\u00e4ilyt\u00e4 j\u00e4\u00e4kaapissa.<\/span><\/h4>\n<table style=\"height: 361px;width: 426.109px\">\n<tbody>\n<tr style=\"height: 1px\">\n<td style=\"width: 408.109px;height: 1px\" colspan=\"2\"><span style=\"font-size: 19px;color: #000000\"><strong>Ravintosis\u00e4lt\u00f6 per 100g<\/strong><\/span><\/td>\n<\/tr>\n<\/tbody>\n<tbody>\n<tr style=\"height: 18px\">\n<td style=\"width: 225px;height: 18px\"><span style=\"font-size: 19px;color: #000000\">Energiaa<\/span><\/td>\n<td style=\"width: 183.109px;height: 18px\"><span style=\"font-size: 19px;color: #000000\">1452 kj \/ 350 kcal<\/span><\/td>\n<\/tr>\n<tr style=\"height: 10px\">\n<td style=\"width: 225px;height: 10px\"><span style=\"font-size: 19px;color: #000000\">Rasva<\/span><\/td>\n<td style=\"width: 183.109px;height: 10px\"><span style=\"font-size: 19px;color: #000000\">30 g<\/span><\/td>\n<\/tr>\n<tr style=\"height: 15px\">\n<td style=\"width: 225px;height: 15px\"><span style=\"font-size: 19px;color: #000000\">josta tyydyttynytt\u00e4<\/span><\/td>\n<td style=\"width: 183.109px;height: 15px\"><span style=\"font-size: 19px;color: #000000\">13 g<\/span><\/td>\n<\/tr>\n<tr style=\"height: 1px\">\n<td style=\"width: 225px;height: 1px\"><span style=\"font-size: 19px;color: #000000\">Hiilihydraatit<\/span><\/td>\n<td style=\"width: 183.109px;height: 1px\"><span style=\"font-size: 19px;color: #000000\">1,1 g<\/span><\/td>\n<\/tr>\n<tr style=\"height: 53px\">\n<td style=\"width: 225px;height: 53px\">\u00a0<\/td>\n<td style=\"width: 183.109px;height: 53px\">\u00a0<\/td>\n<\/tr>\n<\/tbody>\n<\/table>\n","protected":false},"excerpt":{"rendered":"<p>Kalkkuna &amp; Naudanliha Pizza Salami. Ainesosat:\u00a0Kalkkunanliha, naudanrasva, naudanliha,nitriittisuola (suola, s\u00e4il\u00f6nt\u00e4aine: E250),\u00a0mausteet,vihannesjuuri (punajuuri), dekstroosi, hapettumisenestoaine:E301, E300; mausteuutteet, kypsytysviljelmien, savu. 100g lopputuotetta<\/p>\n","protected":false},"featured_media":100109,"template":"","meta":{"om_disable_all_campaigns":false,"_monsterinsights_skip_tracking":false,"_monsterinsights_sitenote_active":false,"_monsterinsights_sitenote_note":"","_monsterinsights_sitenote_category":0},"location":[1422],"product_brand":[1423],"product_cat":[1362],"product_tag":[],"class_list":{"0":"post-42750","1":"product","2":"type-product","3":"status-publish","4":"has-post-thumbnail","6":"location-v","7":"product_brand-ararat-ari-food","8":"product_cat-salamit-fi","9":"stock_type-pcs-en","11":"first","12":"instock","13":"taxable","14":"shipping-taxable","15":"purchasable","16":"product-type-simple"},"aioseo_notices":[],"locations":[{"id":1422,"name":"v","slug":"v","quantity":"418"}],"_links":{"self":[{"href":"https:\/\/araratfinland.com\/en\/wp-json\/wp\/v2\/product\/42750","targetHints":{"allow":["GET"]}}],"collection":[{"href":"https:\/\/araratfinland.com\/en\/wp-json\/wp\/v2\/product"}],"about":[{"href":"https:\/\/araratfinland.com\/en\/wp-json\/wp\/v2\/types\/product"}],"version-history":[{"count":2,"href":"https:\/\/araratfinland.com\/en\/wp-json\/wp\/v2\/product\/42750\/revisions"}],"predecessor-version":[{"id":95645,"href":"https:\/\/araratfinland.com\/en\/wp-json\/wp\/v2\/product\/42750\/revisions\/95645"}],"wp:featuredmedia":[{"embeddable":true,"href":"https:\/\/araratfinland.com\/en\/wp-json\/wp\/v2\/media\/100109"}],"wp:attachment":[{"href":"https:\/\/araratfinland.com\/en\/wp-json\/wp\/v2\/media?parent=42750"}],"wp:term":[{"taxonomy":"location","embeddable":true,"href":"https:\/\/araratfinland.com\/en\/wp-json\/wp\/v2\/location?post=42750"},{"taxonomy":"product_brand","embeddable":true,"href":"https:\/\/araratfinland.com\/en\/wp-json\/wp\/v2\/product_brand?post=42750"},{"taxonomy":"product_cat","embeddable":true,"href":"https:\/\/araratfinland.com\/en\/wp-json\/wp\/v2\/product_cat?post=42750"},{"taxonomy":"product_tag","embeddable":true,"href":"https:\/\/araratfinland.com\/en\/wp-json\/wp\/v2\/product_tag?post=42750"}],"curies":[{"name":"wp","href":"https:\/\/api.w.org\/{rel}","templated":true}]}}