{"id":42731,"date":"2024-06-02T02:15:53","date_gmt":"2024-06-01T23:15:53","guid":{"rendered":"https:\/\/araratfinland.com\/product\/supermalt-orignal-24x330-ml-2\/"},"modified":"2025-09-15T14:05:43","modified_gmt":"2025-09-15T11:05:43","slug":"supermalt-orignal-24x330-ml-2","status":"publish","type":"product","link":"https:\/\/araratfinland.com\/en\/product\/supermalt-orignal-24x330-ml-2\/","title":{"rendered":"Supermalt orignal 24&#215;330 ml"},"content":{"rendered":"<p><span style=\"font-size: 18px;color: #000000\"><span style=\"font-size: 18px\"><strong>Ainesosat:<\/strong> Vesi, <strong>ohramallas<\/strong>, <strong>ohra<\/strong>, sokeri,<br \/>v\u00e4ri E150c, lakritsi, hiilidioksidi.<\/p>\n<p><strong>S\u00e4ilytys:<\/strong> Kuivassa ja viile\u00e4ss\u00e4 paikassa.<br \/>V\u00e4lt\u00e4 suora auringonvaloa.<br \/><\/span><\/span> <\/p>\n<table style=\"width: 313.312px\">\n<tbody>\n<tr style=\"height: 22px\">\n<td style=\"width: 301.312px;height: 22px\" colspan=\"2\"><span style=\"font-size: 18px;color: #000000\"><strong>Ravintosis\u00e4lt\u00f6 per 100g<\/strong><\/span><\/td>\n<\/tr>\n<\/tbody>\n<tbody>\n<tr style=\"height: 22px\">\n<td style=\"width: 151px;height: 22px\"><span style=\"font-size: 18px;color: #000000\">Energia<\/span><\/td>\n<td style=\"width: 150.312px;height: 22px\"><span style=\"font-size: 18px;color: #000000\">256 kJ \/ 62kcal<\/span><\/td>\n<\/tr>\n<tr style=\"height: 22px\">\n<td style=\"width: 151px;height: 22px\"><span style=\"font-size: 18px;color: #000000\">Rasva<\/span><\/td>\n<td style=\"width: 150.312px;height: 22px\"><span style=\"font-size: 18px;color: #000000\">0,1 g<\/span><\/td>\n<\/tr>\n<tr style=\"height: 44px\">\n<td style=\"width: 151px;height: 44px\"><span style=\"font-size: 18px;color: #000000\">josta tyydyttyneitt\u00e4<\/span><\/td>\n<td style=\"width: 150.312px;height: 44px\"><span style=\"font-size: 18px;color: #000000\">0 g<\/span><\/td>\n<\/tr>\n<tr style=\"height: 22px\">\n<td style=\"width: 151px;height: 22px\"><span style=\"font-size: 18px;color: #000000\">Hiilihydraatit<\/span><\/td>\n<td style=\"width: 150.312px;height: 22px\"><span style=\"font-size: 18px;color: #000000\">15 g<\/span><\/td>\n<\/tr>\n<tr style=\"height: 22px\">\n<td style=\"width: 151px;height: 22px\"><span style=\"font-size: 18px;color: #000000\">josta sokereita<\/span><\/td>\n<td style=\"width: 150.312px;height: 22px\"><span style=\"font-size: 18px;color: #000000\">12,8 g<\/span><\/td>\n<\/tr>\n<tr style=\"height: 22px\">\n<td style=\"width: 151px;height: 22px\"><span style=\"font-size: 18px;color: #000000\">Proteiini<\/span><\/td>\n<td style=\"width: 150.312px;height: 22px\"><span style=\"font-size: 18px;color: #000000\">0 g<\/span><\/td>\n<\/tr>\n<tr style=\"height: 22px\">\n<td style=\"width: 151px;height: 22px\"><span style=\"font-size: 18px;color: #000000\">Suola<br \/><\/span><\/td>\n<td style=\"width: 150.312px;height: 22px\"><span style=\"font-size: 18px;color: #000000\">0 g<br \/><\/span><\/td>\n<\/tr>\n<\/tbody>\n<\/table>\n","protected":false},"excerpt":{"rendered":"<p>Ainesosat: Vesi, ohramallas, ohra, sokeri,v\u00e4ri E150c, lakritsi, hiilidioksidi. S\u00e4ilytys: Kuivassa ja viile\u00e4ss\u00e4 paikassa.V\u00e4lt\u00e4 suora auringonvaloa. Ravintosis\u00e4lt\u00f6 per 100g Energia 256<\/p>\n","protected":false},"featured_media":91966,"template":"","meta":{"om_disable_all_campaigns":false,"_monsterinsights_skip_tracking":false,"_monsterinsights_sitenote_active":false,"_monsterinsights_sitenote_note":"","_monsterinsights_sitenote_category":0},"location":[1422],"product_brand":[1423],"product_cat":[1480],"product_tag":[],"class_list":{"0":"post-42731","1":"product","2":"type-product","3":"status-publish","4":"has-post-thumbnail","6":"location-v","7":"product_brand-ararat-ari-food","8":"product_cat-mehut-nesteet-en","9":"stock_type-ltk-en","11":"first","12":"instock","13":"taxable","14":"shipping-taxable","15":"purchasable","16":"product-type-simple"},"aioseo_notices":[],"locations":[{"id":1422,"name":"v","slug":"v","quantity":"15"}],"_links":{"self":[{"href":"https:\/\/araratfinland.com\/en\/wp-json\/wp\/v2\/product\/42731","targetHints":{"allow":["GET"]}}],"collection":[{"href":"https:\/\/araratfinland.com\/en\/wp-json\/wp\/v2\/product"}],"about":[{"href":"https:\/\/araratfinland.com\/en\/wp-json\/wp\/v2\/types\/product"}],"version-history":[{"count":3,"href":"https:\/\/araratfinland.com\/en\/wp-json\/wp\/v2\/product\/42731\/revisions"}],"predecessor-version":[{"id":85841,"href":"https:\/\/araratfinland.com\/en\/wp-json\/wp\/v2\/product\/42731\/revisions\/85841"}],"wp:featuredmedia":[{"embeddable":true,"href":"https:\/\/araratfinland.com\/en\/wp-json\/wp\/v2\/media\/91966"}],"wp:attachment":[{"href":"https:\/\/araratfinland.com\/en\/wp-json\/wp\/v2\/media?parent=42731"}],"wp:term":[{"taxonomy":"location","embeddable":true,"href":"https:\/\/araratfinland.com\/en\/wp-json\/wp\/v2\/location?post=42731"},{"taxonomy":"product_brand","embeddable":true,"href":"https:\/\/araratfinland.com\/en\/wp-json\/wp\/v2\/product_brand?post=42731"},{"taxonomy":"product_cat","embeddable":true,"href":"https:\/\/araratfinland.com\/en\/wp-json\/wp\/v2\/product_cat?post=42731"},{"taxonomy":"product_tag","embeddable":true,"href":"https:\/\/araratfinland.com\/en\/wp-json\/wp\/v2\/product_tag?post=42731"}],"curies":[{"name":"wp","href":"https:\/\/api.w.org\/{rel}","templated":true}]}}