{"id":42729,"date":"2024-06-02T02:15:53","date_gmt":"2024-06-01T23:15:53","guid":{"rendered":"https:\/\/araratfinland.com\/product\/kastike-rasia-100x25cc\/"},"modified":"2025-11-06T11:59:56","modified_gmt":"2025-11-06T09:59:56","slug":"kastike-rasia-100x25cc","status":"publish","type":"product","link":"https:\/\/araratfinland.com\/en\/product\/kastike-rasia-100x25cc\/","title":{"rendered":"Kastike rasia 100x25cc"},"content":{"rendered":"<h4><span style=\"font-size: 19px\"><strong>Kastike rasia.<\/strong><\/span><\/h4>\n<h4><span style=\"font-size: 19px\"><strong>Koko:<\/strong> 250 ml<\/span><\/h4>\n<h4><span style=\"font-size: 19px\"><strong>M\u00e4\u00e4r\u00e4: <\/strong>7&#215;100<\/span><\/h4>\n","protected":false},"excerpt":{"rendered":"<p>Kastike rasia. Koko: 250 ml M\u00e4\u00e4r\u00e4: 7&#215;100<\/p>\n","protected":false},"featured_media":98886,"template":"","meta":{"om_disable_all_campaigns":false,"_monsterinsights_skip_tracking":false,"_monsterinsights_sitenote_active":false,"_monsterinsights_sitenote_note":"","_monsterinsights_sitenote_category":0},"location":[1422],"product_brand":[1423],"product_cat":[1469],"product_tag":[],"class_list":{"0":"post-42729","1":"product","2":"type-product","3":"status-publish","4":"has-post-thumbnail","6":"location-v","7":"product_brand-ararat-ari-food","8":"product_cat-restaurant-en-2","9":"stock_type-pcs-en","11":"first","12":"instock","13":"taxable","14":"shipping-taxable","15":"purchasable","16":"product-type-simple"},"aioseo_notices":[],"locations":[{"id":1422,"name":"v","slug":"v","quantity":"50"}],"_links":{"self":[{"href":"https:\/\/araratfinland.com\/en\/wp-json\/wp\/v2\/product\/42729","targetHints":{"allow":["GET"]}}],"collection":[{"href":"https:\/\/araratfinland.com\/en\/wp-json\/wp\/v2\/product"}],"about":[{"href":"https:\/\/araratfinland.com\/en\/wp-json\/wp\/v2\/types\/product"}],"version-history":[{"count":1,"href":"https:\/\/araratfinland.com\/en\/wp-json\/wp\/v2\/product\/42729\/revisions"}],"predecessor-version":[{"id":53300,"href":"https:\/\/araratfinland.com\/en\/wp-json\/wp\/v2\/product\/42729\/revisions\/53300"}],"wp:featuredmedia":[{"embeddable":true,"href":"https:\/\/araratfinland.com\/en\/wp-json\/wp\/v2\/media\/98886"}],"wp:attachment":[{"href":"https:\/\/araratfinland.com\/en\/wp-json\/wp\/v2\/media?parent=42729"}],"wp:term":[{"taxonomy":"location","embeddable":true,"href":"https:\/\/araratfinland.com\/en\/wp-json\/wp\/v2\/location?post=42729"},{"taxonomy":"product_brand","embeddable":true,"href":"https:\/\/araratfinland.com\/en\/wp-json\/wp\/v2\/product_brand?post=42729"},{"taxonomy":"product_cat","embeddable":true,"href":"https:\/\/araratfinland.com\/en\/wp-json\/wp\/v2\/product_cat?post=42729"},{"taxonomy":"product_tag","embeddable":true,"href":"https:\/\/araratfinland.com\/en\/wp-json\/wp\/v2\/product_tag?post=42729"}],"curies":[{"name":"wp","href":"https:\/\/api.w.org\/{rel}","templated":true}]}}