{"id":42723,"date":"2024-06-02T02:15:51","date_gmt":"2024-06-01T23:15:51","guid":{"rendered":"https:\/\/araratfinland.com\/product\/juss-sour-cherry-drink-1l\/"},"modified":"2025-11-17T15:26:15","modified_gmt":"2025-11-17T13:26:15","slug":"juss-sour-cherry-drink-1l","status":"publish","type":"product","link":"https:\/\/araratfinland.com\/en\/product\/juss-sour-cherry-drink-1l\/","title":{"rendered":"Juss sour cherry drink 1L"},"content":{"rendered":"<div><span style=\"font-size: 19px;color: #000000\"><strong>Ainesosat:<\/strong>\u00a0Vesi, sokeri (sakkaroosi-<br \/>tai fruktoosi-glukoosisiirappi,\u00a0<\/span><\/div>\n<div><span style=\"font-size: 19px;color: #000000\">hapankirsikkamehutiiviste, v\u00e4riaine\u00a0<\/span><\/div>\n<div><span style=\"font-size: 19px;color: #000000\">(musta porkkana mehutiiviste)<\/span><\/div>\n<div><span style=\"font-size: 19px;color: #000000\">happamuuden s\u00e4\u00e4t\u00e4j\u00e4 (sitruunahappo)<br \/>omenahappo),\u00a0hedelm\u00e4mehupitoisuus<br \/>v\u00e4hint\u00e4\u00e4n 25%.<\/span><\/div>\n<div><span style=\"font-size: 19px;color: #000000\"><strong>Valmistusmaa:<\/strong> Turkki.<br \/><strong>S\u00e4ilytys:<\/strong> Kuivasa ja viile\u00e4ss\u00e4 paikassa.<\/span><\/div>\n","protected":false},"excerpt":{"rendered":"<p>Ainesosat:\u00a0Vesi, sokeri (sakkaroosi-tai fruktoosi-glukoosisiirappi,\u00a0 hapankirsikkamehutiiviste, v\u00e4riaine\u00a0 (musta porkkana mehutiiviste) happamuuden s\u00e4\u00e4t\u00e4j\u00e4 (sitruunahappo)omenahappo),\u00a0hedelm\u00e4mehupitoisuusv\u00e4hint\u00e4\u00e4n 25%. Valmistusmaa: Turkki.S\u00e4ilytys: Kuivasa ja viile\u00e4ss\u00e4 paikassa.<\/p>\n","protected":false},"featured_media":100729,"template":"","meta":{"om_disable_all_campaigns":false,"_monsterinsights_skip_tracking":false,"_monsterinsights_sitenote_active":false,"_monsterinsights_sitenote_note":"","_monsterinsights_sitenote_category":0},"location":[1422],"product_brand":[1423],"product_cat":[1480],"product_tag":[],"class_list":{"0":"post-42723","1":"product","2":"type-product","3":"status-publish","4":"has-post-thumbnail","6":"location-v","7":"product_brand-ararat-ari-food","8":"product_cat-mehut-nesteet-en","9":"stock_type-kpl-en","11":"first","12":"instock","13":"taxable","14":"shipping-taxable","15":"purchasable","16":"product-type-simple"},"aioseo_notices":[],"locations":[{"id":1422,"name":"v","slug":"v","quantity":"371"}],"_links":{"self":[{"href":"https:\/\/araratfinland.com\/en\/wp-json\/wp\/v2\/product\/42723","targetHints":{"allow":["GET"]}}],"collection":[{"href":"https:\/\/araratfinland.com\/en\/wp-json\/wp\/v2\/product"}],"about":[{"href":"https:\/\/araratfinland.com\/en\/wp-json\/wp\/v2\/types\/product"}],"version-history":[{"count":1,"href":"https:\/\/araratfinland.com\/en\/wp-json\/wp\/v2\/product\/42723\/revisions"}],"predecessor-version":[{"id":48907,"href":"https:\/\/araratfinland.com\/en\/wp-json\/wp\/v2\/product\/42723\/revisions\/48907"}],"wp:featuredmedia":[{"embeddable":true,"href":"https:\/\/araratfinland.com\/en\/wp-json\/wp\/v2\/media\/100729"}],"wp:attachment":[{"href":"https:\/\/araratfinland.com\/en\/wp-json\/wp\/v2\/media?parent=42723"}],"wp:term":[{"taxonomy":"location","embeddable":true,"href":"https:\/\/araratfinland.com\/en\/wp-json\/wp\/v2\/location?post=42723"},{"taxonomy":"product_brand","embeddable":true,"href":"https:\/\/araratfinland.com\/en\/wp-json\/wp\/v2\/product_brand?post=42723"},{"taxonomy":"product_cat","embeddable":true,"href":"https:\/\/araratfinland.com\/en\/wp-json\/wp\/v2\/product_cat?post=42723"},{"taxonomy":"product_tag","embeddable":true,"href":"https:\/\/araratfinland.com\/en\/wp-json\/wp\/v2\/product_tag?post=42723"}],"curies":[{"name":"wp","href":"https:\/\/api.w.org\/{rel}","templated":true}]}}