{"id":42714,"date":"2024-06-02T02:15:50","date_gmt":"2024-06-01T23:15:50","guid":{"rendered":"https:\/\/araratfinland.com\/product\/peak-haihtunut-taysmaito-410g\/"},"modified":"2025-11-17T08:53:12","modified_gmt":"2025-11-17T06:53:12","slug":"peak-haihtunut-taysmaito-410g","status":"publish","type":"product","link":"https:\/\/araratfinland.com\/en\/product\/peak-haihtunut-taysmaito-410g\/","title":{"rendered":"Peak Haihtunut T\u00e4ysmaito 410g"},"content":{"rendered":"<p><span style=\"color: #000000\"><span style=\"font-size: 18px\"><strong>Peak haihtunut t\u00e4ysmaito (steriloitu).<\/strong><br \/><strong>Lis\u00e4ttyn\u00e4 D-vitamiinilla. Maitorasva v\u00e4hennettyn\u00e4 8%.<\/strong><br \/><\/span><span style=\"font-size: 18px\"><strong>Ainesosat:<\/strong>\u00a0<strong>T\u00e4ysmaito<\/strong>, stabilointiaine E339, D3-vitamiini.<\/span><\/span><br \/><span style=\"font-size: 18px;color: #000000\"><strong>S\u00e4ilytys:<\/strong>\u00a0Kuivassa ja viile\u00e4ss\u00e4 paikassa.<\/span><br \/><strong><span style=\"font-size: 18px\"><span style=\"font-size: 19px;color: #000000\">Ei sovi alle 12 kuukauden ik\u00e4isille lapsille.<\/span><\/p>\n<p><\/span><\/strong> <\/p>\n<div>\n<table style=\"width: 390.156px\">\n<tbody>\n<tr style=\"height: 22px\">\n<td style=\"width: 348.156px;height: 22px\" colspan=\"2\"><span style=\"font-size: 18px;color: #000000\"><strong>Ravintosis\u00e4lt\u00f6 per 100g<\/strong><\/span><\/td>\n<\/tr>\n<\/tbody>\n<tbody>\n<tr style=\"height: 22px\">\n<td style=\"width: 188px;height: 22px\"><span style=\"font-size: 18px;color: #000000\">Energia<\/span><\/td>\n<td style=\"width: 160.156px;height: 22px\"><span style=\"font-size: 18px;color: #000000\">610 kJ \/ 146 kcal<\/span><\/td>\n<\/tr>\n<tr style=\"height: 22px\">\n<td style=\"width: 188px;height: 22px\"><span style=\"font-size: 18px;color: #000000\">Rasva<\/span><\/td>\n<td style=\"width: 160.156px;height: 22px\"><span style=\"font-size: 18px;color: #000000\">8,5 g<\/span><\/td>\n<\/tr>\n<tr style=\"height: 22px\">\n<td style=\"width: 188px;height: 22px\"><span style=\"font-size: 18px;color: #000000\">joista tyydyttyneit\u00e4<\/span><\/td>\n<td style=\"width: 160.156px;height: 22px\"><span style=\"font-size: 18px;color: #000000\">5,8 g<\/span><\/td>\n<\/tr>\n<tr style=\"height: 22px\">\n<td style=\"width: 188px;height: 22px\"><span style=\"font-size: 18px;color: #000000\">Hiilihydraatti<\/span><\/td>\n<td style=\"width: 160.156px;height: 22px\"><span style=\"font-size: 18px;color: #000000\">10,1 g<\/span><\/td>\n<\/tr>\n<tr style=\"height: 22px\">\n<td style=\"width: 188px;height: 22px\"><span style=\"font-size: 18px;color: #000000\">josta sokereita<\/span><\/td>\n<td style=\"width: 160.156px;height: 22px\"><span style=\"font-size: 18px;color: #000000\">10 g<\/span><\/td>\n<\/tr>\n<tr style=\"height: 22px\">\n<td style=\"width: 188px;height: 22px\"><span style=\"font-size: 18px;color: #000000\">Proteiini<\/span><\/td>\n<td style=\"width: 160.156px;height: 22px\"><span style=\"font-size: 18px;color: #000000\">7,1 g<\/span><\/td>\n<\/tr>\n<tr style=\"height: 22px\">\n<td style=\"width: 188px;height: 22px\"><span style=\"font-size: 18px;color: #000000\">D-vitamiinni<\/span><\/td>\n<td style=\"width: 160.156px;height: 22px\"><span style=\"font-size: 18px;color: #000000\">1,1 \u00b5g<\/span><\/td>\n<\/tr>\n<tr style=\"height: 22px\">\n<td style=\"width: 188px;height: 22px\"><span style=\"font-size: 18px;color: #000000\">Suola<\/span><\/td>\n<td style=\"width: 160.156px;height: 22px\"><span style=\"font-size: 18px;color: #000000\">0,2 g<br \/><\/span><\/td>\n<\/tr>\n<\/tbody>\n<\/table><\/div>\n","protected":false},"excerpt":{"rendered":"<p>Peak haihtunut t\u00e4ysmaito (steriloitu).Lis\u00e4ttyn\u00e4 D-vitamiinilla. Maitorasva v\u00e4hennettyn\u00e4 8%.Ainesosat:\u00a0T\u00e4ysmaito, stabilointiaine E339, D3-vitamiini.S\u00e4ilytys:\u00a0Kuivassa ja viile\u00e4ss\u00e4 paikassa.Ei sovi alle 12 kuukauden ik\u00e4isille lapsille.<\/p>\n","protected":false},"featured_media":100580,"template":"","meta":{"om_disable_all_campaigns":false,"_monsterinsights_skip_tracking":false,"_monsterinsights_sitenote_active":false,"_monsterinsights_sitenote_note":"","_monsterinsights_sitenote_category":0},"location":[1422],"product_brand":[1423],"product_cat":[1352],"product_tag":[],"class_list":{"0":"post-42714","1":"product","2":"type-product","3":"status-publish","4":"has-post-thumbnail","6":"location-v","7":"product_brand-ararat-ari-food","8":"product_cat-maitotuotteet-fi","9":"stock_type-prk-en","11":"first","12":"instock","13":"taxable","14":"shipping-taxable","15":"purchasable","16":"product-type-simple"},"aioseo_notices":[],"locations":[{"id":1422,"name":"v","slug":"v","quantity":"480"}],"_links":{"self":[{"href":"https:\/\/araratfinland.com\/en\/wp-json\/wp\/v2\/product\/42714","targetHints":{"allow":["GET"]}}],"collection":[{"href":"https:\/\/araratfinland.com\/en\/wp-json\/wp\/v2\/product"}],"about":[{"href":"https:\/\/araratfinland.com\/en\/wp-json\/wp\/v2\/types\/product"}],"version-history":[{"count":1,"href":"https:\/\/araratfinland.com\/en\/wp-json\/wp\/v2\/product\/42714\/revisions"}],"predecessor-version":[{"id":52442,"href":"https:\/\/araratfinland.com\/en\/wp-json\/wp\/v2\/product\/42714\/revisions\/52442"}],"wp:featuredmedia":[{"embeddable":true,"href":"https:\/\/araratfinland.com\/en\/wp-json\/wp\/v2\/media\/100580"}],"wp:attachment":[{"href":"https:\/\/araratfinland.com\/en\/wp-json\/wp\/v2\/media?parent=42714"}],"wp:term":[{"taxonomy":"location","embeddable":true,"href":"https:\/\/araratfinland.com\/en\/wp-json\/wp\/v2\/location?post=42714"},{"taxonomy":"product_brand","embeddable":true,"href":"https:\/\/araratfinland.com\/en\/wp-json\/wp\/v2\/product_brand?post=42714"},{"taxonomy":"product_cat","embeddable":true,"href":"https:\/\/araratfinland.com\/en\/wp-json\/wp\/v2\/product_cat?post=42714"},{"taxonomy":"product_tag","embeddable":true,"href":"https:\/\/araratfinland.com\/en\/wp-json\/wp\/v2\/product_tag?post=42714"}],"curies":[{"name":"wp","href":"https:\/\/api.w.org\/{rel}","templated":true}]}}