{"id":42711,"date":"2024-06-02T02:15:49","date_gmt":"2024-06-01T23:15:49","guid":{"rendered":"https:\/\/araratfinland.com\/product\/agadeer-broilerin-rintafile-5x2-kg-2\/"},"modified":"2025-09-12T10:35:40","modified_gmt":"2025-09-12T07:35:40","slug":"agadeer-broilerin-rintafile-5x2-kg-2","status":"publish","type":"product","link":"https:\/\/araratfinland.com\/en\/product\/agadeer-broilerin-rintafile-5x2-kg-2\/","title":{"rendered":"Agadeer broilerin rintafile 5&#215;2 kg"},"content":{"rendered":"<h4><span style=\"font-size: 18px;color: #000000\"><strong>Kanan rintafilee A-Luokka.<\/strong><\/span><\/h4>\n<h4><span style=\"color: #000000\"><span style=\"font-size: 18px\"><strong>Ainesosat:<\/strong> Kananrintafilee 70%, vesi 28,5%,<br \/>suola, karrageni.<\/p>\n<p><\/span><span style=\"font-size: 18px\"><strong>S\u00e4ilytys: <\/strong>Pakastimessa: Alle -18\u2103:n<br \/>l\u00e4mp\u00f6tilassa katso &#039;&#039;parasta ennen&#039;&#039;.<br \/><\/span><span style=\"font-size: 18px\">J\u00e4\u00e4kaapissa: Alle 5\u2103:n l\u00e4mp\u00f6tilassa n. 24 tuntia.<br \/><\/span><span style=\"font-size: 18px\"><strong>Ei saa pakastaa uudelleen sulattamisen j\u00e4\u00e4lkeen.<\/strong><\/span><\/span><\/h4>\n","protected":false},"excerpt":{"rendered":"<p>Kanan rintafilee A-Luokka. Ainesosat: Kananrintafilee 70%, vesi 28,5%,suola, karrageni. S\u00e4ilytys: Pakastimessa: Alle -18\u2103:nl\u00e4mp\u00f6tilassa katso &#039;&#039;parasta ennen&#039;&#039;.J\u00e4\u00e4kaapissa: Alle 5\u2103:n l\u00e4mp\u00f6tilassa n.<\/p>\n","protected":false},"featured_media":90808,"template":"","meta":{"om_disable_all_campaigns":false,"_monsterinsights_skip_tracking":false,"_monsterinsights_sitenote_active":false,"_monsterinsights_sitenote_note":"","_monsterinsights_sitenote_category":0},"location":[1422],"product_brand":[1423],"product_cat":[1464],"product_tag":[],"class_list":{"0":"post-42711","1":"product","2":"type-product","3":"status-publish","4":"has-post-thumbnail","6":"location-v","7":"product_brand-ararat-ari-food","8":"product_cat-pakasteet-en-2","9":"stock_type-ltk-en","11":"first","12":"instock","13":"taxable","14":"shipping-taxable","15":"purchasable","16":"product-type-simple"},"aioseo_notices":[],"locations":[{"id":1422,"name":"v","slug":"v","quantity":"0"}],"_links":{"self":[{"href":"https:\/\/araratfinland.com\/en\/wp-json\/wp\/v2\/product\/42711","targetHints":{"allow":["GET"]}}],"collection":[{"href":"https:\/\/araratfinland.com\/en\/wp-json\/wp\/v2\/product"}],"about":[{"href":"https:\/\/araratfinland.com\/en\/wp-json\/wp\/v2\/types\/product"}],"version-history":[{"count":1,"href":"https:\/\/araratfinland.com\/en\/wp-json\/wp\/v2\/product\/42711\/revisions"}],"predecessor-version":[{"id":48637,"href":"https:\/\/araratfinland.com\/en\/wp-json\/wp\/v2\/product\/42711\/revisions\/48637"}],"wp:featuredmedia":[{"embeddable":true,"href":"https:\/\/araratfinland.com\/en\/wp-json\/wp\/v2\/media\/90808"}],"wp:attachment":[{"href":"https:\/\/araratfinland.com\/en\/wp-json\/wp\/v2\/media?parent=42711"}],"wp:term":[{"taxonomy":"location","embeddable":true,"href":"https:\/\/araratfinland.com\/en\/wp-json\/wp\/v2\/location?post=42711"},{"taxonomy":"product_brand","embeddable":true,"href":"https:\/\/araratfinland.com\/en\/wp-json\/wp\/v2\/product_brand?post=42711"},{"taxonomy":"product_cat","embeddable":true,"href":"https:\/\/araratfinland.com\/en\/wp-json\/wp\/v2\/product_cat?post=42711"},{"taxonomy":"product_tag","embeddable":true,"href":"https:\/\/araratfinland.com\/en\/wp-json\/wp\/v2\/product_tag?post=42711"}],"curies":[{"name":"wp","href":"https:\/\/api.w.org\/{rel}","templated":true}]}}