{"id":42702,"date":"2024-06-02T02:15:48","date_gmt":"2024-06-01T23:15:48","guid":{"rendered":"https:\/\/araratfinland.com\/product\/yayla-kaymakli-yogurt-6-800g\/"},"modified":"2025-11-06T15:10:44","modified_gmt":"2025-11-06T13:10:44","slug":"yayla-kaymakli-yogurt-6-800g","status":"publish","type":"product","link":"https:\/\/araratfinland.com\/en\/product\/yayla-kaymakli-yogurt-6-800g\/","title":{"rendered":"Yayla Kaymakli Yogurt 6% &#8211; 800g"},"content":{"rendered":"<h4><span style=\"font-size: 19px;color: #000000\"><strong>Yogurt 6% rasvaa.<\/strong><\/span><\/h4>\n<h4><span style=\"font-size: 19px;color: #000000\"><strong>Ai<\/strong><strong>nes<\/strong><strong>osat: T\u00e4ysmaito, kerma<\/strong> <strong>(maito),<br \/><\/strong>rasvaton <strong>maito<\/strong>tiiviste<strong>,\u00a0<\/strong>maitohappofermentit.<\/span><\/h4>\n<h4><span style=\"font-size: 19px;color: #000000\"><strong>S\u00e4ilytys: <\/strong>Pid\u00e4 kylm\u00e4ss\u00e4 4\u2103 &#8211; 7\u2103.<\/span><\/h4>\n<table style=\"width: 358.141px\">\n<tbody>\n<tr style=\"height: 23px\">\n<td style=\"width: 340.141px;height: 23px\" colspan=\"2\"><span style=\"font-size: 19px;color: #000000\"><strong>Ravintosis\u00e4lt\u00f6 per 100g<\/strong><\/span><\/td>\n<\/tr>\n<\/tbody>\n<tbody>\n<tr style=\"height: 23px\">\n<td style=\"width: 191px;height: 23px\"><span style=\"font-size: 19px;color: #000000\">Energia<\/span><\/td>\n<td style=\"width: 149.141px;height: 23px\"><span style=\"font-size: 19px;color: #000000\">393 kJ \/94 kcal<\/span><\/td>\n<\/tr>\n<tr style=\"height: 23px\">\n<td style=\"width: 191px;height: 23px\"><span style=\"font-size: 19px;color: #000000\">Rasva<\/span><\/td>\n<td style=\"width: 149.141px;height: 23px\"><span style=\"font-size: 19px;color: #000000\">6,0 g<\/span><\/td>\n<\/tr>\n<tr style=\"height: 22.8125px\">\n<td style=\"width: 191px;height: 22.8125px\"><span style=\"font-size: 19px;color: #000000\">josta tyydyttynytt\u00e4<\/span><\/td>\n<td style=\"width: 149.141px;height: 22.8125px\"><span style=\"font-size: 19px;color: #000000\">4,2 g<\/span><\/td>\n<\/tr>\n<tr style=\"height: 23px\">\n<td style=\"width: 191px;height: 23px\"><span style=\"font-size: 19px;color: #000000\">Hiilihydraatit<\/span><\/td>\n<td style=\"width: 149.141px;height: 23px\"><span style=\"font-size: 19px;color: #000000\">5,8 g<\/span><\/td>\n<\/tr>\n<tr style=\"height: 23px\">\n<td style=\"width: 191px;height: 23px\"><span style=\"font-size: 19px;color: #000000\">josta sokereita<\/span><\/td>\n<td style=\"width: 149.141px;height: 23px\"><span style=\"font-size: 19px;color: #000000\">5,8 g<\/span><\/td>\n<\/tr>\n<tr style=\"height: 23px\">\n<td style=\"width: 191px;height: 23px\"><span style=\"font-size: 19px;color: #000000\">Proteiini<\/span><\/td>\n<td style=\"width: 149.141px;height: 23px\"><span style=\"font-size: 19px;color: #000000\">4,2 g<\/span><\/td>\n<\/tr>\n<tr style=\"height: 23px\">\n<td style=\"width: 191px;height: 23px\"><span style=\"font-size: 19px;color: #000000\">Suola<\/span><\/td>\n<td style=\"width: 149.141px;height: 23px\"><span style=\"font-size: 19px;color: #000000\">0,15 g<\/span><\/td>\n<\/tr>\n<\/tbody>\n<\/table>\n","protected":false},"excerpt":{"rendered":"<p>Yogurt 6% rasvaa. Ainesosat: T\u00e4ysmaito, kerma (maito),rasvaton maitotiiviste,\u00a0maitohappofermentit. S\u00e4ilytys: Pid\u00e4 kylm\u00e4ss\u00e4 4\u2103 &#8211; 7\u2103. Ravintosis\u00e4lt\u00f6 per 100g Energia 393 kJ<\/p>\n","protected":false},"featured_media":99047,"template":"","meta":{"om_disable_all_campaigns":false,"_monsterinsights_skip_tracking":false,"_monsterinsights_sitenote_active":false,"_monsterinsights_sitenote_note":"","_monsterinsights_sitenote_category":0},"location":[1422],"product_brand":[1423],"product_cat":[1352],"product_tag":[],"class_list":{"0":"post-42702","1":"product","2":"type-product","3":"status-publish","4":"has-post-thumbnail","6":"location-v","7":"product_brand-ararat-ari-food","8":"product_cat-maitotuotteet-fi","9":"stock_type-prk-en","11":"first","12":"instock","13":"taxable","14":"shipping-taxable","15":"purchasable","16":"product-type-simple"},"aioseo_notices":[],"locations":[{"id":1422,"name":"v","slug":"v","quantity":"128"}],"_links":{"self":[{"href":"https:\/\/araratfinland.com\/en\/wp-json\/wp\/v2\/product\/42702","targetHints":{"allow":["GET"]}}],"collection":[{"href":"https:\/\/araratfinland.com\/en\/wp-json\/wp\/v2\/product"}],"about":[{"href":"https:\/\/araratfinland.com\/en\/wp-json\/wp\/v2\/types\/product"}],"version-history":[{"count":1,"href":"https:\/\/araratfinland.com\/en\/wp-json\/wp\/v2\/product\/42702\/revisions"}],"predecessor-version":[{"id":48265,"href":"https:\/\/araratfinland.com\/en\/wp-json\/wp\/v2\/product\/42702\/revisions\/48265"}],"wp:featuredmedia":[{"embeddable":true,"href":"https:\/\/araratfinland.com\/en\/wp-json\/wp\/v2\/media\/99047"}],"wp:attachment":[{"href":"https:\/\/araratfinland.com\/en\/wp-json\/wp\/v2\/media?parent=42702"}],"wp:term":[{"taxonomy":"location","embeddable":true,"href":"https:\/\/araratfinland.com\/en\/wp-json\/wp\/v2\/location?post=42702"},{"taxonomy":"product_brand","embeddable":true,"href":"https:\/\/araratfinland.com\/en\/wp-json\/wp\/v2\/product_brand?post=42702"},{"taxonomy":"product_cat","embeddable":true,"href":"https:\/\/araratfinland.com\/en\/wp-json\/wp\/v2\/product_cat?post=42702"},{"taxonomy":"product_tag","embeddable":true,"href":"https:\/\/araratfinland.com\/en\/wp-json\/wp\/v2\/product_tag?post=42702"}],"curies":[{"name":"wp","href":"https:\/\/api.w.org\/{rel}","templated":true}]}}