{"id":42694,"date":"2024-06-02T02:15:46","date_gmt":"2024-06-01T23:15:46","guid":{"rendered":"https:\/\/araratfinland.com\/product\/au-ble-dor-baklava-taikina-470g\/"},"modified":"2025-11-17T14:25:27","modified_gmt":"2025-11-17T12:25:27","slug":"au-ble-dor-baklava-taikina-470g","status":"publish","type":"product","link":"https:\/\/araratfinland.com\/en\/product\/au-ble-dor-baklava-taikina-470g\/","title":{"rendered":"Au Ble Dor Baklava Taikina 470g"},"content":{"rendered":"<div><span style=\"color: #000000\"><span style=\"font-size: 18px\"><strong>Ainesosat:<\/strong>\u00a0<strong>Vehn\u00e4<\/strong>jauho,\u00a0<\/span><span style=\"font-size: 18px\">vesi, <strong>maissi<\/strong>t\u00e4rkkelys,<\/span><\/span><\/div>\n<div><span style=\"font-size: 18px;color: #000000\">suola, s\u00e4il\u00f6nt\u00e4aine E202.<br \/><\/span><\/div>\n<div><span style=\"color: #000000\"><span style=\"font-size: 18px\"><strong>Allergeenit:<\/strong>\u00a0Sis\u00e4lt\u00e4\u00e4 gluteenia.<br \/><strong>S\u00e4ilytys:\u00a0<\/strong><\/span><span style=\"font-size: 18px\">S\u00e4ilyt\u00e4 j\u00e4\u00e4kaapissa 0<\/span><span style=\"font-size: 18px\">\u2103\u00a0&#8211; 4\u2103.<\/span><\/span><\/div>\n","protected":false},"excerpt":{"rendered":"<p>Ainesosat:\u00a0Vehn\u00e4jauho,\u00a0vesi, maissit\u00e4rkkelys, suola, s\u00e4il\u00f6nt\u00e4aine E202. Allergeenit:\u00a0Sis\u00e4lt\u00e4\u00e4 gluteenia.S\u00e4ilytys:\u00a0S\u00e4ilyt\u00e4 j\u00e4\u00e4kaapissa 0\u2103\u00a0&#8211; 4\u2103.<\/p>\n","protected":false},"featured_media":100701,"template":"","meta":{"om_disable_all_campaigns":false,"_monsterinsights_skip_tracking":false,"_monsterinsights_sitenote_active":false,"_monsterinsights_sitenote_note":"","_monsterinsights_sitenote_category":0},"location":[1422],"product_brand":[1423],"product_cat":[1376],"product_tag":[],"class_list":{"0":"post-42694","1":"product","2":"type-product","3":"status-publish","4":"has-post-thumbnail","6":"location-v","7":"product_brand-ararat-ari-food","8":"product_cat-taikinat-fi","9":"stock_type-kpl-en","11":"first","12":"instock","13":"taxable","14":"shipping-taxable","15":"purchasable","16":"product-type-simple"},"aioseo_notices":[],"locations":[{"id":1422,"name":"v","slug":"v","quantity":"2848"}],"_links":{"self":[{"href":"https:\/\/araratfinland.com\/en\/wp-json\/wp\/v2\/product\/42694","targetHints":{"allow":["GET"]}}],"collection":[{"href":"https:\/\/araratfinland.com\/en\/wp-json\/wp\/v2\/product"}],"about":[{"href":"https:\/\/araratfinland.com\/en\/wp-json\/wp\/v2\/types\/product"}],"version-history":[{"count":1,"href":"https:\/\/araratfinland.com\/en\/wp-json\/wp\/v2\/product\/42694\/revisions"}],"predecessor-version":[{"id":46902,"href":"https:\/\/araratfinland.com\/en\/wp-json\/wp\/v2\/product\/42694\/revisions\/46902"}],"wp:featuredmedia":[{"embeddable":true,"href":"https:\/\/araratfinland.com\/en\/wp-json\/wp\/v2\/media\/100701"}],"wp:attachment":[{"href":"https:\/\/araratfinland.com\/en\/wp-json\/wp\/v2\/media?parent=42694"}],"wp:term":[{"taxonomy":"location","embeddable":true,"href":"https:\/\/araratfinland.com\/en\/wp-json\/wp\/v2\/location?post=42694"},{"taxonomy":"product_brand","embeddable":true,"href":"https:\/\/araratfinland.com\/en\/wp-json\/wp\/v2\/product_brand?post=42694"},{"taxonomy":"product_cat","embeddable":true,"href":"https:\/\/araratfinland.com\/en\/wp-json\/wp\/v2\/product_cat?post=42694"},{"taxonomy":"product_tag","embeddable":true,"href":"https:\/\/araratfinland.com\/en\/wp-json\/wp\/v2\/product_tag?post=42694"}],"curies":[{"name":"wp","href":"https:\/\/api.w.org\/{rel}","templated":true}]}}