{"id":42674,"date":"2024-06-02T02:15:42","date_gmt":"2024-06-01T23:15:42","guid":{"rendered":"https:\/\/araratfinland.com\/product\/durra-tonnikala-oljyssa-160g\/"},"modified":"2025-09-22T15:48:59","modified_gmt":"2025-09-22T12:48:59","slug":"durra-tonnikala-oljyssa-160g","status":"publish","type":"product","link":"https:\/\/araratfinland.com\/en\/product\/durra-tonnikala-oljyssa-160g\/","title":{"rendered":"Durra Tonnikala \u00d6ljyss\u00e4 160g"},"content":{"rendered":"<div><span style=\"color: #000000\"><span style=\"font-size: 18px\"><strong>Ainesosat:<\/strong> Tonnikala 70%, kasvi\u00f6ljy<\/span><span style=\"font-size: 18px\">, suola.<br \/><\/span><\/span><\/div>\n<div><span style=\"font-size: 18px;color: #000000\"><strong>Valmistusmaa:<\/strong> Vietnam.<br \/><\/span><\/div>\n<div><span style=\"font-size: 18px;color: #000000\"><strong>S\u00e4ilytys:<\/strong> K\u00e4ytett\u00e4v\u00e4 24 tunnin sis\u00e4ll\u00e4 avaamisesta.<\/span><\/div>\n<div><span style=\"font-size: 18px\"><span style=\"font-size: 18px\"><span style=\"color: #000000\">S\u00e4ilytys viile\u00e4ss\u00e4 ja kuivassa paikassa.<\/span><br \/><\/span><\/span> <\/p>\n<table style=\"font-size: 12px;width: 298px\">\n<tbody>\n<tr>\n<td style=\"width: 276px\" colspan=\"2\"><span style=\"font-size: 18px;color: #000000\"><strong>Ravintosis\u00e4lt\u00f6 per 100g<\/strong><\/span><\/td>\n<\/tr>\n<\/tbody>\n<tbody>\n<tr>\n<td style=\"width: 154px\"><span style=\"font-size: 18px;color: #000000\">Energia<\/span><\/td>\n<td style=\"width: 122px\"><span style=\"font-size: 18px;color: #000000\">230 kcal<\/span><\/td>\n<\/tr>\n<tr>\n<td style=\"width: 154px\"><span style=\"font-size: 18px;color: #000000\">Rasva<\/span><\/td>\n<td style=\"width: 122px\"><span style=\"font-size: 18px;color: #000000\">13 g<\/span><\/td>\n<\/tr>\n<tr>\n<td style=\"width: 154px\"><span style=\"font-size: 18px;color: #000000\">Kuitu<\/span><\/td>\n<td style=\"width: 122px\"><span style=\"font-size: 18px;color: #000000\">0 g<\/span><\/td>\n<\/tr>\n<tr>\n<td style=\"width: 154px\"><span style=\"font-size: 18px;color: #000000\">Natriumi<\/span><\/td>\n<td style=\"width: 122px\"><span style=\"font-size: 18px;color: #000000\">385 g<\/span><\/td>\n<\/tr>\n<tr>\n<td style=\"width: 154px\"><span style=\"font-size: 18px;color: #000000\">josta sokereita<\/span><\/td>\n<td style=\"width: 122px\"><span style=\"font-size: 18px;color: #000000\">0 g<\/span><\/td>\n<\/tr>\n<tr>\n<td style=\"width: 154px\"><span style=\"font-size: 18px;color: #000000\">Proteiini<\/span><\/td>\n<td style=\"width: 122px\"><span style=\"font-size: 18px;color: #000000\">27 g<\/span><\/td>\n<\/tr>\n<tr>\n<td style=\"width: 154px\"><span style=\"font-size: 18px;color: #000000\">Suola<\/span><\/td>\n<td style=\"width: 122px\"><span style=\"font-size: 18px;color: #000000\">0 g<br \/><\/span><\/td>\n<\/tr>\n<\/tbody>\n<\/table><\/div>\n","protected":false},"excerpt":{"rendered":"<p>Ainesosat: Tonnikala 70%, kasvi\u00f6ljy, suola. Valmistusmaa: Vietnam. S\u00e4ilytys: K\u00e4ytett\u00e4v\u00e4 24 tunnin sis\u00e4ll\u00e4 avaamisesta. S\u00e4ilytys viile\u00e4ss\u00e4 ja kuivassa paikassa. Ravintosis\u00e4lt\u00f6 per<\/p>\n","protected":false},"featured_media":93082,"template":"","meta":{"om_disable_all_campaigns":false,"_monsterinsights_skip_tracking":false,"_monsterinsights_sitenote_active":false,"_monsterinsights_sitenote_note":"","_monsterinsights_sitenote_category":0},"location":[1422],"product_brand":[1423],"product_cat":[1360],"product_tag":[],"class_list":{"0":"post-42674","1":"product","2":"type-product","3":"status-publish","4":"has-post-thumbnail","6":"location-v","7":"product_brand-ararat-ari-food","8":"product_cat-silykeetvihannekset-fi","9":"stock_type-ltk-en","11":"first","12":"instock","13":"taxable","14":"shipping-taxable","15":"purchasable","16":"product-type-simple"},"aioseo_notices":[],"locations":[{"id":1422,"name":"v","slug":"v","quantity":"0"}],"_links":{"self":[{"href":"https:\/\/araratfinland.com\/en\/wp-json\/wp\/v2\/product\/42674","targetHints":{"allow":["GET"]}}],"collection":[{"href":"https:\/\/araratfinland.com\/en\/wp-json\/wp\/v2\/product"}],"about":[{"href":"https:\/\/araratfinland.com\/en\/wp-json\/wp\/v2\/types\/product"}],"version-history":[{"count":2,"href":"https:\/\/araratfinland.com\/en\/wp-json\/wp\/v2\/product\/42674\/revisions"}],"predecessor-version":[{"id":75048,"href":"https:\/\/araratfinland.com\/en\/wp-json\/wp\/v2\/product\/42674\/revisions\/75048"}],"wp:featuredmedia":[{"embeddable":true,"href":"https:\/\/araratfinland.com\/en\/wp-json\/wp\/v2\/media\/93082"}],"wp:attachment":[{"href":"https:\/\/araratfinland.com\/en\/wp-json\/wp\/v2\/media?parent=42674"}],"wp:term":[{"taxonomy":"location","embeddable":true,"href":"https:\/\/araratfinland.com\/en\/wp-json\/wp\/v2\/location?post=42674"},{"taxonomy":"product_brand","embeddable":true,"href":"https:\/\/araratfinland.com\/en\/wp-json\/wp\/v2\/product_brand?post=42674"},{"taxonomy":"product_cat","embeddable":true,"href":"https:\/\/araratfinland.com\/en\/wp-json\/wp\/v2\/product_cat?post=42674"},{"taxonomy":"product_tag","embeddable":true,"href":"https:\/\/araratfinland.com\/en\/wp-json\/wp\/v2\/product_tag?post=42674"}],"curies":[{"name":"wp","href":"https:\/\/api.w.org\/{rel}","templated":true}]}}