{"id":42666,"date":"2024-06-02T02:15:40","date_gmt":"2024-06-01T23:15:40","guid":{"rendered":"https:\/\/araratfinland.com\/product\/11-granattiomena-siirappi-435g\/"},"modified":"2025-11-08T09:13:53","modified_gmt":"2025-11-08T07:13:53","slug":"11-granattiomena-siirappi-435g","status":"publish","type":"product","link":"https:\/\/araratfinland.com\/en\/product\/11-granattiomena-siirappi-435g\/","title":{"rendered":"1&amp;1 Granaattiomena Siirappi 435g"},"content":{"rendered":"<h4><span style=\"font-size: 18px;color: #000000\"><strong>Granattiomena siirappi.<\/strong><\/span><\/h4>\n<h4><span style=\"font-size: 18px;color: #000000\"><strong>Ainesosat:<\/strong> Granattiomena siirappi.<\/span><\/h4>\n<h4><span style=\"font-size: 18px;color: #000000\"><strong>Alkuper\u00e4maa: <\/strong>Irani.<\/span><\/h4>\n<h4><span style=\"font-size: 18px;color: #000000\"><strong>S\u00e4ilytys: <\/strong>Viile\u00e4ss\u00e4 ja pime\u00e4ss\u00e4 paikassa.<\/span><br \/><span style=\"font-size: 18px;color: #000000\">Avaamisen j\u00e4lkeen s\u00e4ilyt\u00e4 j\u00e4\u00e4kaapissa.<\/span><\/h4>\n","protected":false},"excerpt":{"rendered":"<p>Granattiomena siirappi. Ainesosat: Granattiomena siirappi. Alkuper\u00e4maa: Irani. S\u00e4ilytys: Viile\u00e4ss\u00e4 ja pime\u00e4ss\u00e4 paikassa.Avaamisen j\u00e4lkeen s\u00e4ilyt\u00e4 j\u00e4\u00e4kaapissa.<\/p>\n","protected":false},"featured_media":99758,"template":"","meta":{"om_disable_all_campaigns":false,"_monsterinsights_skip_tracking":false,"_monsterinsights_sitenote_active":false,"_monsterinsights_sitenote_note":"","_monsterinsights_sitenote_category":0},"location":[1422],"product_brand":[1423],"product_cat":[1338],"product_tag":[],"class_list":{"0":"post-42666","1":"product","2":"type-product","3":"status-publish","4":"has-post-thumbnail","6":"location-v","7":"product_brand-ararat-ari-food","8":"product_cat-mehut-nesteet-etikka-fi","9":"stock_type-kpl-en","11":"first","12":"instock","13":"taxable","14":"shipping-taxable","15":"purchasable","16":"product-type-simple"},"aioseo_notices":[],"locations":[{"id":1422,"name":"v","slug":"v","quantity":"-48"}],"_links":{"self":[{"href":"https:\/\/araratfinland.com\/en\/wp-json\/wp\/v2\/product\/42666","targetHints":{"allow":["GET"]}}],"collection":[{"href":"https:\/\/araratfinland.com\/en\/wp-json\/wp\/v2\/product"}],"about":[{"href":"https:\/\/araratfinland.com\/en\/wp-json\/wp\/v2\/types\/product"}],"version-history":[{"count":2,"href":"https:\/\/araratfinland.com\/en\/wp-json\/wp\/v2\/product\/42666\/revisions"}],"predecessor-version":[{"id":77797,"href":"https:\/\/araratfinland.com\/en\/wp-json\/wp\/v2\/product\/42666\/revisions\/77797"}],"wp:featuredmedia":[{"embeddable":true,"href":"https:\/\/araratfinland.com\/en\/wp-json\/wp\/v2\/media\/99758"}],"wp:attachment":[{"href":"https:\/\/araratfinland.com\/en\/wp-json\/wp\/v2\/media?parent=42666"}],"wp:term":[{"taxonomy":"location","embeddable":true,"href":"https:\/\/araratfinland.com\/en\/wp-json\/wp\/v2\/location?post=42666"},{"taxonomy":"product_brand","embeddable":true,"href":"https:\/\/araratfinland.com\/en\/wp-json\/wp\/v2\/product_brand?post=42666"},{"taxonomy":"product_cat","embeddable":true,"href":"https:\/\/araratfinland.com\/en\/wp-json\/wp\/v2\/product_cat?post=42666"},{"taxonomy":"product_tag","embeddable":true,"href":"https:\/\/araratfinland.com\/en\/wp-json\/wp\/v2\/product_tag?post=42666"}],"curies":[{"name":"wp","href":"https:\/\/api.w.org\/{rel}","templated":true}]}}