{"id":42652,"date":"2024-06-02T02:15:37","date_gmt":"2024-06-01T23:15:37","guid":{"rendered":"https:\/\/araratfinland.com\/product\/tropical-plantain-chips-suolattu-85g\/"},"modified":"2025-11-17T08:19:06","modified_gmt":"2025-11-17T06:19:06","slug":"tropical-plantain-chips-suolattu-85g","status":"publish","type":"product","link":"https:\/\/araratfinland.com\/en\/product\/tropical-plantain-chips-suolattu-85g\/","title":{"rendered":"TG Plantain Chips Lightly Salted 85g"},"content":{"rendered":"<p><span style=\"color: #000000\"><strong><span style=\"font-size: 18px\">Ainesosat:\u00a0<\/span><\/strong><span style=\"font-size: 18px\">Vihre\u00e4t jauhobanaanit (Musa Paradisiaca AAB),<br \/>kasvi\u00f6ljy (palmu), suola.<\/span><\/span><\/p>\n<p><span style=\"color: #000000\"><strong><span style=\"font-size: 18px\">S\u00e4ilytys:\u00a0<\/span><\/strong><\/span><span style=\"font-size: 18px\"><span style=\"color: #000000\">Kuivassa ja viile\u00e4ss\u00e4 paikassa.<\/span><\/p>\n<p><span style=\"color: #000000\"><strong>Alkuper\u00e4maa:<\/strong>\u00a0Ecuador.<\/span><br \/><\/span> <\/p>\n<table style=\"height: 361px;width: 411px\">\n<tbody>\n<tr style=\"height: 1px\">\n<td style=\"width: 396px;height: 1px\" colspan=\"2\"><span style=\"font-size: 19px;color: #000000\"><strong>Ravintosis\u00e4lt\u00f6 per 100g<\/strong><\/span><\/td>\n<\/tr>\n<\/tbody>\n<tbody>\n<tr style=\"height: 7px\">\n<td style=\"width: 210.688px;height: 7px\"><span style=\"font-size: 19px;color: #000000\">Energiaa<\/span><\/td>\n<td style=\"width: 185.312px;height: 7px\"><span style=\"font-size: 19px;color: #000000\">2287 kj \/ 546 kcal<\/span><\/td>\n<\/tr>\n<tr style=\"height: 6px\">\n<td style=\"width: 210.688px;height: 6px\"><span style=\"font-size: 19px;color: #000000\">Rasva<\/span><\/td>\n<td style=\"width: 185.312px;height: 6px\"><span style=\"font-size: 19px;color: #000000\">32 g<\/span><\/td>\n<\/tr>\n<tr style=\"height: 8px\">\n<td style=\"width: 210.688px;height: 8px\"><span style=\"font-size: 19px;color: #000000\">josta tyydyttynytt\u00e4<\/span><\/td>\n<td style=\"width: 185.312px;height: 8px\"><span style=\"font-size: 19px;color: #000000\">14 g<\/span><\/td>\n<\/tr>\n<tr style=\"height: 18px\">\n<td style=\"width: 210.688px;height: 18px\"><span style=\"font-size: 19px;color: #000000\">Hiilihydraatit<\/span><\/td>\n<td style=\"width: 185.312px;height: 18px\"><span style=\"font-size: 19px;color: #000000\">62 g<\/span><\/td>\n<\/tr>\n<tr style=\"height: 8px\">\n<td style=\"width: 210.688px;height: 8px\"><span style=\"font-size: 19px;color: #000000\">josta sokereita<\/span><\/td>\n<td style=\"width: 185.312px;height: 8px\"><span style=\"font-size: 19px;color: #000000\">0 g<\/span><\/td>\n<\/tr>\n<tr style=\"height: 8px\">\n<td style=\"width: 210.688px;height: 8px\"><span style=\"font-size: 19px;color: #000000\">Proteiini<\/span><\/td>\n<td style=\"width: 185.312px;height: 8px\"><span style=\"font-size: 19px;color: #000000\">2 g<\/span><\/td>\n<\/tr>\n<tr style=\"height: 12px\">\n<td style=\"width: 210.688px;height: 12px\"><span style=\"font-size: 19px;color: #000000\">Suola<\/span><\/td>\n<td style=\"width: 185.312px;height: 12px\"><span style=\"font-size: 19px;color: #000000\">0,11 g<br \/><\/span><\/td>\n<\/tr>\n<\/tbody>\n<\/table>\n","protected":false},"excerpt":{"rendered":"<p>Ainesosat:\u00a0Vihre\u00e4t jauhobanaanit (Musa Paradisiaca AAB),kasvi\u00f6ljy (palmu), suola. S\u00e4ilytys:\u00a0Kuivassa ja viile\u00e4ss\u00e4 paikassa. Alkuper\u00e4maa:\u00a0Ecuador. Ravintosis\u00e4lt\u00f6 per 100g Energiaa 2287 kj \/ 546<\/p>\n","protected":false},"featured_media":100507,"template":"","meta":{"om_disable_all_campaigns":false,"_monsterinsights_skip_tracking":false,"_monsterinsights_sitenote_active":false,"_monsterinsights_sitenote_note":"","_monsterinsights_sitenote_category":0},"location":[1422],"product_brand":[1423],"product_cat":[1324],"product_tag":[],"class_list":{"0":"post-42652","1":"product","2":"type-product","3":"status-publish","4":"has-post-thumbnail","6":"location-v","7":"product_brand-ararat-ari-food","8":"product_cat-makeiset-fi","9":"stock_type-pcs-en","11":"first","12":"instock","13":"taxable","14":"shipping-taxable","15":"purchasable","16":"product-type-simple"},"aioseo_notices":[],"locations":[{"id":1422,"name":"v","slug":"v","quantity":"880"}],"_links":{"self":[{"href":"https:\/\/araratfinland.com\/en\/wp-json\/wp\/v2\/product\/42652","targetHints":{"allow":["GET"]}}],"collection":[{"href":"https:\/\/araratfinland.com\/en\/wp-json\/wp\/v2\/product"}],"about":[{"href":"https:\/\/araratfinland.com\/en\/wp-json\/wp\/v2\/types\/product"}],"version-history":[{"count":2,"href":"https:\/\/araratfinland.com\/en\/wp-json\/wp\/v2\/product\/42652\/revisions"}],"predecessor-version":[{"id":52461,"href":"https:\/\/araratfinland.com\/en\/wp-json\/wp\/v2\/product\/42652\/revisions\/52461"}],"wp:featuredmedia":[{"embeddable":true,"href":"https:\/\/araratfinland.com\/en\/wp-json\/wp\/v2\/media\/100507"}],"wp:attachment":[{"href":"https:\/\/araratfinland.com\/en\/wp-json\/wp\/v2\/media?parent=42652"}],"wp:term":[{"taxonomy":"location","embeddable":true,"href":"https:\/\/araratfinland.com\/en\/wp-json\/wp\/v2\/location?post=42652"},{"taxonomy":"product_brand","embeddable":true,"href":"https:\/\/araratfinland.com\/en\/wp-json\/wp\/v2\/product_brand?post=42652"},{"taxonomy":"product_cat","embeddable":true,"href":"https:\/\/araratfinland.com\/en\/wp-json\/wp\/v2\/product_cat?post=42652"},{"taxonomy":"product_tag","embeddable":true,"href":"https:\/\/araratfinland.com\/en\/wp-json\/wp\/v2\/product_tag?post=42652"}],"curies":[{"name":"wp","href":"https:\/\/api.w.org\/{rel}","templated":true}]}}