{"id":42645,"date":"2024-06-02T02:15:36","date_gmt":"2024-06-01T23:15:36","guid":{"rendered":"https:\/\/araratfinland.com\/product\/manteli-natural-1-kg-2\/"},"modified":"2025-10-13T15:43:31","modified_gmt":"2025-10-13T12:43:31","slug":"manteli-natural-1-kg-2","status":"publish","type":"product","link":"https:\/\/araratfinland.com\/en\/product\/manteli-natural-1-kg-2\/","title":{"rendered":"Manteli natural 1 kg"},"content":{"rendered":"<p><span style=\"font-size: 18px;color: #000000\"><strong>Ainesosat:<\/strong> Mantelit.<\/span><br \/><span style=\"font-size: 18px;color: #000000\"><strong>S\u00e4ilytys:<\/strong> Kuivassa ja viile\u00e4ss\u00e4 paikassa.<\/span><\/p>\n","protected":false},"excerpt":{"rendered":"<p>Ainesosat: Mantelit.S\u00e4ilytys: Kuivassa ja viile\u00e4ss\u00e4 paikassa.<\/p>\n","protected":false},"featured_media":96509,"template":"","meta":{"om_disable_all_campaigns":false,"_monsterinsights_skip_tracking":false,"_monsterinsights_sitenote_active":false,"_monsterinsights_sitenote_note":"","_monsterinsights_sitenote_category":0},"location":[1422],"product_brand":[1423],"product_cat":[1479],"product_tag":[],"class_list":{"0":"post-42645","1":"product","2":"type-product","3":"status-publish","4":"has-post-thumbnail","6":"location-v","7":"product_brand-ararat-ari-food","8":"product_cat-phkintrusinat-en-kuiva-tuotteet-fi-2","9":"stock_type-pss-en","11":"first","12":"instock","13":"taxable","14":"shipping-taxable","15":"purchasable","16":"product-type-simple"},"aioseo_notices":[],"locations":[{"id":1422,"name":"v","slug":"v","quantity":"30"}],"_links":{"self":[{"href":"https:\/\/araratfinland.com\/en\/wp-json\/wp\/v2\/product\/42645","targetHints":{"allow":["GET"]}}],"collection":[{"href":"https:\/\/araratfinland.com\/en\/wp-json\/wp\/v2\/product"}],"about":[{"href":"https:\/\/araratfinland.com\/en\/wp-json\/wp\/v2\/types\/product"}],"version-history":[{"count":1,"href":"https:\/\/araratfinland.com\/en\/wp-json\/wp\/v2\/product\/42645\/revisions"}],"predecessor-version":[{"id":56446,"href":"https:\/\/araratfinland.com\/en\/wp-json\/wp\/v2\/product\/42645\/revisions\/56446"}],"wp:featuredmedia":[{"embeddable":true,"href":"https:\/\/araratfinland.com\/en\/wp-json\/wp\/v2\/media\/96509"}],"wp:attachment":[{"href":"https:\/\/araratfinland.com\/en\/wp-json\/wp\/v2\/media?parent=42645"}],"wp:term":[{"taxonomy":"location","embeddable":true,"href":"https:\/\/araratfinland.com\/en\/wp-json\/wp\/v2\/location?post=42645"},{"taxonomy":"product_brand","embeddable":true,"href":"https:\/\/araratfinland.com\/en\/wp-json\/wp\/v2\/product_brand?post=42645"},{"taxonomy":"product_cat","embeddable":true,"href":"https:\/\/araratfinland.com\/en\/wp-json\/wp\/v2\/product_cat?post=42645"},{"taxonomy":"product_tag","embeddable":true,"href":"https:\/\/araratfinland.com\/en\/wp-json\/wp\/v2\/product_tag?post=42645"}],"curies":[{"name":"wp","href":"https:\/\/api.w.org\/{rel}","templated":true}]}}